{"id":17,"date":"2017-11-22T11:54:29","date_gmt":"2017-11-22T11:54:29","guid":{"rendered":"https:\/\/www1.caminos.upm.es\/villarmir\/?page_id=17"},"modified":"2017-11-24T11:44:03","modified_gmt":"2017-11-24T11:44:03","slug":"juan-miguel-villar-mir","status":"publish","type":"page","link":"https:\/\/www1.caminos.upm.es\/villarmir\/la-catedra\/juan-miguel-villar-mir\/","title":{"rendered":"Juan Miguel Villar Mir"},"content":{"rendered":"\t\t<div data-elementor-type=\"wp-post\" data-elementor-id=\"17\" class=\"elementor elementor-17 elementor-bc-flex-widget\" data-elementor-settings=\"[]\">\n\t\t\t\t\t\t<div class=\"elementor-inner\">\n\t\t\t\t\t\t\t<div class=\"elementor-section-wrap\">\n\t\t\t\t\t\t\t<section class=\"elementor-section elementor-top-section elementor-element elementor-element-111fe724 elementor-section-boxed elementor-section-height-default elementor-section-height-default\" data-id=\"111fe724\" data-element_type=\"section\">\n\t\t\t\t\t\t<div class=\"elementor-container elementor-column-gap-default\">\n\t\t\t\t\t\t\t<div class=\"elementor-row\">\n\t\t\t\t\t<div class=\"elementor-column elementor-col-100 elementor-top-column elementor-element elementor-element-1260686d\" data-id=\"1260686d\" data-element_type=\"column\">\n\t\t\t<div class=\"elementor-column-wrap elementor-element-populated\">\n\t\t\t\t\t\t\t<div class=\"elementor-widget-wrap\">\n\t\t\t\t\t\t<div class=\"elementor-element elementor-element-c43e22e elementor-position-left elementor-vertical-align-middle elementor-invisible elementor-widget elementor-widget-image-box\" data-id=\"c43e22e\" data-element_type=\"widget\" data-settings=\"{&quot;_animation&quot;:&quot;zoomInDown&quot;}\" data-widget_type=\"image-box.default\">\n\t\t\t\t<div class=\"elementor-widget-container\">\n\t\t\t<div class=\"elementor-image-box-wrapper\"><figure class=\"elementor-image-box-img\"><img decoding=\"async\" width=\"600\" height=\"400\" src=\"https:\/\/www1.caminos.upm.es\/villarmir\/wp-content\/uploads\/2017\/11\/CatedraVillarMir4g-e1511434322838.jpg\" class=\"attachment-full size-full\" alt=\"\" loading=\"lazy\" \/><\/figure><div class=\"elementor-image-box-content\"><p class=\"elementor-image-box-description\">Juan Miguel Villar Mir naci\u00f3 el d\u00eda 30 de septiembre de 1931 en Madrid, ciudad donde curs\u00f3 el Bachillerato obteniendo el Premio Extraordinario en el Examen de Estado. Con tan s\u00f3lo 18 a\u00f1os de edad, ingres\u00f3 en la Escuela Especial de Ingenieros de Caminos, Canales y Puertos -siendo el n\u00famero uno de su promoci\u00f3n, es Doctor Ingeniero de Caminos, Canales y Puertos, y licenciado en Derecho por la Universidad Complutense, estudios \u00e9stos que compatibiliz\u00f3 con sus estudios en la Escuela de Ingenieros de Caminos. Es tambi\u00e9n diplomado en Organizaci\u00f3n Industrial y Diplomado del Economic Development Institute (Washington D.C.).<\/p><\/div><\/div>\t\t<\/div>\n\t\t\t\t<\/div>\n\t\t\t\t<div class=\"elementor-element elementor-element-55c135c4 elementor-widget elementor-widget-text-editor\" data-id=\"55c135c4\" data-element_type=\"widget\" data-widget_type=\"text-editor.default\">\n\t\t\t\t<div class=\"elementor-widget-container\">\n\t\t\t\t\t\t\t\t<div class=\"elementor-text-editor elementor-clearfix\">\n\t\t\t\t<p class=\"rtejustify\" style=\"text-align: justify;\">Ha sido catedr\u00e1tico de Contabilidad y Legislaci\u00f3n de la Escuela Universitaria de Obras P\u00fablicas\u00a0y\u00a0de Organizaci\u00f3n de Empresas\u00a0en la Escuela T\u00e9cnica Superior de Ingenieros de Caminos, Canales\u00a0y Puertos. Ha sido\u00a0director de varios cursos de postgrado, autor de\u00a0numerosas publicaciones relacionadas con la econom\u00eda y la organizaci\u00f3n de empresas y fundador y presidente del Master de Direcci\u00f3n de Empresas Constructoras.<\/p><p class=\"rtejustify\" style=\"text-align: justify;\">Ha sido presidente de Hidro-Nitro Espa\u00f1ola, S.A; Presidente de Cementos del Cinca, S. A.; Presidente de la empresa Nacional de Celulosas; Presidente de Altos Hornos de Vizcaya, S.A. y Presidnte de Altos Hornos del Mediterr\u00e1neo, S. A.<\/p><p class=\"rtejustify\" style=\"text-align: justify;\">En 1987 fund\u00f3 el Grupo Villar Mir, un conglomerado de empresas en el que se integran en la actualidad Ferroatl\u00e1ntica, Fertiberia, Obrasc\u00f3n Huarte La\u00edn (OHL) e\u00a0Inmobiliaria Espacio.<\/p><p class=\"rtejustify\" style=\"text-align: justify;\">Su trayectoria profesional no s\u00f3lo se circunscribe al \u00e1mbito acad\u00e9mico y empresarial. Juan Miguel Villar Mir fue Vicepresidente para Asuntos Econ\u00f3micos y Ministro de Hacienda en el primer Gobierno de la monarqu\u00eda espa\u00f1ola,\u00a0Acad\u00e9mico Correspondiente de la Real Acad\u00e9mica de Ciencias Econ\u00f3micas y Financieras y de la\u00a0Real Acad\u00e9mia de Ingenier\u00eda.\u00a0Posee diversos galardones como el Premio al Mejor Gestor Ib\u00e9rico, Hombre de Empresa, Hombre de Marketing y Premio de Econom\u00eda, y distinciones tan importantes como la Gran Cruz del M\u00e9rito Civil; Gran Cruz del M\u00e9rito Militar; Gran Cruz de la Real y Muy Distinguida Orden de Carlos III; Gran Cruz de la Orden del 2 de mayo de la Comunidad de Madrid; Medalla de Oro de Santa B\u00e1rbara; Medalla de Honor de la Emigraci\u00f3n, Insignia de caballero de la Legi\u00f3n de Honor\u00a0francesa\u00a0y el titulo de marqu\u00e9s de Villar Mir\u00a0concedido por el rey D. Juan Carlos I el 3 de febrero de 2011.<\/p>\t\t\t\t\t<\/div>\n\t\t\t\t\t\t<\/div>\n\t\t\t\t<\/div>\n\t\t\t\t\t\t<\/div>\n\t\t\t\t\t<\/div>\n\t\t<\/div>\n\t\t\t\t\t\t\t\t<\/div>\n\t\t\t\t\t<\/div>\n\t\t<\/section>\n\t\t\t\t\t\t<\/div>\n\t\t\t\t\t\t<\/div>\n\t\t\t\t\t<\/div>\n\t\t","protected":false},"excerpt":{"rendered":"<p>Juan Miguel Villar Mir naci\u00f3 el d\u00eda 30 de septiembre de 1931 en Madrid, ciudad [&hellip;]<\/p>\n","protected":false},"author":1,"featured_media":69,"parent":10,"menu_order":3,"comment_status":"closed","ping_status":"closed","template":"","meta":[],"_links":{"self":[{"href":"https:\/\/www1.caminos.upm.es\/villarmir\/wp-json\/wp\/v2\/pages\/17"}],"collection":[{"href":"https:\/\/www1.caminos.upm.es\/villarmir\/wp-json\/wp\/v2\/pages"}],"about":[{"href":"https:\/\/www1.caminos.upm.es\/villarmir\/wp-json\/wp\/v2\/types\/page"}],"author":[{"embeddable":true,"href":"https:\/\/www1.caminos.upm.es\/villarmir\/wp-json\/wp\/v2\/users\/1"}],"replies":[{"embeddable":true,"href":"https:\/\/www1.caminos.upm.es\/villarmir\/wp-json\/wp\/v2\/comments?post=17"}],"version-history":[{"count":15,"href":"https:\/\/www1.caminos.upm.es\/villarmir\/wp-json\/wp\/v2\/pages\/17\/revisions"}],"predecessor-version":[{"id":144,"href":"https:\/\/www1.caminos.upm.es\/villarmir\/wp-json\/wp\/v2\/pages\/17\/revisions\/144"}],"up":[{"embeddable":true,"href":"https:\/\/www1.caminos.upm.es\/villarmir\/wp-json\/wp\/v2\/pages\/10"}],"wp:featuredmedia":[{"embeddable":true,"href":"https:\/\/www1.caminos.upm.es\/villarmir\/wp-json\/wp\/v2\/media\/69"}],"wp:attachment":[{"href":"https:\/\/www1.caminos.upm.es\/villarmir\/wp-json\/wp\/v2\/media?parent=17"}],"curies":[{"name":"wp","href":"https:\/\/api.w.org\/{rel}","templated":true}]}}