{"id":155,"date":"2017-11-29T08:12:44","date_gmt":"2017-11-29T08:12:44","guid":{"rendered":"https:\/\/www1.caminos.upm.es\/villarmir\/?page_id=155"},"modified":"2018-11-22T09:33:04","modified_gmt":"2018-11-22T08:33:04","slug":"ficha","status":"publish","type":"page","link":"https:\/\/www1.caminos.upm.es\/villarmir\/areas-de-actuacion\/becas\/ficha\/","title":{"rendered":"Convocatoria 2018"},"content":{"rendered":"\t\t<div data-elementor-type=\"wp-post\" data-elementor-id=\"155\" class=\"elementor elementor-155 elementor-bc-flex-widget\" data-elementor-settings=\"[]\">\n\t\t\t\t\t\t<div class=\"elementor-inner\">\n\t\t\t\t\t\t\t<div class=\"elementor-section-wrap\">\n\t\t\t\t\t\t\t<section class=\"elementor-section elementor-top-section elementor-element elementor-element-602e991 elementor-section-boxed elementor-section-height-default elementor-section-height-default\" data-id=\"602e991\" data-element_type=\"section\">\n\t\t\t\t\t\t<div class=\"elementor-container elementor-column-gap-default\">\n\t\t\t\t\t\t\t<div class=\"elementor-row\">\n\t\t\t\t\t<div class=\"elementor-column elementor-col-100 elementor-top-column elementor-element elementor-element-46aa04b\" data-id=\"46aa04b\" data-element_type=\"column\">\n\t\t\t<div class=\"elementor-column-wrap elementor-element-populated\">\n\t\t\t\t\t\t\t<div class=\"elementor-widget-wrap\">\n\t\t\t\t\t\t<div class=\"elementor-element elementor-element-cb2bb99 elementor-widget elementor-widget-heading\" data-id=\"cb2bb99\" data-element_type=\"widget\" data-widget_type=\"heading.default\">\n\t\t\t\t<div class=\"elementor-widget-container\">\n\t\t\t<h2 class=\"elementor-heading-title elementor-size-default\">Beca de excelencia Juan Miguel Villar Mir de Organizaci\u00f3n y Direcci\u00f3n de Empresa<\/h2>\t\t<\/div>\n\t\t\t\t<\/div>\n\t\t\t\t\t\t<\/div>\n\t\t\t\t\t<\/div>\n\t\t<\/div>\n\t\t\t\t\t\t\t\t<\/div>\n\t\t\t\t\t<\/div>\n\t\t<\/section>\n\t\t\t\t<section class=\"elementor-section elementor-top-section elementor-element elementor-element-1f6d8d1 elementor-section-boxed elementor-section-height-default elementor-section-height-default\" data-id=\"1f6d8d1\" data-element_type=\"section\">\n\t\t\t\t\t\t<div class=\"elementor-container elementor-column-gap-default\">\n\t\t\t\t\t\t\t<div class=\"elementor-row\">\n\t\t\t\t\t<div class=\"elementor-column elementor-col-33 elementor-top-column elementor-element elementor-element-07859f9\" data-id=\"07859f9\" data-element_type=\"column\">\n\t\t\t<div class=\"elementor-column-wrap\">\n\t\t\t\t\t\t\t<div class=\"elementor-widget-wrap\">\n\t\t\t\t\t\t\t\t<\/div>\n\t\t\t\t\t<\/div>\n\t\t<\/div>\n\t\t\t\t<div class=\"elementor-column elementor-col-33 elementor-top-column elementor-element elementor-element-ccb3ebd\" data-id=\"ccb3ebd\" data-element_type=\"column\">\n\t\t\t<div class=\"elementor-column-wrap elementor-element-populated\">\n\t\t\t\t\t\t\t<div class=\"elementor-widget-wrap\">\n\t\t\t\t\t\t<div class=\"elementor-element elementor-element-c720489 elementor-button-danger elementor-widget elementor-widget-button\" data-id=\"c720489\" data-element_type=\"widget\" data-widget_type=\"button.default\">\n\t\t\t\t<div class=\"elementor-widget-container\">\n\t\t\t\t\t<div class=\"elementor-button-wrapper\">\n\t\t\t<a href=\"\/villarmir\/docs\/ConvBecaFVillarMir2018.pdf\" target=\"_blank\" class=\"elementor-button-link elementor-button elementor-size-sm\" role=\"button\">\n\t\t\t\t\t\t<span class=\"elementor-button-content-wrapper\">\n\t\t\t\t\t\t<span class=\"elementor-button-icon elementor-align-icon-left\">\n\t\t\t\t\t\t\t\t\t<i class=\"fa fa-file-pdf-o\" aria-hidden=\"true\"><\/i>\n\t\t\t\t\t\t\t<\/span>\n\t\t\t\t\t\t<span class=\"elementor-button-text\">Descargar en PDF <\/span>\n\t\t<\/span>\n\t\t\t\t\t<\/a>\n\t\t<\/div>\n\t\t\t\t<\/div>\n\t\t\t\t<\/div>\n\t\t\t\t\t\t<\/div>\n\t\t\t\t\t<\/div>\n\t\t<\/div>\n\t\t\t\t<div class=\"elementor-column elementor-col-33 elementor-top-column elementor-element elementor-element-71184e8\" data-id=\"71184e8\" data-element_type=\"column\">\n\t\t\t<div class=\"elementor-column-wrap\">\n\t\t\t\t\t\t\t<div class=\"elementor-widget-wrap\">\n\t\t\t\t\t\t\t\t<\/div>\n\t\t\t\t\t<\/div>\n\t\t<\/div>\n\t\t\t\t\t\t\t\t<\/div>\n\t\t\t\t\t<\/div>\n\t\t<\/section>\n\t\t\t\t<section class=\"elementor-section elementor-top-section elementor-element elementor-element-db1009e elementor-section-boxed elementor-section-height-default elementor-section-height-default\" data-id=\"db1009e\" data-element_type=\"section\">\n\t\t\t\t\t\t<div class=\"elementor-container elementor-column-gap-default\">\n\t\t\t\t\t\t\t<div class=\"elementor-row\">\n\t\t\t\t\t<div class=\"elementor-column elementor-col-100 elementor-top-column elementor-element elementor-element-cb2b3ba\" data-id=\"cb2b3ba\" data-element_type=\"column\">\n\t\t\t<div class=\"elementor-column-wrap elementor-element-populated\">\n\t\t\t\t\t\t\t<div class=\"elementor-widget-wrap\">\n\t\t\t\t\t\t<div class=\"elementor-element elementor-element-f594d8d elementor-widget elementor-widget-accordion\" data-id=\"f594d8d\" data-element_type=\"widget\" data-widget_type=\"accordion.default\">\n\t\t\t\t<div class=\"elementor-widget-container\">\n\t\t\t\t\t<div class=\"elementor-accordion\" role=\"tablist\">\n\t\t\t\t\t\t\t<div class=\"elementor-accordion-item\">\n\t\t\t\t\t<div id=\"elementor-tab-title-2571\" class=\"elementor-tab-title\" data-tab=\"1\" role=\"tab\" aria-controls=\"elementor-tab-content-2571\" aria-expanded=\"false\">\n\t\t\t\t\t\t\t\t\t\t\t\t\t<span class=\"elementor-accordion-icon elementor-accordion-icon-right\" aria-hidden=\"true\">\n\t\t\t\t\t\t\t\t\t\t\t\t\t\t\t<i class=\"elementor-accordion-icon-closed fa fa-plus\"><\/i>\n\t\t\t\t\t\t\t\t<i class=\"elementor-accordion-icon-opened fa fa-minus\"><\/i>\n\t\t\t\t\t\t\t\t\t\t\t\t\t\t<\/span>\n\t\t\t\t\t\t\t\t\t\t\t\t<a class=\"elementor-accordion-title\" href=\"\">1.- OBJETO<\/a>\n\t\t\t\t\t<\/div>\n\t\t\t\t\t<div id=\"elementor-tab-content-2571\" class=\"elementor-tab-content elementor-clearfix\" data-tab=\"1\" role=\"tabpanel\" aria-labelledby=\"elementor-tab-title-2571\"><p style=\"text-align: justify;\">La C\u00e1tedra Universidad-Empresa Juan Miguel Villar Mir de Organizaci\u00f3n y Direcci\u00f3n de Empresa de la Universidad Polit\u00e9cnica de Madrid y la Fundaci\u00f3n Juan Miguel Villar Mir abren el per\u00edodo de presentaci\u00f3n de solicitudes para la concesi\u00f3n de una beca a un Ingeniero de Caminos, Canales y Puertos espa\u00f1ol, destinada a cursar un Master on Business Administration (MBA) en alguna de las Universidades o Centros de Postgrado m\u00e1s prestigiosos de los Estados Unidos de Am\u00e9rica.<\/p><\/div>\n\t\t\t\t<\/div>\n\t\t\t\t\t\t\t<div class=\"elementor-accordion-item\">\n\t\t\t\t\t<div id=\"elementor-tab-title-2572\" class=\"elementor-tab-title\" data-tab=\"2\" role=\"tab\" aria-controls=\"elementor-tab-content-2572\" aria-expanded=\"false\">\n\t\t\t\t\t\t\t\t\t\t\t\t\t<span class=\"elementor-accordion-icon elementor-accordion-icon-right\" aria-hidden=\"true\">\n\t\t\t\t\t\t\t\t\t\t\t\t\t\t\t<i class=\"elementor-accordion-icon-closed fa fa-plus\"><\/i>\n\t\t\t\t\t\t\t\t<i class=\"elementor-accordion-icon-opened fa fa-minus\"><\/i>\n\t\t\t\t\t\t\t\t\t\t\t\t\t\t<\/span>\n\t\t\t\t\t\t\t\t\t\t\t\t<a class=\"elementor-accordion-title\" href=\"\">2.- REQUISITOS DE LOS CANDIDATOS<\/a>\n\t\t\t\t\t<\/div>\n\t\t\t\t\t<div id=\"elementor-tab-content-2572\" class=\"elementor-tab-content elementor-clearfix\" data-tab=\"2\" role=\"tabpanel\" aria-labelledby=\"elementor-tab-title-2572\"><p>Los candidatos deber\u00e1n tener la nacionalidad espa\u00f1ola y haber obtenido el t\u00edtulo de Ingeniero de Caminos, Canales y Puertos en una Universidad espa\u00f1ola, dentro de los cinco a\u00f1os naturales anteriores a la fecha de publicaci\u00f3n de esta convocatoria.<\/p><p>Asimismo, quienes est\u00e9n en el \u00faltimo a\u00f1o de la titulaci\u00f3n en la fecha de publicaci\u00f3n de esta convocatoria, podr\u00e1n tambi\u00e9n solicitar la Beca pero antes de iniciar su disfrute tendr\u00e1n que haber obtenido el mencionado t\u00edtulo.<\/p><p>Los solicitantes tendr\u00e1n que contar con la aceptaci\u00f3n de los Centros extranjeros donde pretendan estudiar, y tener superados los ex\u00e1menes o requisitos que requieran para poder matricularse. En todo caso, habr\u00e1 de acreditarse el dominio del idioma ingl\u00e9s.<\/p><\/div>\n\t\t\t\t<\/div>\n\t\t\t\t\t\t\t<div class=\"elementor-accordion-item\">\n\t\t\t\t\t<div id=\"elementor-tab-title-2573\" class=\"elementor-tab-title\" data-tab=\"3\" role=\"tab\" aria-controls=\"elementor-tab-content-2573\" aria-expanded=\"false\">\n\t\t\t\t\t\t\t\t\t\t\t\t\t<span class=\"elementor-accordion-icon elementor-accordion-icon-right\" aria-hidden=\"true\">\n\t\t\t\t\t\t\t\t\t\t\t\t\t\t\t<i class=\"elementor-accordion-icon-closed fa fa-plus\"><\/i>\n\t\t\t\t\t\t\t\t<i class=\"elementor-accordion-icon-opened fa fa-minus\"><\/i>\n\t\t\t\t\t\t\t\t\t\t\t\t\t\t<\/span>\n\t\t\t\t\t\t\t\t\t\t\t\t<a class=\"elementor-accordion-title\" href=\"\">3.- DURACION DE LAS BECAS<\/a>\n\t\t\t\t\t<\/div>\n\t\t\t\t\t<div id=\"elementor-tab-content-2573\" class=\"elementor-tab-content elementor-clearfix\" data-tab=\"3\" role=\"tabpanel\" aria-labelledby=\"elementor-tab-title-2573\"><p style=\"text-align: justify;\">Las Becas se conceder\u00e1n por <strong>dos cursos escolares completos<\/strong>. Excepcionalmente podr\u00e1n ser prorrogadas efectuando nueva solicitud, con la presentaci\u00f3n de una Memoria detallada de la actividad y m\u00e9ritos acreditados durante la estancia en el extranjero y una explicaci\u00f3n detallada del prop\u00f3sito y motivaciones para la extensi\u00f3n de la Beca.<\/p><\/div>\n\t\t\t\t<\/div>\n\t\t\t\t\t\t\t<div class=\"elementor-accordion-item\">\n\t\t\t\t\t<div id=\"elementor-tab-title-2574\" class=\"elementor-tab-title\" data-tab=\"4\" role=\"tab\" aria-controls=\"elementor-tab-content-2574\" aria-expanded=\"false\">\n\t\t\t\t\t\t\t\t\t\t\t\t\t<span class=\"elementor-accordion-icon elementor-accordion-icon-right\" aria-hidden=\"true\">\n\t\t\t\t\t\t\t\t\t\t\t\t\t\t\t<i class=\"elementor-accordion-icon-closed fa fa-plus\"><\/i>\n\t\t\t\t\t\t\t\t<i class=\"elementor-accordion-icon-opened fa fa-minus\"><\/i>\n\t\t\t\t\t\t\t\t\t\t\t\t\t\t<\/span>\n\t\t\t\t\t\t\t\t\t\t\t\t<a class=\"elementor-accordion-title\" href=\"\">4.- DOTACI\u00d3N DE LAS BECAS<\/a>\n\t\t\t\t\t<\/div>\n\t\t\t\t\t<div id=\"elementor-tab-content-2574\" class=\"elementor-tab-content elementor-clearfix\" data-tab=\"4\" role=\"tabpanel\" aria-labelledby=\"elementor-tab-title-2574\"><p style=\"text-align: justify;\">La dotaci\u00f3n de las Becas comprende:<\/p><p style=\"text-align: justify;\"><strong>a)<\/strong> Una dotaci\u00f3n total de <strong>24.000 \u20ac<\/strong> (veinticuatro mil euros) por cada uno de los dos cursos escolares, esto es, un total de <strong>48.000 \u20ac, que se abonar\u00e1 en 8 (ocho) pagos trimestrales iguales de 6.000 \u20ac cada uno.<\/strong> Este importe est\u00e1 destinado a cubrir las necesidades de alojamiento, manutenci\u00f3n y viajes de los becados.<\/p><p style=\"text-align: justify;\"><strong>b)<\/strong> El importe \u00edntegro de la Matr\u00edcula del MBA en la Universidad o Centro de Postgrado seleccionado incluyendo, si as\u00ed lo exige la Universidad o Centro de Postgrado, el seguro m\u00e9dico y de accidentes para el becario.<\/p><\/div>\n\t\t\t\t<\/div>\n\t\t\t\t\t\t\t<div class=\"elementor-accordion-item\">\n\t\t\t\t\t<div id=\"elementor-tab-title-2575\" class=\"elementor-tab-title\" data-tab=\"5\" role=\"tab\" aria-controls=\"elementor-tab-content-2575\" aria-expanded=\"false\">\n\t\t\t\t\t\t\t\t\t\t\t\t\t<span class=\"elementor-accordion-icon elementor-accordion-icon-right\" aria-hidden=\"true\">\n\t\t\t\t\t\t\t\t\t\t\t\t\t\t\t<i class=\"elementor-accordion-icon-closed fa fa-plus\"><\/i>\n\t\t\t\t\t\t\t\t<i class=\"elementor-accordion-icon-opened fa fa-minus\"><\/i>\n\t\t\t\t\t\t\t\t\t\t\t\t\t\t<\/span>\n\t\t\t\t\t\t\t\t\t\t\t\t<a class=\"elementor-accordion-title\" href=\"\">5.- NATURALEZA DE LAS BECAS<\/a>\n\t\t\t\t\t<\/div>\n\t\t\t\t\t<div id=\"elementor-tab-content-2575\" class=\"elementor-tab-content elementor-clearfix\" data-tab=\"5\" role=\"tabpanel\" aria-labelledby=\"elementor-tab-title-2575\"><ol><li style=\"list-style-type: none;\"><ol><li style=\"text-align: justify;\">Las Becas se conceden para cursar estudios en el extranjero, por lo que son incompatibles con cualquier otra Beca, ingreso o ayuda econ\u00f3mica o actividad laboral del becado durante cada uno de los cursos escolares a los que se refiere la Beca.<\/li><li style=\"text-align: justify;\">Si se produjera alguna de las circunstancias anteriores, el beneficiario estar\u00e1 obligado a comunicarlo inmediatamente a la Fundaci\u00f3n, que podr\u00e1 adoptar la decisi\u00f3n que considere oportuna, incluyendo el reembolso de las cantidades percibidas por la Beca.<\/li><li style=\"text-align: justify;\">Las Becas se conceden para cursar estudios en el extranjero, por lo que no est\u00e1n comprendidas en el \u00e1mbito de aplicaci\u00f3n del Real Decreto 63\/2006, de 27 de enero de 2006 (BOE 3 febrero 2006), por el que se aprueba el Estatuto del Personal Investigador en Formaci\u00f3n. Los solicitantes habr\u00e1n de consignar en su solicitud expresamente la aceptaci\u00f3n de esta condici\u00f3n.<\/li><\/ol><\/li><\/ol><\/div>\n\t\t\t\t<\/div>\n\t\t\t\t\t\t\t<div class=\"elementor-accordion-item\">\n\t\t\t\t\t<div id=\"elementor-tab-title-2576\" class=\"elementor-tab-title\" data-tab=\"6\" role=\"tab\" aria-controls=\"elementor-tab-content-2576\" aria-expanded=\"false\">\n\t\t\t\t\t\t\t\t\t\t\t\t\t<span class=\"elementor-accordion-icon elementor-accordion-icon-right\" aria-hidden=\"true\">\n\t\t\t\t\t\t\t\t\t\t\t\t\t\t\t<i class=\"elementor-accordion-icon-closed fa fa-plus\"><\/i>\n\t\t\t\t\t\t\t\t<i class=\"elementor-accordion-icon-opened fa fa-minus\"><\/i>\n\t\t\t\t\t\t\t\t\t\t\t\t\t\t<\/span>\n\t\t\t\t\t\t\t\t\t\t\t\t<a class=\"elementor-accordion-title\" href=\"\">6.- DOCUMENTACION A PRESENTAR<\/a>\n\t\t\t\t\t<\/div>\n\t\t\t\t\t<div id=\"elementor-tab-content-2576\" class=\"elementor-tab-content elementor-clearfix\" data-tab=\"6\" role=\"tabpanel\" aria-labelledby=\"elementor-tab-title-2576\"><ol><li style=\"text-align: justify;\">Solicitud dirigida a la C\u00e1tedra Fundaci\u00f3n Juan Miguel Villar Mir (Escuela de Ingenieros de Caminos, C. y P. \u2013 Profesor Aranguren, s\/n &#8211; 28040 Madrid).<\/li><li style=\"text-align: justify;\">Fotocopia del Documento Nacional de Identidad<\/li><li style=\"text-align: justify;\">Certificaci\u00f3n acad\u00e9mica de las calificaciones obtenidas en los estudios. Los adjudicatarios de las Becas habr\u00e1n de aportar el Certificado oficial para su nombramiento.<\/li><li style=\"text-align: justify;\">Curriculum vitae en un m\u00e1ximo de tres folios.<\/li><li style=\"text-align: justify;\">Un escrito en un m\u00e1ximo de cinco folios donde se describa los estudios que piensa cursar y sus motivaciones, as\u00ed como las razones para la elecci\u00f3n del Centro o Centros seleccionados.<\/li><li style=\"text-align: justify;\">Dos cartas de presentaci\u00f3n de Profesores o profesionales del sector con quienes hayan mantenido relaciones acad\u00e9micas o profesionales. Dichas cartas tendr\u00e1n que ser remitidas directamente a la C\u00e1tedra, con menci\u00f3n en el sobre: \u00abPara las Becas de Excelencia\u00bb<\/li><li style=\"text-align: justify;\">Documentos de aceptaci\u00f3n o compromiso de aceptaci\u00f3n del Centro extranjero donde se pretenda estudiar.<\/li><li style=\"text-align: justify;\">Acreditaci\u00f3n del conocimiento del idioma ingl\u00e9s.<\/li><li style=\"text-align: justify;\">Aceptaci\u00f3n expresa de todas las Normas de la presente convocatoria.<\/li><\/ol><\/div>\n\t\t\t\t<\/div>\n\t\t\t\t\t\t\t<div class=\"elementor-accordion-item\">\n\t\t\t\t\t<div id=\"elementor-tab-title-2577\" class=\"elementor-tab-title\" data-tab=\"7\" role=\"tab\" aria-controls=\"elementor-tab-content-2577\" aria-expanded=\"false\">\n\t\t\t\t\t\t\t\t\t\t\t\t\t<span class=\"elementor-accordion-icon elementor-accordion-icon-right\" aria-hidden=\"true\">\n\t\t\t\t\t\t\t\t\t\t\t\t\t\t\t<i class=\"elementor-accordion-icon-closed fa fa-plus\"><\/i>\n\t\t\t\t\t\t\t\t<i class=\"elementor-accordion-icon-opened fa fa-minus\"><\/i>\n\t\t\t\t\t\t\t\t\t\t\t\t\t\t<\/span>\n\t\t\t\t\t\t\t\t\t\t\t\t<a class=\"elementor-accordion-title\" href=\"\">7.- PRESENTACION DE SOLICITUDES<\/a>\n\t\t\t\t\t<\/div>\n\t\t\t\t\t<div id=\"elementor-tab-content-2577\" class=\"elementor-tab-content elementor-clearfix\" data-tab=\"7\" role=\"tabpanel\" aria-labelledby=\"elementor-tab-title-2577\"><p>El plazo de presentaci\u00f3n de solicitudes finalizar\u00e1 el d\u00eda <em><strong>18 de mayo de 2018.<\/strong><\/em><br \/> Las solicitudes con la documentaci\u00f3n requerida se enviar\u00e1n por Correo certificado o por Mensajer\u00eda a:<\/p><p>C\u00e1tedra Fundaci\u00f3n Juan Miguel Villar Mir <br \/> Escuela de Ingenieros de Caminos, C. y P.<br \/> Profesor Aranguren, s\/n <br \/> 28040 Madrid.<\/p><\/div>\n\t\t\t\t<\/div>\n\t\t\t\t\t\t\t<div class=\"elementor-accordion-item\">\n\t\t\t\t\t<div id=\"elementor-tab-title-2578\" class=\"elementor-tab-title\" data-tab=\"8\" role=\"tab\" aria-controls=\"elementor-tab-content-2578\" aria-expanded=\"false\">\n\t\t\t\t\t\t\t\t\t\t\t\t\t<span class=\"elementor-accordion-icon elementor-accordion-icon-right\" aria-hidden=\"true\">\n\t\t\t\t\t\t\t\t\t\t\t\t\t\t\t<i class=\"elementor-accordion-icon-closed fa fa-plus\"><\/i>\n\t\t\t\t\t\t\t\t<i class=\"elementor-accordion-icon-opened fa fa-minus\"><\/i>\n\t\t\t\t\t\t\t\t\t\t\t\t\t\t<\/span>\n\t\t\t\t\t\t\t\t\t\t\t\t<a class=\"elementor-accordion-title\" href=\"\">8.- SELECCI\u00d3N DE CANDIDATOS<\/a>\n\t\t\t\t\t<\/div>\n\t\t\t\t\t<div id=\"elementor-tab-content-2578\" class=\"elementor-tab-content elementor-clearfix\" data-tab=\"8\" role=\"tabpanel\" aria-labelledby=\"elementor-tab-title-2578\"><ol><li style=\"text-align: justify;\">La C\u00e1tedra Juan-Miguel Villar Mir designar\u00e1 el Comit\u00e9 de Selecci\u00f3n de los Becarios, que se har\u00e1 p\u00fablico al finalizar el proceso. El Comit\u00e9 ser\u00e1 presidido por el Presidente de la Fundaci\u00f3n Juan-Miguel Villar Mir y actuar\u00e1 de Secretario el Director de la C\u00e1tedra.<\/li><li style=\"text-align: justify;\">Los candidatos a los que convoque el Comit\u00e9 de Selecci\u00f3n deber\u00e1n asistir a una entrevista personal.<\/li><li style=\"text-align: justify;\">El Comit\u00e9 de Selecci\u00f3n podr\u00e1 adoptar todas las decisiones que considere para la buena marcha del proceso de selecci\u00f3n de candidatos, incluida el dejar la convocatoria desierta.<\/li><li style=\"text-align: justify;\">La C\u00e1tedra Juan-Miguel Villar Mir har\u00e1 p\u00fablico y notificar\u00e1 a los solicitantes el resultado de la selecci\u00f3n. Los solicitantes que no obtengan Beca, podr\u00e1n solicitar la devoluci\u00f3n de los documentos presentados, que de lo contrario, ser\u00e1n destruidos a los tres meses de la notificaci\u00f3n del resultado del proceso de selecci\u00f3n.<\/li><\/ol><\/div>\n\t\t\t\t<\/div>\n\t\t\t\t\t\t\t<div class=\"elementor-accordion-item\">\n\t\t\t\t\t<div id=\"elementor-tab-title-2579\" class=\"elementor-tab-title\" data-tab=\"9\" role=\"tab\" aria-controls=\"elementor-tab-content-2579\" aria-expanded=\"false\">\n\t\t\t\t\t\t\t\t\t\t\t\t\t<span class=\"elementor-accordion-icon elementor-accordion-icon-right\" aria-hidden=\"true\">\n\t\t\t\t\t\t\t\t\t\t\t\t\t\t\t<i class=\"elementor-accordion-icon-closed fa fa-plus\"><\/i>\n\t\t\t\t\t\t\t\t<i class=\"elementor-accordion-icon-opened fa fa-minus\"><\/i>\n\t\t\t\t\t\t\t\t\t\t\t\t\t\t<\/span>\n\t\t\t\t\t\t\t\t\t\t\t\t<a class=\"elementor-accordion-title\" href=\"\">9.- OBLIGACIONES DE LOS CANDIDATOS<\/a>\n\t\t\t\t\t<\/div>\n\t\t\t\t\t<div id=\"elementor-tab-content-2579\" class=\"elementor-tab-content elementor-clearfix\" data-tab=\"9\" role=\"tabpanel\" aria-labelledby=\"elementor-tab-title-2579\"><ol><li>Aceptar la Beca concedida en un plazo m\u00e1ximo de quince d\u00edas desde su notificaci\u00f3n.<\/li><li>Tener dedicaci\u00f3n exclusiva a los estudios para los que se solicit\u00f3 la Beca, acreditando diligencia y aprovechamiento durante su estancia en el extranjero.<\/li><li>Hacer constar en cualquier publicaci\u00f3n resultante de los estudios realizados, que ha disfrutado de la Beca de la Fundaci\u00f3n.<\/li><li>Enviar durante la estancia en el extranjero, un informe semestral de las actividades y aprovechamiento en sus estudios, incluyendo los certificados de las calificaciones acad\u00e9micas obtenidas.<\/li><li>Devolver las cantidades recibidas, en el caso de incumplimiento de cualquiera de estas obligaciones; por renuncia a la Beca antes de su finalizaci\u00f3n, o por percibir cantidades econ\u00f3micas consideradas incompatibles por la C\u00e1tedra Juan-Miguel Villar Mir.<\/li><\/ol><\/div>\n\t\t\t\t<\/div>\n\t\t\t\t\t\t\t\t<\/div>\n\t\t\t\t<\/div>\n\t\t\t\t<\/div>\n\t\t\t\t\t\t<\/div>\n\t\t\t\t\t<\/div>\n\t\t<\/div>\n\t\t\t\t\t\t\t\t<\/div>\n\t\t\t\t\t<\/div>\n\t\t<\/section>\n\t\t\t\t\t\t<\/div>\n\t\t\t\t\t\t<\/div>\n\t\t\t\t\t<\/div>\n\t\t","protected":false},"excerpt":{"rendered":"<p>Beca de excelencia Juan Miguel Villar Mir de Organizaci\u00f3n y Direcci\u00f3n de Empresa Descargar en [&hellip;]<\/p>\n","protected":false},"author":2,"featured_media":0,"parent":103,"menu_order":0,"comment_status":"closed","ping_status":"closed","template":"","meta":[],"_links":{"self":[{"href":"https:\/\/www1.caminos.upm.es\/villarmir\/wp-json\/wp\/v2\/pages\/155"}],"collection":[{"href":"https:\/\/www1.caminos.upm.es\/villarmir\/wp-json\/wp\/v2\/pages"}],"about":[{"href":"https:\/\/www1.caminos.upm.es\/villarmir\/wp-json\/wp\/v2\/types\/page"}],"author":[{"embeddable":true,"href":"https:\/\/www1.caminos.upm.es\/villarmir\/wp-json\/wp\/v2\/users\/2"}],"replies":[{"embeddable":true,"href":"https:\/\/www1.caminos.upm.es\/villarmir\/wp-json\/wp\/v2\/comments?post=155"}],"version-history":[{"count":35,"href":"https:\/\/www1.caminos.upm.es\/villarmir\/wp-json\/wp\/v2\/pages\/155\/revisions"}],"predecessor-version":[{"id":264,"href":"https:\/\/www1.caminos.upm.es\/villarmir\/wp-json\/wp\/v2\/pages\/155\/revisions\/264"}],"up":[{"embeddable":true,"href":"https:\/\/www1.caminos.upm.es\/villarmir\/wp-json\/wp\/v2\/pages\/103"}],"wp:attachment":[{"href":"https:\/\/www1.caminos.upm.es\/villarmir\/wp-json\/wp\/v2\/media?parent=155"}],"curies":[{"name":"wp","href":"https:\/\/api.w.org\/{rel}","templated":true}]}}