{"id":10,"date":"2017-11-22T11:50:55","date_gmt":"2017-11-22T11:50:55","guid":{"rendered":"https:\/\/www1.caminos.upm.es\/villarmir\/?page_id=10"},"modified":"2017-11-24T11:41:37","modified_gmt":"2017-11-24T11:41:37","slug":"la-catedra","status":"publish","type":"page","link":"https:\/\/www1.caminos.upm.es\/villarmir\/la-catedra\/","title":{"rendered":"La C\u00e1tedra"},"content":{"rendered":"\t\t<div data-elementor-type=\"wp-post\" data-elementor-id=\"10\" class=\"elementor elementor-10 elementor-bc-flex-widget\" data-elementor-settings=\"[]\">\n\t\t\t\t\t\t<div class=\"elementor-inner\">\n\t\t\t\t\t\t\t<div class=\"elementor-section-wrap\">\n\t\t\t\t\t\t\t<section class=\"elementor-section elementor-top-section elementor-element elementor-element-2837d00f elementor-section-boxed elementor-section-height-default elementor-section-height-default\" data-id=\"2837d00f\" data-element_type=\"section\">\n\t\t\t\t\t\t<div class=\"elementor-container elementor-column-gap-default\">\n\t\t\t\t\t\t\t<div class=\"elementor-row\">\n\t\t\t\t\t<div class=\"elementor-column elementor-col-100 elementor-top-column elementor-element elementor-element-5e5bec8e\" data-id=\"5e5bec8e\" data-element_type=\"column\">\n\t\t\t<div class=\"elementor-column-wrap elementor-element-populated\">\n\t\t\t\t\t\t\t<div class=\"elementor-widget-wrap\">\n\t\t\t\t\t\t<div class=\"elementor-element elementor-element-6863e09 elementor-position-right elementor-vertical-align-top elementor-widget elementor-widget-image-box\" data-id=\"6863e09\" data-element_type=\"widget\" data-widget_type=\"image-box.default\">\n\t\t\t\t<div class=\"elementor-widget-container\">\n\t\t\t<div class=\"elementor-image-box-wrapper\"><figure class=\"elementor-image-box-img\"><img decoding=\"async\" width=\"800\" height=\"533\" src=\"https:\/\/www1.caminos.upm.es\/villarmir\/wp-content\/uploads\/2017\/11\/CatedraVillarMir1g.jpg\" class=\"attachment-full size-full\" alt=\"\" loading=\"lazy\" \/><\/figure><div class=\"elementor-image-box-content\"><p class=\"elementor-image-box-description\"><p>El antiguo Rector de la Universidad Polit\u00e9cnica de Madrid (UPM), Javier Uceda Antol\u00edn, y Juan-Miguel Villar Mir, presidente de la Fundaci\u00f3n Juan-Miguel Villar Mir, firmaron el 31 de marzo de 2011 el convenio de colaboraci\u00f3n entre ambas instituciones para la creaci\u00f3n de la C\u00e1tedra Universidad-Empresa denominada \u201cC\u00e1tedra Juan-Miguel Villar Mir en Organizaci\u00f3n y Direcci\u00f3n de Empresas\u201d. <\/p>\nLa presidenta de la Comunidad de Madrid, Esperanza Aguirre, asisti\u00f3 al acto, as\u00ed como el director de la Escuela T\u00e9cnica Superior de Ingenieros de Caminos, Canales y Puertos, Juan Antonio Santamera S\u00e1nchez, junto a otras personalidades del mundo acad\u00e9mico y empresarial.<\/p><\/div><\/div>\t\t<\/div>\n\t\t\t\t<\/div>\n\t\t\t\t<div class=\"elementor-element elementor-element-dbd93c elementor-widget elementor-widget-text-editor\" data-id=\"dbd93c\" data-element_type=\"widget\" data-widget_type=\"text-editor.default\">\n\t\t\t\t<div class=\"elementor-widget-container\">\n\t\t\t\t\t\t\t\t<div class=\"elementor-text-editor elementor-clearfix\">\n\t\t\t\t<p class=\"rtejustify\" style=\"text-align: justify;\">El rector de la Universidad Polit\u00e9cnica de Madrid (UPM), Javier Uceda Antol\u00edn, y Juan-Miguel Villar Mir, presidente de la Fundaci\u00f3n Juan-Miguel Villar Mir, firmaron el\u00a0<strong>31 de marzo de 2011<\/strong>\u00a0el convenio de colaboraci\u00f3n entre ambas instituciones para la creaci\u00f3n de la C\u00e1tedra Universidad-Empresa denominada \u201cC\u00e1tedra Juan-Miguel Villar Mir en Organizaci\u00f3n y Direcci\u00f3n de Empresas\u201d.<\/p><p class=\"rtejustify\" style=\"text-align: justify;\">La presidenta de la Comunidad de Madrid, Esperanza Aguirre, asisti\u00f3 al acto, as\u00ed como el director de la Escuela T\u00e9cnica Superior de Ingenieros de Caminos, Canales y Puertos, Juan Antonio Santamera S\u00e1nchez, junto a otras personalidades del mundo acad\u00e9mico y empresarial.<\/p><p class=\"rtejustify\" style=\"text-align: justify;\">El inter\u00e9s primordial de la C\u00e1tedra ser\u00e1 favorecer el desarrollo de la excelencia en la docencia, la transferencia\u00a0 del conocimiento y de la investigaci\u00f3n, as\u00ed como otorgar becas y ayudas a la formaci\u00f3n e investigaci\u00f3n en el \u00e1rea de Organizaci\u00f3n y Direcci\u00f3n de Empresas.<\/p><p class=\"rtejustify\" style=\"text-align: justify;\">Sobre la C\u00e1tedra creada, Juan-Miguel Villar Mir subray\u00f3 que \u201cresponde al mismo esp\u00edritu que me transmiti\u00f3 la Escuela de Ingenieros de Caminos y que no es otro que el de la excelencia\u201d. Un desaf\u00edo que \u201cimpone la realidad econ\u00f3mica y social y que nos recuerdan siempre la Comunidad de Madrid y este Rectorado\u201d.<\/p><p class=\"rtejustify\" style=\"text-align: justify;\">Junto a ese \u201ccompromiso ineludible\u201d con la excelencia, el presidente del Grupo Villar Mir explic\u00f3 que la nueva C\u00e1tedra, seg\u00fan su plan de actuaci\u00f3n, favorecer\u00e1, con becas bien dotadas econ\u00f3micamente, que los alumnos de las Escuelas de Ingenieros de Caminos, Canales y Puertos\u00a0puedan realizar estudios de posgrado y especializaci\u00f3n en Administraci\u00f3n de Empresas (MBA) en las mejores universidades de Estados Unidos.<\/p><p class=\"rtejustify\" style=\"text-align: justify;\">La C\u00e1tedra Juan-Miguel Villar Mir en Organizaci\u00f3n y Direcci\u00f3n de Empresas tambi\u00e9n\u00a0organizar\u00e1 seminarios y debates, premiar\u00e1 a estudiantes con alto rendimiento, editar\u00e1 publicaciones y facilitar\u00e1 la intervenci\u00f3n de especialistas mundiales, adem\u00e1s de trabajar para reforzar los v\u00ednculos entre la universidad y la empresa.<\/p>\t\t\t\t\t<\/div>\n\t\t\t\t\t\t<\/div>\n\t\t\t\t<\/div>\n\t\t\t\t\t\t<\/div>\n\t\t\t\t\t<\/div>\n\t\t<\/div>\n\t\t\t\t\t\t\t\t<\/div>\n\t\t\t\t\t<\/div>\n\t\t<\/section>\n\t\t\t\t\t\t<\/div>\n\t\t\t\t\t\t<\/div>\n\t\t\t\t\t<\/div>\n\t\t","protected":false},"excerpt":{"rendered":"<p>El antiguo Rector de la Universidad Polit\u00e9cnica de Madrid (UPM), Javier Uceda Antol\u00edn, y Juan-Miguel [&hellip;]<\/p>\n","protected":false},"author":1,"featured_media":70,"parent":0,"menu_order":0,"comment_status":"closed","ping_status":"closed","template":"","meta":[],"_links":{"self":[{"href":"https:\/\/www1.caminos.upm.es\/villarmir\/wp-json\/wp\/v2\/pages\/10"}],"collection":[{"href":"https:\/\/www1.caminos.upm.es\/villarmir\/wp-json\/wp\/v2\/pages"}],"about":[{"href":"https:\/\/www1.caminos.upm.es\/villarmir\/wp-json\/wp\/v2\/types\/page"}],"author":[{"embeddable":true,"href":"https:\/\/www1.caminos.upm.es\/villarmir\/wp-json\/wp\/v2\/users\/1"}],"replies":[{"embeddable":true,"href":"https:\/\/www1.caminos.upm.es\/villarmir\/wp-json\/wp\/v2\/comments?post=10"}],"version-history":[{"count":4,"href":"https:\/\/www1.caminos.upm.es\/villarmir\/wp-json\/wp\/v2\/pages\/10\/revisions"}],"predecessor-version":[{"id":143,"href":"https:\/\/www1.caminos.upm.es\/villarmir\/wp-json\/wp\/v2\/pages\/10\/revisions\/143"}],"wp:featuredmedia":[{"embeddable":true,"href":"https:\/\/www1.caminos.upm.es\/villarmir\/wp-json\/wp\/v2\/media\/70"}],"wp:attachment":[{"href":"https:\/\/www1.caminos.upm.es\/villarmir\/wp-json\/wp\/v2\/media?parent=10"}],"curies":[{"name":"wp","href":"https:\/\/api.w.org\/{rel}","templated":true}]}}