{"id":539,"date":"2017-03-22T11:43:51","date_gmt":"2017-03-22T10:43:51","guid":{"rendered":"http:\/\/www1.caminos.upm.es\/matematicas\/?page_id=539"},"modified":"2024-10-25T14:00:33","modified_gmt":"2024-10-25T12:00:33","slug":"reserva-de-aulas","status":"publish","type":"page","link":"https:\/\/www1.caminos.upm.es\/matematicas\/reserva-de-aulas\/","title":{"rendered":"Reserva de aulas"},"content":{"rendered":"\t\t<div data-elementor-type=\"wp-post\" data-elementor-id=\"539\" class=\"elementor elementor-539 elementor-bc-flex-widget\">\n\t\t\t\t\t\t<div class=\"elementor-inner\">\n\t\t\t\t<div class=\"elementor-section-wrap\">\n\t\t\t\t\t\t\t\t\t<section class=\"elementor-section elementor-top-section elementor-element elementor-element-qduhwx8 elementor-section-boxed elementor-section-height-default elementor-section-height-default\" data-id=\"qduhwx8\" data-element_type=\"section\">\n\t\t\t\t\t\t<div class=\"elementor-container elementor-column-gap-default\">\n\t\t\t\t\t\t\t<div class=\"elementor-row\">\n\t\t\t\t\t<div class=\"elementor-column elementor-col-100 elementor-top-column elementor-element elementor-element-xb9vytt\" data-id=\"xb9vytt\" data-element_type=\"column\">\n\t\t\t<div class=\"elementor-column-wrap elementor-element-populated\">\n\t\t\t\t\t\t\t<div class=\"elementor-widget-wrap\">\n\t\t\t\t\t\t<div class=\"elementor-element elementor-element-7lohfew elementor-widget elementor-widget-heading\" data-id=\"7lohfew\" data-element_type=\"widget\" data-widget_type=\"heading.default\">\n\t\t\t\t<div class=\"elementor-widget-container\">\n\t\t\t<h2 class=\"elementor-heading-title elementor-size-default\">Reserva de Aulas del Departamento de Matem\u00e1ticas<\/h2>\t\t<\/div>\n\t\t\t\t<\/div>\n\t\t\t\t<div class=\"elementor-element elementor-element-pgrmb0j elementor-widget elementor-widget-text-editor\" data-id=\"pgrmb0j\" data-element_type=\"widget\" data-widget_type=\"text-editor.default\">\n\t\t\t\t<div class=\"elementor-widget-container\">\n\t\t\t\t\t\t\t\t<div class=\"elementor-text-editor elementor-clearfix\">\n\t\t\t\t<p>Desde este espacio, usted podr\u00e1 realizar reservas de las aulas de inform\u00e1tica del departamento de Matem\u00e1ticas, situadas en el sotano 1 de la ETSI Caminos, Canales y Puertos. Para ello deber\u00e1 estar registrado.<\/p><p>Puede acceder directamente a la p\u00e1gina de reservas haciendo click en el bot\u00f3n<\/p>\t\t\t\t\t<\/div>\n\t\t\t\t\t\t<\/div>\n\t\t\t\t<\/div>\n\t\t\t\t\t\t<\/div>\n\t\t\t\t\t<\/div>\n\t\t<\/div>\n\t\t\t\t\t\t\t\t<\/div>\n\t\t\t\t\t<\/div>\n\t\t<\/section>\n\t\t\t\t<section class=\"elementor-section elementor-top-section elementor-element elementor-element-003sh0e elementor-section-boxed elementor-section-height-default elementor-section-height-default\" data-id=\"003sh0e\" data-element_type=\"section\">\n\t\t\t\t\t\t<div class=\"elementor-container elementor-column-gap-default\">\n\t\t\t\t\t\t\t<div class=\"elementor-row\">\n\t\t\t\t\t<div class=\"elementor-column elementor-col-100 elementor-top-column elementor-element elementor-element-b3jiwc2\" data-id=\"b3jiwc2\" data-element_type=\"column\">\n\t\t\t<div class=\"elementor-column-wrap elementor-element-populated\">\n\t\t\t\t\t\t\t<div class=\"elementor-widget-wrap\">\n\t\t\t\t\t\t<div class=\"elementor-element elementor-element-zxi84q7 elementor-button-danger elementor-align-center elementor-widget elementor-widget-button\" data-id=\"zxi84q7\" data-element_type=\"widget\" data-widget_type=\"button.default\">\n\t\t\t\t<div class=\"elementor-widget-container\">\n\t\t\t\t\t<div class=\"elementor-button-wrapper\">\n\t\t\t<a href=\"https:\/\/www1.caminos.upm.es\/matematicas\/mrbs\/web\" target=\"_blank\" class=\"elementor-button-link elementor-button elementor-size-xs elementor-animation-shrink\" role=\"button\">\n\t\t\t\t\t\t<span class=\"elementor-button-content-wrapper\">\n\t\t\t\t\t\t\t<span class=\"elementor-button-icon elementor-align-icon-left\">\n\t\t\t\t\t\t\t\t\t<i class=\"fa fa-hand-o-right\" aria-hidden=\"true\"><\/i>\n\t\t\t\t\t\t\t<\/span>\n\t\t\t\t\t\t<span class=\"elementor-button-text\">RESERVA<\/span>\n\t\t<\/span>\n\t\t\t\t\t<\/a>\n\t\t<\/div>\n\t\t\t\t<\/div>\n\t\t\t\t<\/div>\n\t\t\t\t\t\t<\/div>\n\t\t\t\t\t<\/div>\n\t\t<\/div>\n\t\t\t\t\t\t\t\t<\/div>\n\t\t\t\t\t<\/div>\n\t\t<\/section>\n\t\t\t\t<section class=\"elementor-section elementor-top-section elementor-element elementor-element-xi6o1xi elementor-section-boxed elementor-section-height-default elementor-section-height-default\" data-id=\"xi6o1xi\" data-element_type=\"section\">\n\t\t\t\t\t\t<div class=\"elementor-container elementor-column-gap-default\">\n\t\t\t\t\t\t\t<div class=\"elementor-row\">\n\t\t\t\t\t<div class=\"elementor-column elementor-col-100 elementor-top-column elementor-element elementor-element-8d9cbb5\" data-id=\"8d9cbb5\" data-element_type=\"column\">\n\t\t\t<div class=\"elementor-column-wrap elementor-element-populated\">\n\t\t\t\t\t\t\t<div class=\"elementor-widget-wrap\">\n\t\t\t\t\t\t<div class=\"elementor-element elementor-element-475a891 elementor-widget elementor-widget-html\" data-id=\"475a891\" data-element_type=\"widget\" data-widget_type=\"html.default\">\n\t\t\t\t<div class=\"elementor-widget-container\">\n\t\t\t<object style=\"width: 100%; height: 1800px;\" data=\"\/matematicas\/mrbs\/web\" width=\"300\" height=\"150\"> <\/object>\t\t<\/div>\n\t\t\t\t<\/div>\n\t\t\t\t\t\t<\/div>\n\t\t\t\t\t<\/div>\n\t\t<\/div>\n\t\t\t\t\t\t\t\t<\/div>\n\t\t\t\t\t<\/div>\n\t\t<\/section>\n\t\t\t\t\t\t\t\t\t<\/div>\n\t\t\t<\/div>\n\t\t\t\t\t<\/div>\n\t\t","protected":false},"excerpt":{"rendered":"<p>Reserva de Aulas del Departamento de Matem\u00e1ticas Desde este espacio, usted podr\u00e1 realizar reservas de las aulas de inform\u00e1tica del departamento de Matem\u00e1ticas, situadas en el sotano 1 de la ETSI Caminos, Canales y Puertos. Para ello deber\u00e1 estar registrado. Puede acceder directamente a la p\u00e1gina de reservas haciendo click en el bot\u00f3n RESERVA<\/p>\n","protected":false},"author":1,"featured_media":0,"parent":0,"menu_order":0,"comment_status":"closed","ping_status":"closed","template":"","meta":[],"_links":{"self":[{"href":"https:\/\/www1.caminos.upm.es\/matematicas\/wp-json\/wp\/v2\/pages\/539"}],"collection":[{"href":"https:\/\/www1.caminos.upm.es\/matematicas\/wp-json\/wp\/v2\/pages"}],"about":[{"href":"https:\/\/www1.caminos.upm.es\/matematicas\/wp-json\/wp\/v2\/types\/page"}],"author":[{"embeddable":true,"href":"https:\/\/www1.caminos.upm.es\/matematicas\/wp-json\/wp\/v2\/users\/1"}],"replies":[{"embeddable":true,"href":"https:\/\/www1.caminos.upm.es\/matematicas\/wp-json\/wp\/v2\/comments?post=539"}],"version-history":[{"count":16,"href":"https:\/\/www1.caminos.upm.es\/matematicas\/wp-json\/wp\/v2\/pages\/539\/revisions"}],"predecessor-version":[{"id":8179,"href":"https:\/\/www1.caminos.upm.es\/matematicas\/wp-json\/wp\/v2\/pages\/539\/revisions\/8179"}],"wp:attachment":[{"href":"https:\/\/www1.caminos.upm.es\/matematicas\/wp-json\/wp\/v2\/media?parent=539"}],"curies":[{"name":"wp","href":"https:\/\/api.w.org\/{rel}","templated":true}]}}