{"id":191,"date":"2017-03-14T10:06:14","date_gmt":"2017-03-14T09:06:14","guid":{"rendered":"http:\/\/www1.caminos.upm.es\/matematicas\/?page_id=191"},"modified":"2022-03-24T08:55:52","modified_gmt":"2022-03-24T07:55:52","slug":"otros","status":"publish","type":"page","link":"https:\/\/www1.caminos.upm.es\/matematicas\/otros\/","title":{"rendered":"Otros"},"content":{"rendered":"\t\t<div data-elementor-type=\"wp-post\" data-elementor-id=\"191\" class=\"elementor elementor-191\">\n\t\t\t\t\t\t<div class=\"elementor-inner\">\n\t\t\t\t<div class=\"elementor-section-wrap\">\n\t\t\t\t\t\t\t\t\t<section class=\"elementor-section elementor-top-section elementor-element elementor-element-w8fg16m elementor-section-boxed elementor-section-height-default elementor-section-height-default\" data-id=\"w8fg16m\" data-element_type=\"section\">\n\t\t\t\t\t\t<div class=\"elementor-container elementor-column-gap-default\">\n\t\t\t\t\t\t\t<div class=\"elementor-row\">\n\t\t\t\t\t<div class=\"elementor-column elementor-col-33 elementor-top-column elementor-element elementor-element-qpi05fy\" data-id=\"qpi05fy\" data-element_type=\"column\" data-settings=\"{&quot;background_background&quot;:&quot;gradient&quot;}\">\n\t\t\t<div class=\"elementor-column-wrap elementor-element-populated\">\n\t\t\t\t\t\t\t<div class=\"elementor-widget-wrap\">\n\t\t\t\t\t\t<div class=\"elementor-element elementor-element-zxj2xwk elementor-widget elementor-widget-image\" data-id=\"zxj2xwk\" data-element_type=\"widget\" data-widget_type=\"image.default\">\n\t\t\t\t<div class=\"elementor-widget-container\">\n\t\t\t\t\t\t\t\t<div class=\"elementor-image\">\n\t\t\t\t\t\t\t\t\t\t\t\t<img decoding=\"async\" width=\"300\" height=\"201\" src=\"https:\/\/www1.caminos.upm.es\/matematicas\/wp-content\/uploads\/logo-museo-matematicas-300x201.png\" class=\"attachment-medium size-medium\" alt=\"museo de las matematicas\" loading=\"lazy\" srcset=\"https:\/\/www1.caminos.upm.es\/matematicas\/wp-content\/uploads\/logo-museo-matematicas-300x201.png 300w, https:\/\/www1.caminos.upm.es\/matematicas\/wp-content\/uploads\/logo-museo-matematicas.png 470w\" sizes=\"(max-width: 300px) 100vw, 300px\" \/>\t\t\t\t\t\t\t\t\t\t\t\t\t\t<\/div>\n\t\t\t\t\t\t<\/div>\n\t\t\t\t<\/div>\n\t\t\t\t<div class=\"elementor-element elementor-element-c584wg1 elementor-widget elementor-widget-heading\" data-id=\"c584wg1\" data-element_type=\"widget\" data-widget_type=\"heading.default\">\n\t\t\t\t<div class=\"elementor-widget-container\">\n\t\t\t<h3 class=\"elementor-heading-title elementor-size-medium\">Aula-Taller-Museo de las Matem\u00e1ticas<\/h3>\t\t<\/div>\n\t\t\t\t<\/div>\n\t\t\t\t<div class=\"elementor-element elementor-element-3s495uh elementor-widget elementor-widget-text-editor\" data-id=\"3s495uh\" data-element_type=\"widget\" data-widget_type=\"text-editor.default\">\n\t\t\t\t<div class=\"elementor-widget-container\">\n\t\t\t\t\t\t\t\t<div class=\"elementor-text-editor elementor-clearfix\">\n\t\t\t\t<p><span style=\"font-size: 10pt;\">El Aula Taller-Museo de las Matem\u00e1ticas \u03c0-ensa del Grupo de Innovaci\u00f3n Educativa (GIE) de la Universidad Polit\u00e9cnica de Madrid (UPM) abri\u00f3 sus puertas en octubre de 2014. Tiene su sede en la ETSI de Caminos, Canales y Puertos de la UPM. Ofrece exposiciones y actividades relacionadas con las Matem\u00e1ticas que se renuevan cada 9 o 10 meses.<\/span><\/p>\t\t\t\t\t<\/div>\n\t\t\t\t\t\t<\/div>\n\t\t\t\t<\/div>\n\t\t\t\t<div class=\"elementor-element elementor-element-t2dtscp elementor-button-danger elementor-align-center elementor-widget elementor-widget-button\" data-id=\"t2dtscp\" data-element_type=\"widget\" data-widget_type=\"button.default\">\n\t\t\t\t<div class=\"elementor-widget-container\">\n\t\t\t\t\t<div class=\"elementor-button-wrapper\">\n\t\t\t<a href=\"https:\/\/innovacioneducativa.upm.es\/museomatematicas\/\" target=\"_blank\" class=\"elementor-button-link elementor-button elementor-size-xs elementor-animation-shrink\" role=\"button\">\n\t\t\t\t\t\t<span class=\"elementor-button-content-wrapper\">\n\t\t\t\t\t\t\t<span class=\"elementor-button-icon elementor-align-icon-right\">\n\t\t\t\t<i aria-hidden=\"true\" class=\"fas fa-external-link-alt\"><\/i>\t\t\t<\/span>\n\t\t\t\t\t\t<span class=\"elementor-button-text\">Visita<\/span>\n\t\t<\/span>\n\t\t\t\t\t<\/a>\n\t\t<\/div>\n\t\t\t\t<\/div>\n\t\t\t\t<\/div>\n\t\t\t\t\t\t<\/div>\n\t\t\t\t\t<\/div>\n\t\t<\/div>\n\t\t\t\t<div class=\"elementor-column elementor-col-33 elementor-top-column elementor-element elementor-element-4aavza5\" data-id=\"4aavza5\" data-element_type=\"column\" data-settings=\"{&quot;background_background&quot;:&quot;gradient&quot;}\">\n\t\t\t<div class=\"elementor-column-wrap elementor-element-populated\">\n\t\t\t\t\t\t\t<div class=\"elementor-widget-wrap\">\n\t\t\t\t\t\t<div class=\"elementor-element elementor-element-hraxrlm elementor-widget elementor-widget-image\" data-id=\"hraxrlm\" data-element_type=\"widget\" data-widget_type=\"image.default\">\n\t\t\t\t<div class=\"elementor-widget-container\">\n\t\t\t\t\t\t\t\t<div class=\"elementor-image\">\n\t\t\t\t\t\t\t\t\t\t\t\t<img decoding=\"async\" width=\"349\" height=\"204\" src=\"https:\/\/www1.caminos.upm.es\/matematicas\/wp-content\/uploads\/revista-pensamiento-matematico.png\" class=\"attachment-zerif-post-thumbnail-large size-zerif-post-thumbnail-large\" alt=\"\" loading=\"lazy\" srcset=\"https:\/\/www1.caminos.upm.es\/matematicas\/wp-content\/uploads\/revista-pensamiento-matematico.png 349w, https:\/\/www1.caminos.upm.es\/matematicas\/wp-content\/uploads\/revista-pensamiento-matematico-300x175.png 300w\" sizes=\"(max-width: 349px) 100vw, 349px\" \/>\t\t\t\t\t\t\t\t\t\t\t\t\t\t<\/div>\n\t\t\t\t\t\t<\/div>\n\t\t\t\t<\/div>\n\t\t\t\t<div class=\"elementor-element elementor-element-8507qcz elementor-widget elementor-widget-heading\" data-id=\"8507qcz\" data-element_type=\"widget\" data-widget_type=\"heading.default\">\n\t\t\t\t<div class=\"elementor-widget-container\">\n\t\t\t<h3 class=\"elementor-heading-title elementor-size-medium\">Revista pensamiento matem\u00e1tico<\/h3>\t\t<\/div>\n\t\t\t\t<\/div>\n\t\t\t\t<div class=\"elementor-element elementor-element-5x9bgsc elementor-widget elementor-widget-text-editor\" data-id=\"5x9bgsc\" data-element_type=\"widget\" data-widget_type=\"text-editor.default\">\n\t\t\t\t<div class=\"elementor-widget-container\">\n\t\t\t\t\t\t\t\t<div class=\"elementor-text-editor elementor-clearfix\">\n\t\t\t\t<p><span style=\"font-size: 10pt;\">Es la revista del Grupo de Investigaci\u00f3n Matem\u00e1tica Aplicada a la Ingenier\u00eda Civil (MAIC) y del Grupo de Innovaci\u00f3n Educativa (GIE) \u201cPensamiento Matem\u00e1tico\u201d.<br \/>Es una publicaci\u00f3n cient\u00edfica semestral, de acceso libre y gratuito a trav\u00e9s de la red. Actualmente se gestiona a trav\u00e9s de la Escuela T\u00e9cnica Superior de Ingenieros de Caminos, Canales y Puertos de la UPM (Madrid, Espa\u00f1a)<\/span><\/p>\t\t\t\t\t<\/div>\n\t\t\t\t\t\t<\/div>\n\t\t\t\t<\/div>\n\t\t\t\t<div class=\"elementor-element elementor-element-lqg926i elementor-button-danger elementor-align-center elementor-widget elementor-widget-button\" data-id=\"lqg926i\" data-element_type=\"widget\" data-widget_type=\"button.default\">\n\t\t\t\t<div class=\"elementor-widget-container\">\n\t\t\t\t\t<div class=\"elementor-button-wrapper\">\n\t\t\t<a href=\"https:\/\/revista.giepm.com\/\" target=\"_blank\" class=\"elementor-button-link elementor-button elementor-size-xs elementor-animation-shrink\" role=\"button\">\n\t\t\t\t\t\t<span class=\"elementor-button-content-wrapper\">\n\t\t\t\t\t\t\t<span class=\"elementor-button-icon elementor-align-icon-right\">\n\t\t\t\t<i aria-hidden=\"true\" class=\"fas fa-external-link-alt\"><\/i>\t\t\t<\/span>\n\t\t\t\t\t\t<span class=\"elementor-button-text\">Visita<\/span>\n\t\t<\/span>\n\t\t\t\t\t<\/a>\n\t\t<\/div>\n\t\t\t\t<\/div>\n\t\t\t\t<\/div>\n\t\t\t\t\t\t<\/div>\n\t\t\t\t\t<\/div>\n\t\t<\/div>\n\t\t\t\t<div class=\"elementor-column elementor-col-33 elementor-top-column elementor-element elementor-element-042kkzb\" data-id=\"042kkzb\" data-element_type=\"column\" data-settings=\"{&quot;background_background&quot;:&quot;gradient&quot;}\">\n\t\t\t<div class=\"elementor-column-wrap elementor-element-populated\">\n\t\t\t\t\t\t\t<div class=\"elementor-widget-wrap\">\n\t\t\t\t\t\t<div class=\"elementor-element elementor-element-7evqa1x elementor-widget elementor-widget-image\" data-id=\"7evqa1x\" data-element_type=\"widget\" data-widget_type=\"image.default\">\n\t\t\t\t<div class=\"elementor-widget-container\">\n\t\t\t\t\t\t\t\t<div class=\"elementor-image\">\n\t\t\t\t\t\t\t\t\t\t\t\t<img decoding=\"async\" width=\"546\" height=\"269\" src=\"https:\/\/www1.caminos.upm.es\/matematicas\/wp-content\/uploads\/aula-pensamiento-matematico.png\" class=\"attachment-full size-full\" alt=\"\" loading=\"lazy\" srcset=\"https:\/\/www1.caminos.upm.es\/matematicas\/wp-content\/uploads\/aula-pensamiento-matematico.png 546w, https:\/\/www1.caminos.upm.es\/matematicas\/wp-content\/uploads\/aula-pensamiento-matematico-300x148.png 300w\" sizes=\"(max-width: 546px) 100vw, 546px\" \/>\t\t\t\t\t\t\t\t\t\t\t\t\t\t<\/div>\n\t\t\t\t\t\t<\/div>\n\t\t\t\t<\/div>\n\t\t\t\t<div class=\"elementor-element elementor-element-r8cdb2y elementor-widget elementor-widget-heading\" data-id=\"r8cdb2y\" data-element_type=\"widget\" data-widget_type=\"heading.default\">\n\t\t\t\t<div class=\"elementor-widget-container\">\n\t\t\t<h3 class=\"elementor-heading-title elementor-size-medium\">Aula pensamiento matem\u00e1tico<\/h3>\t\t<\/div>\n\t\t\t\t<\/div>\n\t\t\t\t<div class=\"elementor-element elementor-element-a7vmhnh elementor-widget elementor-widget-text-editor\" data-id=\"a7vmhnh\" data-element_type=\"widget\" data-widget_type=\"text-editor.default\">\n\t\t\t\t<div class=\"elementor-widget-container\">\n\t\t\t\t\t\t\t\t<div class=\"elementor-text-editor elementor-clearfix\">\n\t\t\t\t<p><span style=\"font-size: 10pt;\">En este portal interactivo queremos ofrecerte una serie de actividades que permitan activar tu mente y acercarla hacia las matem\u00e1ticas a la vez que te hagan pasar un buen rato.<\/span><br \/><span style=\"font-size: 10pt;\">Te ofrecemos juegos, pasatiempos, retos, video juegos, informaci\u00f3n y actividades relacionadas con las matem\u00e1ticas.<\/span><br \/><span style=\"font-size: 10pt;\">Atr\u00e9vete y entra. \u00bfEst\u00e1s preparado?<\/span><\/p>\t\t\t\t\t<\/div>\n\t\t\t\t\t\t<\/div>\n\t\t\t\t<\/div>\n\t\t\t\t<div class=\"elementor-element elementor-element-wo5iu9v elementor-button-danger elementor-align-center elementor-widget elementor-widget-button\" data-id=\"wo5iu9v\" data-element_type=\"widget\" data-widget_type=\"button.default\">\n\t\t\t\t<div class=\"elementor-widget-container\">\n\t\t\t\t\t<div class=\"elementor-button-wrapper\">\n\t\t\t<a href=\"http:\/\/innovacioneducativa.upm.es\/pensamientomatematico\/\" target=\"_blank\" class=\"elementor-button-link elementor-button elementor-size-xs elementor-animation-shrink\" role=\"button\">\n\t\t\t\t\t\t<span class=\"elementor-button-content-wrapper\">\n\t\t\t\t\t\t\t<span class=\"elementor-button-icon elementor-align-icon-right\">\n\t\t\t\t\t\t\t\t\t<i class=\"fa fa-external-link\" aria-hidden=\"true\"><\/i>\n\t\t\t\t\t\t\t<\/span>\n\t\t\t\t\t\t<span class=\"elementor-button-text\">Visita<\/span>\n\t\t<\/span>\n\t\t\t\t\t<\/a>\n\t\t<\/div>\n\t\t\t\t<\/div>\n\t\t\t\t<\/div>\n\t\t\t\t\t\t<\/div>\n\t\t\t\t\t<\/div>\n\t\t<\/div>\n\t\t\t\t\t\t\t\t<\/div>\n\t\t\t\t\t<\/div>\n\t\t<\/section>\n\t\t\t\t\t\t\t\t\t<\/div>\n\t\t\t<\/div>\n\t\t\t\t\t<\/div>\n\t\t","protected":false},"excerpt":{"rendered":"<p>Aula-Taller-Museo de las Matem\u00e1ticas El Aula Taller-Museo de las Matem\u00e1ticas \u03c0-ensa del Grupo de Innovaci\u00f3n Educativa (GIE) de la Universidad Polit\u00e9cnica de Madrid (UPM) abri\u00f3 sus puertas en octubre de 2014. Tiene su sede en la ETSI de Caminos, Canales y Puertos de la UPM. Ofrece exposiciones y actividades relacionadas con las Matem\u00e1ticas que se <a href=\"https:\/\/www1.caminos.upm.es\/matematicas\/otros\/\" rel=\"nofollow\"><span class=\"sr-only\">Leer m\u00e1sOtros<\/span>[&hellip;]<\/a><\/p>\n","protected":false},"author":1,"featured_media":0,"parent":0,"menu_order":0,"comment_status":"closed","ping_status":"closed","template":"template-fullwidth-no-title.php","meta":[],"_links":{"self":[{"href":"https:\/\/www1.caminos.upm.es\/matematicas\/wp-json\/wp\/v2\/pages\/191"}],"collection":[{"href":"https:\/\/www1.caminos.upm.es\/matematicas\/wp-json\/wp\/v2\/pages"}],"about":[{"href":"https:\/\/www1.caminos.upm.es\/matematicas\/wp-json\/wp\/v2\/types\/page"}],"author":[{"embeddable":true,"href":"https:\/\/www1.caminos.upm.es\/matematicas\/wp-json\/wp\/v2\/users\/1"}],"replies":[{"embeddable":true,"href":"https:\/\/www1.caminos.upm.es\/matematicas\/wp-json\/wp\/v2\/comments?post=191"}],"version-history":[{"count":6,"href":"https:\/\/www1.caminos.upm.es\/matematicas\/wp-json\/wp\/v2\/pages\/191\/revisions"}],"predecessor-version":[{"id":1931,"href":"https:\/\/www1.caminos.upm.es\/matematicas\/wp-json\/wp\/v2\/pages\/191\/revisions\/1931"}],"wp:attachment":[{"href":"https:\/\/www1.caminos.upm.es\/matematicas\/wp-json\/wp\/v2\/media?parent=191"}],"curies":[{"name":"wp","href":"https:\/\/api.w.org\/{rel}","templated":true}]}}