{"id":1779,"date":"2021-09-29T10:09:53","date_gmt":"2021-09-29T08:09:53","guid":{"rendered":"https:\/\/www1.caminos.upm.es\/matematicas\/?page_id=1779"},"modified":"2021-09-29T12:36:08","modified_gmt":"2021-09-29T10:36:08","slug":"laboratorios","status":"publish","type":"page","link":"https:\/\/www1.caminos.upm.es\/matematicas\/laboratorios\/","title":{"rendered":"Laboratorios"},"content":{"rendered":"\t\t<div data-elementor-type=\"wp-page\" data-elementor-id=\"1779\" class=\"elementor elementor-1779\">\n\t\t\t\t\t\t<div class=\"elementor-inner\">\n\t\t\t\t<div class=\"elementor-section-wrap\">\n\t\t\t\t\t\t\t\t\t<section class=\"elementor-section elementor-top-section elementor-element elementor-element-95b2921 elementor-section-boxed elementor-section-height-default elementor-section-height-default\" data-id=\"95b2921\" data-element_type=\"section\">\n\t\t\t\t\t\t<div class=\"elementor-container elementor-column-gap-default\">\n\t\t\t\t\t\t\t<div class=\"elementor-row\">\n\t\t\t\t\t<div class=\"elementor-column elementor-col-100 elementor-top-column elementor-element elementor-element-dc6794a\" data-id=\"dc6794a\" data-element_type=\"column\">\n\t\t\t<div class=\"elementor-column-wrap elementor-element-populated\">\n\t\t\t\t\t\t\t<div class=\"elementor-widget-wrap\">\n\t\t\t\t\t\t<div class=\"elementor-element elementor-element-8648b82 elementor-widget elementor-widget-wp-widget-text\" data-id=\"8648b82\" data-element_type=\"widget\" data-widget_type=\"wp-widget-text.default\">\n\t\t\t\t<div class=\"elementor-widget-container\">\n\t\t\t\t\t\t<div class=\"textwidget\"><p>Nuestros laboratorios constan de 3 aulas de inform\u00e1tica situadas en el s\u00f3tano 1 de la Escuela. Se encuentran completamente equipadas con proyectores, pizarras electr\u00f3nicas y pantallas t\u00e1ctiles as\u00ed como equipos inform\u00e1ticos que van siendo renovados a\u00f1o tras a\u00f1o. Todo este equipamiento las hace perfectas para la impartici\u00f3n de clases que requieren de estos equipos.<\/p>\n<\/div>\n\t\t\t\t<\/div>\n\t\t\t\t<\/div>\n\t\t\t\t<div class=\"elementor-element elementor-element-a584efd elementor-widget elementor-widget-heading\" data-id=\"a584efd\" data-element_type=\"widget\" data-widget_type=\"heading.default\">\n\t\t\t\t<div class=\"elementor-widget-container\">\n\t\t\t<h2 class=\"elementor-heading-title elementor-size-default\">TURING<\/h2>\t\t<\/div>\n\t\t\t\t<\/div>\n\t\t\t\t\t\t<\/div>\n\t\t\t\t\t<\/div>\n\t\t<\/div>\n\t\t\t\t\t\t\t\t<\/div>\n\t\t\t\t\t<\/div>\n\t\t<\/section>\n\t\t\t\t<section class=\"elementor-section elementor-top-section elementor-element elementor-element-3a0fd72 elementor-section-boxed elementor-section-height-default elementor-section-height-default\" data-id=\"3a0fd72\" data-element_type=\"section\">\n\t\t\t\t\t\t<div class=\"elementor-container elementor-column-gap-default\">\n\t\t\t\t\t\t\t<div class=\"elementor-row\">\n\t\t\t\t\t<div class=\"elementor-column elementor-col-100 elementor-top-column elementor-element elementor-element-926605f\" data-id=\"926605f\" data-element_type=\"column\">\n\t\t\t<div class=\"elementor-column-wrap elementor-element-populated\">\n\t\t\t\t\t\t\t<div class=\"elementor-widget-wrap\">\n\t\t\t\t\t\t<section class=\"elementor-section elementor-inner-section elementor-element elementor-element-0908bfc elementor-section-boxed elementor-section-height-default elementor-section-height-default\" data-id=\"0908bfc\" data-element_type=\"section\">\n\t\t\t\t\t\t<div class=\"elementor-container elementor-column-gap-default\">\n\t\t\t\t\t\t\t<div class=\"elementor-row\">\n\t\t\t\t\t<div class=\"elementor-column elementor-col-50 elementor-inner-column elementor-element elementor-element-03acab8\" data-id=\"03acab8\" data-element_type=\"column\">\n\t\t\t<div class=\"elementor-column-wrap elementor-element-populated\">\n\t\t\t\t\t\t\t<div class=\"elementor-widget-wrap\">\n\t\t\t\t\t\t<div class=\"elementor-element elementor-element-538bcc9 elementor-widget elementor-widget-image\" data-id=\"538bcc9\" data-element_type=\"widget\" data-widget_type=\"image.default\">\n\t\t\t\t<div class=\"elementor-widget-container\">\n\t\t\t\t\t\t\t\t<div class=\"elementor-image\">\n\t\t\t\t\t\t\t\t\t<figure class=\"wp-caption\">\n\t\t\t\t\t\t\t\t\t\t\t<a href=\"https:\/\/www1.caminos.upm.es\/matematicas\/wp-content\/uploads\/20210929_110514.jpg\" data-elementor-open-lightbox=\"yes\" data-elementor-lightbox-title=\"Aula Turing\" e-action-hash=\"#elementor-action%3Aaction%3Dlightbox%26settings%3DeyJpZCI6MTgwMCwidXJsIjoiaHR0cHM6XC9cL3d3dzEuY2FtaW5vcy51cG0uZXNcL21hdGVtYXRpY2FzXC93cC1jb250ZW50XC91cGxvYWRzXC8yMDIxMDkyOV8xMTA1MTQuanBnIn0%3D\">\n\t\t\t\t\t\t\t<img decoding=\"async\" width=\"640\" height=\"360\" src=\"https:\/\/www1.caminos.upm.es\/matematicas\/wp-content\/uploads\/20210929_110514.jpg\" class=\"attachment-large size-large\" alt=\"Aula Turing\" loading=\"lazy\" srcset=\"https:\/\/www1.caminos.upm.es\/matematicas\/wp-content\/uploads\/20210929_110514.jpg 1280w, https:\/\/www1.caminos.upm.es\/matematicas\/wp-content\/uploads\/20210929_110514-300x169.jpg 300w, https:\/\/www1.caminos.upm.es\/matematicas\/wp-content\/uploads\/20210929_110514-768x432.jpg 768w\" sizes=\"(max-width: 640px) 100vw, 640px\" \/>\t\t\t\t\t\t\t\t<\/a>\n\t\t\t\t\t\t\t\t\t\t\t<figcaption class=\"widget-image-caption wp-caption-text\">Aula Turing<\/figcaption>\n\t\t\t\t\t\t\t\t\t\t<\/figure>\n\t\t\t\t\t\t\t\t<\/div>\n\t\t\t\t\t\t<\/div>\n\t\t\t\t<\/div>\n\t\t\t\t\t\t<\/div>\n\t\t\t\t\t<\/div>\n\t\t<\/div>\n\t\t\t\t<div class=\"elementor-column elementor-col-50 elementor-inner-column elementor-element elementor-element-1862322\" data-id=\"1862322\" data-element_type=\"column\">\n\t\t\t<div class=\"elementor-column-wrap elementor-element-populated\">\n\t\t\t\t\t\t\t<div class=\"elementor-widget-wrap\">\n\t\t\t\t\t\t<div class=\"elementor-element elementor-element-051b703 elementor-widget elementor-widget-text-editor\" data-id=\"051b703\" data-element_type=\"widget\" data-widget_type=\"text-editor.default\">\n\t\t\t\t<div class=\"elementor-widget-container\">\n\t\t\t\t\t\t\t\t<div class=\"elementor-text-editor elementor-clearfix\">\n\t\t\t\t<p>El aula Turing cuenta con 49 equipos para los alumnos, uno para el profesor y est\u00e1 equipada con 2 proyectores. El principal , que adem\u00e1s es pizarra electr\u00f3nica, y otro adicional que es una r\u00e9plica del primero para un mejor visionado desde cualquier punto del aula.<\/p><p>Dispone actualmente de dos equipos de megafon\u00eda, uno para poder impartir clases a distancia y otro para los altavoces existentes en el aula.<\/p>\t\t\t\t\t<\/div>\n\t\t\t\t\t\t<\/div>\n\t\t\t\t<\/div>\n\t\t\t\t\t\t<\/div>\n\t\t\t\t\t<\/div>\n\t\t<\/div>\n\t\t\t\t\t\t\t\t<\/div>\n\t\t\t\t\t<\/div>\n\t\t<\/section>\n\t\t\t\t\t\t<\/div>\n\t\t\t\t\t<\/div>\n\t\t<\/div>\n\t\t\t\t\t\t\t\t<\/div>\n\t\t\t\t\t<\/div>\n\t\t<\/section>\n\t\t\t\t<section class=\"elementor-section elementor-top-section elementor-element elementor-element-caaac8c elementor-section-boxed elementor-section-height-default elementor-section-height-default\" data-id=\"caaac8c\" data-element_type=\"section\">\n\t\t\t\t\t\t<div class=\"elementor-container elementor-column-gap-default\">\n\t\t\t\t\t\t\t<div class=\"elementor-row\">\n\t\t\t\t\t<div class=\"elementor-column elementor-col-100 elementor-top-column elementor-element elementor-element-f2179f5\" data-id=\"f2179f5\" data-element_type=\"column\">\n\t\t\t<div class=\"elementor-column-wrap elementor-element-populated\">\n\t\t\t\t\t\t\t<div class=\"elementor-widget-wrap\">\n\t\t\t\t\t\t<div class=\"elementor-element elementor-element-6f85b4a elementor-widget elementor-widget-heading\" data-id=\"6f85b4a\" data-element_type=\"widget\" data-widget_type=\"heading.default\">\n\t\t\t\t<div class=\"elementor-widget-container\">\n\t\t\t<h2 class=\"elementor-heading-title elementor-size-default\">HIPATIA<\/h2>\t\t<\/div>\n\t\t\t\t<\/div>\n\t\t\t\t\t\t<\/div>\n\t\t\t\t\t<\/div>\n\t\t<\/div>\n\t\t\t\t\t\t\t\t<\/div>\n\t\t\t\t\t<\/div>\n\t\t<\/section>\n\t\t\t\t<section class=\"elementor-section elementor-top-section elementor-element elementor-element-d7e1d89 elementor-section-boxed elementor-section-height-default elementor-section-height-default\" data-id=\"d7e1d89\" data-element_type=\"section\">\n\t\t\t\t\t\t<div class=\"elementor-container elementor-column-gap-default\">\n\t\t\t\t\t\t\t<div class=\"elementor-row\">\n\t\t\t\t\t<div class=\"elementor-column elementor-col-100 elementor-top-column elementor-element elementor-element-f185869\" data-id=\"f185869\" data-element_type=\"column\">\n\t\t\t<div class=\"elementor-column-wrap elementor-element-populated\">\n\t\t\t\t\t\t\t<div class=\"elementor-widget-wrap\">\n\t\t\t\t\t\t<section class=\"elementor-section elementor-inner-section elementor-element elementor-element-e4edea3 elementor-section-boxed elementor-section-height-default elementor-section-height-default\" data-id=\"e4edea3\" data-element_type=\"section\">\n\t\t\t\t\t\t<div class=\"elementor-container elementor-column-gap-default\">\n\t\t\t\t\t\t\t<div class=\"elementor-row\">\n\t\t\t\t\t<div class=\"elementor-column elementor-col-50 elementor-inner-column elementor-element elementor-element-89bb646\" data-id=\"89bb646\" data-element_type=\"column\">\n\t\t\t<div class=\"elementor-column-wrap elementor-element-populated\">\n\t\t\t\t\t\t\t<div class=\"elementor-widget-wrap\">\n\t\t\t\t\t\t<div class=\"elementor-element elementor-element-cf521c1 elementor-widget elementor-widget-text-editor\" data-id=\"cf521c1\" data-element_type=\"widget\" data-widget_type=\"text-editor.default\">\n\t\t\t\t<div class=\"elementor-widget-container\">\n\t\t\t\t\t\t\t\t<div class=\"elementor-text-editor elementor-clearfix\">\n\t\t\t\t<p>El aula Hipatia cuenta con 24 equipos para los alumnos y otro m\u00e1s para el profesor.\u00a0<\/p><p>Adem\u00e1s est\u00e1 equipada con un monitor interactivo de \u00faltima generaci\u00f3n Benq de 75&#8243;, t\u00e1ctil, para la impartici\u00f3n de la docencia<\/p>\t\t\t\t\t<\/div>\n\t\t\t\t\t\t<\/div>\n\t\t\t\t<\/div>\n\t\t\t\t\t\t<\/div>\n\t\t\t\t\t<\/div>\n\t\t<\/div>\n\t\t\t\t<div class=\"elementor-column elementor-col-50 elementor-inner-column elementor-element elementor-element-2fba388\" data-id=\"2fba388\" data-element_type=\"column\">\n\t\t\t<div class=\"elementor-column-wrap elementor-element-populated\">\n\t\t\t\t\t\t\t<div class=\"elementor-widget-wrap\">\n\t\t\t\t\t\t<div class=\"elementor-element elementor-element-eb58e29 elementor-widget elementor-widget-image\" data-id=\"eb58e29\" data-element_type=\"widget\" data-widget_type=\"image.default\">\n\t\t\t\t<div class=\"elementor-widget-container\">\n\t\t\t\t\t\t\t\t<div class=\"elementor-image\">\n\t\t\t\t\t\t\t\t\t<figure class=\"wp-caption\">\n\t\t\t\t\t\t\t\t\t\t\t<a href=\"https:\/\/www1.caminos.upm.es\/matematicas\/wp-content\/uploads\/20210928_131352.jpg\" data-elementor-open-lightbox=\"yes\" data-elementor-lightbox-title=\"Aula Hipatia\" data-elementor-lightbox-description=\"Aula Hipatia\" e-action-hash=\"#elementor-action%3Aaction%3Dlightbox%26settings%3DeyJpZCI6MTc4MSwidXJsIjoiaHR0cHM6XC9cL3d3dzEuY2FtaW5vcy51cG0uZXNcL21hdGVtYXRpY2FzXC93cC1jb250ZW50XC91cGxvYWRzXC8yMDIxMDkyOF8xMzEzNTIuanBnIn0%3D\">\n\t\t\t\t\t\t\t<img decoding=\"async\" width=\"640\" height=\"360\" src=\"https:\/\/www1.caminos.upm.es\/matematicas\/wp-content\/uploads\/20210928_131352.jpg\" class=\"attachment-large size-large\" alt=\"aula hipatia\" loading=\"lazy\" srcset=\"https:\/\/www1.caminos.upm.es\/matematicas\/wp-content\/uploads\/20210928_131352.jpg 1280w, https:\/\/www1.caminos.upm.es\/matematicas\/wp-content\/uploads\/20210928_131352-300x169.jpg 300w, https:\/\/www1.caminos.upm.es\/matematicas\/wp-content\/uploads\/20210928_131352-768x432.jpg 768w\" sizes=\"(max-width: 640px) 100vw, 640px\" \/>\t\t\t\t\t\t\t\t<\/a>\n\t\t\t\t\t\t\t\t\t\t\t<figcaption class=\"widget-image-caption wp-caption-text\">Aula Hipatia<\/figcaption>\n\t\t\t\t\t\t\t\t\t\t<\/figure>\n\t\t\t\t\t\t\t\t<\/div>\n\t\t\t\t\t\t<\/div>\n\t\t\t\t<\/div>\n\t\t\t\t\t\t<\/div>\n\t\t\t\t\t<\/div>\n\t\t<\/div>\n\t\t\t\t\t\t\t\t<\/div>\n\t\t\t\t\t<\/div>\n\t\t<\/section>\n\t\t\t\t\t\t<\/div>\n\t\t\t\t\t<\/div>\n\t\t<\/div>\n\t\t\t\t\t\t\t\t<\/div>\n\t\t\t\t\t<\/div>\n\t\t<\/section>\n\t\t\t\t<section class=\"elementor-section elementor-top-section elementor-element elementor-element-6e34f49 elementor-section-boxed elementor-section-height-default elementor-section-height-default\" data-id=\"6e34f49\" data-element_type=\"section\">\n\t\t\t\t\t\t<div class=\"elementor-container elementor-column-gap-default\">\n\t\t\t\t\t\t\t<div class=\"elementor-row\">\n\t\t\t\t\t<div class=\"elementor-column elementor-col-100 elementor-top-column elementor-element elementor-element-a3001c7\" data-id=\"a3001c7\" data-element_type=\"column\">\n\t\t\t<div class=\"elementor-column-wrap elementor-element-populated\">\n\t\t\t\t\t\t\t<div class=\"elementor-widget-wrap\">\n\t\t\t\t\t\t<div class=\"elementor-element elementor-element-5feb432 elementor-widget elementor-widget-heading\" data-id=\"5feb432\" data-element_type=\"widget\" data-widget_type=\"heading.default\">\n\t\t\t\t<div class=\"elementor-widget-container\">\n\t\t\t<h2 class=\"elementor-heading-title elementor-size-default\">BARA\u00d1ANO<\/h2>\t\t<\/div>\n\t\t\t\t<\/div>\n\t\t\t\t\t\t<\/div>\n\t\t\t\t\t<\/div>\n\t\t<\/div>\n\t\t\t\t\t\t\t\t<\/div>\n\t\t\t\t\t<\/div>\n\t\t<\/section>\n\t\t\t\t<section class=\"elementor-section elementor-top-section elementor-element elementor-element-fa6a3af elementor-section-boxed elementor-section-height-default elementor-section-height-default\" data-id=\"fa6a3af\" data-element_type=\"section\">\n\t\t\t\t\t\t<div class=\"elementor-container elementor-column-gap-default\">\n\t\t\t\t\t\t\t<div class=\"elementor-row\">\n\t\t\t\t\t<div class=\"elementor-column elementor-col-100 elementor-top-column elementor-element elementor-element-ddd9ebb\" data-id=\"ddd9ebb\" data-element_type=\"column\">\n\t\t\t<div class=\"elementor-column-wrap elementor-element-populated\">\n\t\t\t\t\t\t\t<div class=\"elementor-widget-wrap\">\n\t\t\t\t\t\t<section class=\"elementor-section elementor-inner-section elementor-element elementor-element-dc5575f elementor-section-boxed elementor-section-height-default elementor-section-height-default\" data-id=\"dc5575f\" data-element_type=\"section\">\n\t\t\t\t\t\t<div class=\"elementor-container elementor-column-gap-default\">\n\t\t\t\t\t\t\t<div class=\"elementor-row\">\n\t\t\t\t\t<div class=\"elementor-column elementor-col-50 elementor-inner-column elementor-element elementor-element-93987b2\" data-id=\"93987b2\" data-element_type=\"column\">\n\t\t\t<div class=\"elementor-column-wrap elementor-element-populated\">\n\t\t\t\t\t\t\t<div class=\"elementor-widget-wrap\">\n\t\t\t\t\t\t<div class=\"elementor-element elementor-element-a534cbe elementor-widget elementor-widget-image\" data-id=\"a534cbe\" data-element_type=\"widget\" data-widget_type=\"image.default\">\n\t\t\t\t<div class=\"elementor-widget-container\">\n\t\t\t\t\t\t\t\t<div class=\"elementor-image\">\n\t\t\t\t\t\t\t\t\t<figure class=\"wp-caption\">\n\t\t\t\t\t\t\t\t\t\t\t<a href=\"https:\/\/www1.caminos.upm.es\/matematicas\/wp-content\/uploads\/20210928_131819.jpg\" data-elementor-open-lightbox=\"yes\" data-elementor-lightbox-title=\"Aula Bara\u00f1ano\" data-elementor-lightbox-description=\"Aula Bara\u00f1ano\" e-action-hash=\"#elementor-action%3Aaction%3Dlightbox%26settings%3DeyJpZCI6MTc4OCwidXJsIjoiaHR0cHM6XC9cL3d3dzEuY2FtaW5vcy51cG0uZXNcL21hdGVtYXRpY2FzXC93cC1jb250ZW50XC91cGxvYWRzXC8yMDIxMDkyOF8xMzE4MTkuanBnIn0%3D\">\n\t\t\t\t\t\t\t<img decoding=\"async\" width=\"640\" height=\"360\" src=\"https:\/\/www1.caminos.upm.es\/matematicas\/wp-content\/uploads\/20210928_131819.jpg\" class=\"attachment-large size-large\" alt=\"Aula Bara\u00f1ano\" loading=\"lazy\" srcset=\"https:\/\/www1.caminos.upm.es\/matematicas\/wp-content\/uploads\/20210928_131819.jpg 1280w, https:\/\/www1.caminos.upm.es\/matematicas\/wp-content\/uploads\/20210928_131819-300x169.jpg 300w, https:\/\/www1.caminos.upm.es\/matematicas\/wp-content\/uploads\/20210928_131819-768x432.jpg 768w\" sizes=\"(max-width: 640px) 100vw, 640px\" \/>\t\t\t\t\t\t\t\t<\/a>\n\t\t\t\t\t\t\t\t\t\t\t<figcaption class=\"widget-image-caption wp-caption-text\">Aula Bara\u00f1ano<\/figcaption>\n\t\t\t\t\t\t\t\t\t\t<\/figure>\n\t\t\t\t\t\t\t\t<\/div>\n\t\t\t\t\t\t<\/div>\n\t\t\t\t<\/div>\n\t\t\t\t\t\t<\/div>\n\t\t\t\t\t<\/div>\n\t\t<\/div>\n\t\t\t\t<div class=\"elementor-column elementor-col-50 elementor-inner-column elementor-element elementor-element-214030d\" data-id=\"214030d\" data-element_type=\"column\">\n\t\t\t<div class=\"elementor-column-wrap elementor-element-populated\">\n\t\t\t\t\t\t\t<div class=\"elementor-widget-wrap\">\n\t\t\t\t\t\t<div class=\"elementor-element elementor-element-76434f8 elementor-widget elementor-widget-text-editor\" data-id=\"76434f8\" data-element_type=\"widget\" data-widget_type=\"text-editor.default\">\n\t\t\t\t<div class=\"elementor-widget-container\">\n\t\t\t\t\t\t\t\t<div class=\"elementor-text-editor elementor-clearfix\">\n\t\t\t\t<p>El aula Bara\u00f1ano cuenta con 32 equipos para los alumnos m\u00e1s el del profesor.<\/p><p>Del mismo modo que la anterior, est\u00e1 equipada con un monitor interactivo Benq de 86&#8243; t\u00e1ctil que lo hace id\u00f3neo para la impartici\u00f3n de la docencia<\/p>\t\t\t\t\t<\/div>\n\t\t\t\t\t\t<\/div>\n\t\t\t\t<\/div>\n\t\t\t\t\t\t<\/div>\n\t\t\t\t\t<\/div>\n\t\t<\/div>\n\t\t\t\t\t\t\t\t<\/div>\n\t\t\t\t\t<\/div>\n\t\t<\/section>\n\t\t\t\t\t\t<\/div>\n\t\t\t\t\t<\/div>\n\t\t<\/div>\n\t\t\t\t\t\t\t\t<\/div>\n\t\t\t\t\t<\/div>\n\t\t<\/section>\n\t\t\t\t\t\t\t\t\t<\/div>\n\t\t\t<\/div>\n\t\t\t\t\t<\/div>\n\t\t","protected":false},"excerpt":{"rendered":"<p>TURING Aula Turing El aula Turing cuenta con 49 equipos para los alumnos, uno para el profesor y est\u00e1 equipada con 2 proyectores. El principal , que adem\u00e1s es pizarra electr\u00f3nica, y otro adicional que es una r\u00e9plica del primero para un mejor visionado desde cualquier punto del aula. Dispone actualmente de dos equipos de <a href=\"https:\/\/www1.caminos.upm.es\/matematicas\/laboratorios\/\" rel=\"nofollow\"><span class=\"sr-only\">Leer m\u00e1sLaboratorios<\/span>[&hellip;]<\/a><\/p>\n","protected":false},"author":9,"featured_media":0,"parent":0,"menu_order":0,"comment_status":"closed","ping_status":"closed","template":"","meta":[],"_links":{"self":[{"href":"https:\/\/www1.caminos.upm.es\/matematicas\/wp-json\/wp\/v2\/pages\/1779"}],"collection":[{"href":"https:\/\/www1.caminos.upm.es\/matematicas\/wp-json\/wp\/v2\/pages"}],"about":[{"href":"https:\/\/www1.caminos.upm.es\/matematicas\/wp-json\/wp\/v2\/types\/page"}],"author":[{"embeddable":true,"href":"https:\/\/www1.caminos.upm.es\/matematicas\/wp-json\/wp\/v2\/users\/9"}],"replies":[{"embeddable":true,"href":"https:\/\/www1.caminos.upm.es\/matematicas\/wp-json\/wp\/v2\/comments?post=1779"}],"version-history":[{"count":52,"href":"https:\/\/www1.caminos.upm.es\/matematicas\/wp-json\/wp\/v2\/pages\/1779\/revisions"}],"predecessor-version":[{"id":1837,"href":"https:\/\/www1.caminos.upm.es\/matematicas\/wp-json\/wp\/v2\/pages\/1779\/revisions\/1837"}],"wp:attachment":[{"href":"https:\/\/www1.caminos.upm.es\/matematicas\/wp-json\/wp\/v2\/media?parent=1779"}],"curies":[{"name":"wp","href":"https:\/\/api.w.org\/{rel}","templated":true}]}}