{"id":379,"date":"2022-03-08T07:17:59","date_gmt":"2022-03-08T07:17:59","guid":{"rendered":"http:\/\/web-gestores.caminos.upm.es\/geotecnia\/?page_id=379"},"modified":"2022-11-27T22:35:12","modified_gmt":"2022-11-27T22:35:12","slug":"innovacion-educativa","status":"publish","type":"page","link":"https:\/\/www1.caminos.upm.es\/geotecnia\/innovacion-educativa\/","title":{"rendered":"Innovaci\u00f3n Educativa"},"content":{"rendered":"\n<p>La unidad docente ha participado en varios Proyectos de Innovaci\u00f3n Docente financiados por la UPM.<\/p>\n\n\n\n<p>Desde hace a\u00f1os se trabaja en la creaci\u00f3n de material para ense\u00f1anza seg\u00fan la metodolog\u00eda de Aula Invertida. Algunos de los Proyectos realizados han sido:<\/p>\n\n\n\n<ul><li><em><mark style=\"background-color:rgba(0, 0, 0, 0)\" class=\"has-inline-color has-very-dark-gray-color\">Aula Invertida para el aprendizaje de un programas geot\u00e9cnicos.<\/mark><\/em><\/li><li><em><mark style=\"background-color:rgba(0, 0, 0, 0)\" class=\"has-inline-color has-very-dark-gray-color\">Implantaci\u00f3n de pr\u00e1cticas y casos reales en la asignatura de ingenier\u00eda geot\u00e9cnica<\/mark><\/em><\/li><li><em><mark style=\"background-color:rgba(0, 0, 0, 0)\" class=\"has-inline-color has-very-dark-gray-color\">Un afloramiento rocoso en el laboratorio: Aula Invertida para el aprendizaje de las estaciones geomec\u00e1nicas<\/mark><\/em><\/li><li><em><mark style=\"background-color:rgba(0, 0, 0, 0)\" class=\"has-inline-color has-very-dark-gray-color\">Volcanes virtuales: Aula invertida de geotecnia de materiales volc\u00e1nicos a trav\u00e9s de entornos virtuales y TICs<\/mark><\/em><\/li><li><em>Proyecto de Innovaci\u00f3n Educativa sobre Estaciones Geomec\u00e1nicas<\/em> <em>(Art\u00edculo disponible en\u00a0<a rel=\"noreferrer noopener\" href=\"https:\/\/short.upm.es\/gfi0m\" target=\"_blank\">https:\/\/short.upm.es\/gfi0m<\/a>)<\/em><\/li><\/ul>\n\n\n\n<p>Tambi\u00e9n se han desarrollado Proyectos basado en Problemas como la Reparaci\u00f3n de deslizamientos de laderas, un reto para conectar la docencia y el mundo profesional<\/p>\n\n\n\n<figure class=\"wp-block-image size-large\"><img loading=\"lazy\" width=\"740\" height=\"277\" src=\"http:\/\/web-gestores.caminos.upm.es\/geotecnia\/wp-content\/uploads\/2022\/03\/image.png\" alt=\"\" class=\"wp-image-380\" srcset=\"https:\/\/www1.caminos.upm.es\/geotecnia\/wp-content\/uploads\/2022\/03\/image.png 740w, https:\/\/www1.caminos.upm.es\/geotecnia\/wp-content\/uploads\/2022\/03\/image-300x112.png 300w\" sizes=\"(max-width: 740px) 100vw, 740px\" \/><\/figure>\n\n\n\n<p>Adem\u00e1s, se ha creado material para el aprendizaje de ensayos de laboratorio. Se pueden consultar en el canal de youtube GeotecniaICCP<\/p>\n","protected":false},"excerpt":{"rendered":"<p>La unidad docente ha participado en varios Proyectos de Innovaci\u00f3n Docente financiados por la UPM.<\/p>\n<div class=\"continue-reading-blog\"><a href=\"https:\/\/www1.caminos.upm.es\/geotecnia\/innovacion-educativa\/\" class=\"more-link\">Continue Reading<i class=\"fa fa-long-arrow-right\"><\/i><span class=\"screen-reader-text\">Innovaci\u00f3n Educativa<\/span><\/a><\/div>\n","protected":false},"author":1,"featured_media":0,"parent":0,"menu_order":0,"comment_status":"closed","ping_status":"closed","template":"","meta":{"spay_email":""},"jetpack_sharing_enabled":true,"jetpack_shortlink":"https:\/\/wp.me\/P89a4k-67","_links":{"self":[{"href":"https:\/\/www1.caminos.upm.es\/geotecnia\/wp-json\/wp\/v2\/pages\/379"}],"collection":[{"href":"https:\/\/www1.caminos.upm.es\/geotecnia\/wp-json\/wp\/v2\/pages"}],"about":[{"href":"https:\/\/www1.caminos.upm.es\/geotecnia\/wp-json\/wp\/v2\/types\/page"}],"author":[{"embeddable":true,"href":"https:\/\/www1.caminos.upm.es\/geotecnia\/wp-json\/wp\/v2\/users\/1"}],"replies":[{"embeddable":true,"href":"https:\/\/www1.caminos.upm.es\/geotecnia\/wp-json\/wp\/v2\/comments?post=379"}],"version-history":[{"count":4,"href":"https:\/\/www1.caminos.upm.es\/geotecnia\/wp-json\/wp\/v2\/pages\/379\/revisions"}],"predecessor-version":[{"id":415,"href":"https:\/\/www1.caminos.upm.es\/geotecnia\/wp-json\/wp\/v2\/pages\/379\/revisions\/415"}],"wp:attachment":[{"href":"https:\/\/www1.caminos.upm.es\/geotecnia\/wp-json\/wp\/v2\/media?parent=379"}],"curies":[{"name":"wp","href":"https:\/\/api.w.org\/{rel}","templated":true}]}}