{"id":311,"date":"2017-01-12T13:16:23","date_gmt":"2017-01-12T13:16:23","guid":{"rendered":"http:\/\/web-gestores.caminos.upm.es\/geotecnia\/?page_id=311"},"modified":"2017-03-03T22:38:26","modified_gmt":"2017-03-03T22:38:26","slug":"fiabilidad-y-modelizacion-numerica-de-problemas-geotecnicos","status":"publish","type":"page","link":"https:\/\/www1.caminos.upm.es\/geotecnia\/fiabilidad-y-modelizacion-numerica-de-problemas-geotecnicos\/","title":{"rendered":"Fiabilidad y modelizaci\u00f3n num\u00e9rica de problemas geot\u00e9cnicos"},"content":{"rendered":"<p style=\"text-align: justify;\">Dentro de esta l\u00ednea se trabaja con programas especializados -comerciales (Flac3D y similares) o de elaboraci\u00f3n propia-<\/p>\n<p style=\"text-align: justify;\">para analizar num\u00e9ricamente el comportamiento de dise\u00f1os geot\u00e9cnicos complejos, as\u00ed como para analizar la influencia que las incertidumbres de los par\u00e1metros de entrada tienen en el resultado esperado. Igualmente, se han desarrollado modelos estad\u00edsticos de predicci\u00f3n de ocurrencia de fen\u00f3menos complejos, o para la calibraci\u00f3n de par\u00e1metros geot\u00e9cnicos.<\/p>\n<p class=\"jetpack-slideshow-noscript robots-nocontent\">El pase de diapositivas requiere JavaScript.<\/p><div id=\"gallery-311-1-slideshow\" class=\"slideshow-window jetpack-slideshow slideshow-black\" data-trans=\"fade\" data-autostart=\"1\" data-gallery=\"[{&quot;src&quot;:&quot;https:\\\/\\\/www1.caminos.upm.es\\\/geotecnia\\\/wp-content\\\/uploads\\\/2017\\\/03\\\/Presentaci\\u00f3n4.png&quot;,&quot;id&quot;:&quot;357&quot;,&quot;title&quot;:&quot;Presentaci\\u00f3n4&quot;,&quot;alt&quot;:&quot;&quot;,&quot;caption&quot;:&quot;Redes Bayesianas para predecir rockburst en t\\u00faneles&quot;,&quot;itemprop&quot;:&quot;image&quot;},{&quot;src&quot;:&quot;https:\\\/\\\/www1.caminos.upm.es\\\/geotecnia\\\/wp-content\\\/uploads\\\/2017\\\/03\\\/Presentaci\\u00f3n5.png&quot;,&quot;id&quot;:&quot;358&quot;,&quot;title&quot;:&quot;Presentaci\\u00f3n5&quot;,&quot;alt&quot;:&quot;&quot;,&quot;caption&quot;:&quot;C\\u00e1lculo de la fiabilidad de sistemas geot\\u00e9cnicos&quot;,&quot;itemprop&quot;:&quot;image&quot;},{&quot;src&quot;:&quot;https:\\\/\\\/www1.caminos.upm.es\\\/geotecnia\\\/wp-content\\\/uploads\\\/2017\\\/03\\\/Presentaci\\u00f3n6.png&quot;,&quot;id&quot;:&quot;359&quot;,&quot;title&quot;:&quot;Presentaci\\u00f3n6&quot;,&quot;alt&quot;:&quot;&quot;,&quot;caption&quot;:&quot;Elementos finitos probabilistas&quot;,&quot;itemprop&quot;:&quot;image&quot;},{&quot;src&quot;:&quot;https:\\\/\\\/www1.caminos.upm.es\\\/geotecnia\\\/wp-content\\\/uploads\\\/2017\\\/03\\\/Presentaci\\u00f3n9.png&quot;,&quot;id&quot;:&quot;360&quot;,&quot;title&quot;:&quot;Presentaci\\u00f3n9&quot;,&quot;alt&quot;:&quot;&quot;,&quot;caption&quot;:&quot;Modelizaci\\u00f3n num\\u00e9rica avanzada con criterios de rotura 3D&quot;,&quot;itemprop&quot;:&quot;image&quot;}]\" itemscope itemtype=\"https:\/\/schema.org\/ImageGallery\"><\/div>\n","protected":false},"excerpt":{"rendered":"<p>Dentro de esta l\u00ednea se trabaja con programas especializados -comerciales (Flac3D y similares) o de<\/p>\n<div class=\"continue-reading-blog\"><a href=\"https:\/\/www1.caminos.upm.es\/geotecnia\/fiabilidad-y-modelizacion-numerica-de-problemas-geotecnicos\/\" class=\"more-link\">Continue Reading<i class=\"fa fa-long-arrow-right\"><\/i><span class=\"screen-reader-text\">Fiabilidad y modelizaci\u00f3n num\u00e9rica de problemas geot\u00e9cnicos<\/span><\/a><\/div>\n","protected":false},"author":1,"featured_media":0,"parent":0,"menu_order":0,"comment_status":"closed","ping_status":"closed","template":"","meta":{"spay_email":""},"jetpack_sharing_enabled":true,"jetpack_shortlink":"https:\/\/wp.me\/P89a4k-51","_links":{"self":[{"href":"https:\/\/www1.caminos.upm.es\/geotecnia\/wp-json\/wp\/v2\/pages\/311"}],"collection":[{"href":"https:\/\/www1.caminos.upm.es\/geotecnia\/wp-json\/wp\/v2\/pages"}],"about":[{"href":"https:\/\/www1.caminos.upm.es\/geotecnia\/wp-json\/wp\/v2\/types\/page"}],"author":[{"embeddable":true,"href":"https:\/\/www1.caminos.upm.es\/geotecnia\/wp-json\/wp\/v2\/users\/1"}],"replies":[{"embeddable":true,"href":"https:\/\/www1.caminos.upm.es\/geotecnia\/wp-json\/wp\/v2\/comments?post=311"}],"version-history":[{"count":12,"href":"https:\/\/www1.caminos.upm.es\/geotecnia\/wp-json\/wp\/v2\/pages\/311\/revisions"}],"predecessor-version":[{"id":362,"href":"https:\/\/www1.caminos.upm.es\/geotecnia\/wp-json\/wp\/v2\/pages\/311\/revisions\/362"}],"wp:attachment":[{"href":"https:\/\/www1.caminos.upm.es\/geotecnia\/wp-json\/wp\/v2\/media?parent=311"}],"curies":[{"name":"wp","href":"https:\/\/api.w.org\/{rel}","templated":true}]}}