{"id":25,"date":"2016-11-25T10:19:47","date_gmt":"2016-11-25T10:19:47","guid":{"rendered":"http:\/\/web-gestores.caminos.upm.es\/geotecnia\/?page_id=25"},"modified":"2017-01-12T22:06:11","modified_gmt":"2017-01-12T22:06:11","slug":"localizacion","status":"publish","type":"page","link":"https:\/\/www1.caminos.upm.es\/geotecnia\/localizacion\/","title":{"rendered":"Laboratorio"},"content":{"rendered":"<p><span style=\"color: #000000;\">El laboratorio de Geotecnia est\u00e1 situado en el segundo s\u00f3tano. <a style=\"color: #000000;\" href=\"http:\/\/web-gestores.caminos.upm.es\/geotecnia\/wp-content\/uploads\/2016\/11\/sotano3.png\">Ver ubicaci\u00f3n<\/a>. Si quieres visitarlo te podremos atender de lunes a viernes de 9 a 13:30 h.<\/span><\/p>\n<p><span style=\"color: #000000;\">En el mismo los alumnos de la Asignatura de Mec\u00e1nica de Suelo realizan algunos ensayos de identificaci\u00f3n y caracterizaci\u00f3n del comportamiento de suelos<\/span>.<span style=\"color: #000000;\"> Entre otros, los ensayos de que se pueden realizar son los siguientes:<\/span><\/p>\n<ul>\n<li><span style=\"color: #000000;\">Granulometr\u00eda por tamizado<\/span><\/li>\n<li><span style=\"color: #000000;\">Granulometr\u00eda por sedimentaci\u00f3n<\/span><\/li>\n<li><span style=\"color: #000000;\">L\u00edmite l\u00edquido<\/span><\/li>\n<li><span style=\"color: #000000;\">L\u00edmite pl\u00e1stico<\/span><\/li>\n<li><span style=\"color: #000000;\">Densidad m\u00e1xima y m\u00ednima en una arena<\/span><\/li>\n<li><span style=\"color: #000000;\">Perme\u00e1metro con carga constante<\/span><\/li>\n<li><span style=\"color: #000000;\">Ed\u00f3metro<\/span><\/li>\n<li><span style=\"color: #000000;\">Ensayo de resistencia a compresi\u00f3n simple<\/span><\/li>\n<li><span style=\"color: #000000;\">Ensayo de corte directo<\/span><\/li>\n<li><span style=\"color: #000000;\">Ensayo triaxial de probetas de 1,5&#8243;<\/span><\/li>\n<li><span style=\"color: #000000;\">Tanque de sifonamiento<\/span><\/li>\n<\/ul>\n<p class=\"jetpack-slideshow-noscript robots-nocontent\">El pase de diapositivas requiere JavaScript.<\/p><div id=\"gallery-25-1-slideshow\" class=\"slideshow-window jetpack-slideshow slideshow-black\" data-trans=\"fade\" data-autostart=\"1\" data-gallery=\"[{&quot;src&quot;:&quot;https:\\\/\\\/www1.caminos.upm.es\\\/geotecnia\\\/wp-content\\\/uploads\\\/2016\\\/11\\\/20161130_161324.jpg&quot;,&quot;id&quot;:&quot;113&quot;,&quot;title&quot;:&quot;20161130_161324&quot;,&quot;alt&quot;:&quot;&quot;,&quot;caption&quot;:&quot;L\\u00edmite l\\u00edquido&quot;,&quot;itemprop&quot;:&quot;image&quot;},{&quot;src&quot;:&quot;https:\\\/\\\/www1.caminos.upm.es\\\/geotecnia\\\/wp-content\\\/uploads\\\/2016\\\/11\\\/20161130_164821.jpg&quot;,&quot;id&quot;:&quot;112&quot;,&quot;title&quot;:&quot;20161130_164821&quot;,&quot;alt&quot;:&quot;&quot;,&quot;caption&quot;:&quot;Preparaci\\u00f3n de una muestra&quot;,&quot;itemprop&quot;:&quot;image&quot;},{&quot;src&quot;:&quot;https:\\\/\\\/www1.caminos.upm.es\\\/geotecnia\\\/wp-content\\\/uploads\\\/2016\\\/11\\\/20161130_163206.jpg&quot;,&quot;id&quot;:&quot;111&quot;,&quot;title&quot;:&quot;20161130_163206&quot;,&quot;alt&quot;:&quot;&quot;,&quot;caption&quot;:&quot;Granulometr\\u00eda por tamizado&quot;,&quot;itemprop&quot;:&quot;image&quot;},{&quot;src&quot;:&quot;https:\\\/\\\/www1.caminos.upm.es\\\/geotecnia\\\/wp-content\\\/uploads\\\/2016\\\/11\\\/20161130_161032.jpg&quot;,&quot;id&quot;:&quot;110&quot;,&quot;title&quot;:&quot;20161130_161032&quot;,&quot;alt&quot;:&quot;&quot;,&quot;caption&quot;:&quot;Clase de laboratorio&quot;,&quot;itemprop&quot;:&quot;image&quot;},{&quot;src&quot;:&quot;https:\\\/\\\/www1.caminos.upm.es\\\/geotecnia\\\/wp-content\\\/uploads\\\/2016\\\/11\\\/20161130_160228.jpg&quot;,&quot;id&quot;:&quot;109&quot;,&quot;title&quot;:&quot;20161130_160228&quot;,&quot;alt&quot;:&quot;&quot;,&quot;caption&quot;:&quot;Ensayo triaxial&quot;,&quot;itemprop&quot;:&quot;image&quot;},{&quot;src&quot;:&quot;https:\\\/\\\/www1.caminos.upm.es\\\/geotecnia\\\/wp-content\\\/uploads\\\/2016\\\/11\\\/20161130_160202.jpg&quot;,&quot;id&quot;:&quot;108&quot;,&quot;title&quot;:&quot;20161130_160202&quot;,&quot;alt&quot;:&quot;&quot;,&quot;caption&quot;:&quot;Ensayo ed\\u00f3metrico&quot;,&quot;itemprop&quot;:&quot;image&quot;},{&quot;src&quot;:&quot;https:\\\/\\\/www1.caminos.upm.es\\\/geotecnia\\\/wp-content\\\/uploads\\\/2016\\\/11\\\/20161130_160125.jpg&quot;,&quot;id&quot;:&quot;107&quot;,&quot;title&quot;:&quot;20161130_160125&quot;,&quot;alt&quot;:&quot;&quot;,&quot;caption&quot;:&quot;L\\u00edmites de Atterberg&quot;,&quot;itemprop&quot;:&quot;image&quot;},{&quot;src&quot;:&quot;https:\\\/\\\/www1.caminos.upm.es\\\/geotecnia\\\/wp-content\\\/uploads\\\/2016\\\/11\\\/DSC_0086.jpg&quot;,&quot;id&quot;:&quot;345&quot;,&quot;title&quot;:&quot;DSC_0086&quot;,&quot;alt&quot;:&quot;&quot;,&quot;caption&quot;:&quot;Tanque de sifonamiento&quot;,&quot;itemprop&quot;:&quot;image&quot;}]\" itemscope itemtype=\"https:\/\/schema.org\/ImageGallery\"><\/div>\n<p style=\"text-align: justify;\"><span style=\"color: #000000;\">Adem\u00e1s de los equipos convencionales que se acaban de enumerar en el Laboratorio de Geotecnia existen algunos equipo singulares como los siguientes:<\/span><\/p>\n<ul>\n<li style=\"text-align: justify;\"><span style=\"color: #000000;\">Equipo triaxial de 9&#8243;<\/span><\/li>\n<li style=\"text-align: justify;\"><span style=\"color: #000000;\">Equipo triaxial c\u00edclico<\/span><\/li>\n<li style=\"text-align: justify;\"><span style=\"color: #000000;\">Triaxial de rocas<\/span><\/li>\n<li style=\"text-align: justify;\"><span style=\"color: #000000;\">Equipo de corte simple<\/span><\/li>\n<li style=\"text-align: justify;\"><span style=\"color: #000000;\">Columna resonante. <\/span><\/li>\n<\/ul>\n<p><span style=\"color: #000000;\">Todos estos equipo son empleados en las distintas l\u00edneas de investigaci\u00f3n de la unidad docente.<\/span><\/p>\n<p class=\"jetpack-slideshow-noscript robots-nocontent\">El pase de diapositivas requiere JavaScript.<\/p><div id=\"gallery-25-2-slideshow\" class=\"slideshow-window jetpack-slideshow slideshow-black\" data-trans=\"fade\" data-autostart=\"1\" data-gallery=\"[{&quot;src&quot;:&quot;https:\\\/\\\/www1.caminos.upm.es\\\/geotecnia\\\/wp-content\\\/uploads\\\/2016\\\/11\\\/Fig06i.png&quot;,&quot;id&quot;:&quot;130&quot;,&quot;title&quot;:&quot;fig06i&quot;,&quot;alt&quot;:&quot;&quot;,&quot;caption&quot;:&quot;Probeta del ensayo de corte simple&quot;,&quot;itemprop&quot;:&quot;image&quot;},{&quot;src&quot;:&quot;https:\\\/\\\/www1.caminos.upm.es\\\/geotecnia\\\/wp-content\\\/uploads\\\/2016\\\/11\\\/TRIAXIALES.jpg&quot;,&quot;id&quot;:&quot;129&quot;,&quot;title&quot;:&quot;triaxiales&quot;,&quot;alt&quot;:&quot;&quot;,&quot;caption&quot;:&quot;Probetas del ensayo triaxial de diferentes tama\\u00f1os. La mayor es de 9\\u0026#8243;&quot;,&quot;itemprop&quot;:&quot;image&quot;},{&quot;src&quot;:&quot;https:\\\/\\\/www1.caminos.upm.es\\\/geotecnia\\\/wp-content\\\/uploads\\\/2016\\\/12\\\/Fig07.jpg&quot;,&quot;id&quot;:&quot;277&quot;,&quot;title&quot;:&quot;fig07&quot;,&quot;alt&quot;:&quot;&quot;,&quot;caption&quot;:&quot;Equipo del ensayo de corte simple&quot;,&quot;itemprop&quot;:&quot;image&quot;},{&quot;src&quot;:&quot;https:\\\/\\\/www1.caminos.upm.es\\\/geotecnia\\\/wp-content\\\/uploads\\\/2016\\\/12\\\/FIG01.jpg&quot;,&quot;id&quot;:&quot;276&quot;,&quot;title&quot;:&quot;fig01&quot;,&quot;alt&quot;:&quot;&quot;,&quot;caption&quot;:&quot;Equipo de columna resonante&quot;,&quot;itemprop&quot;:&quot;image&quot;}]\" itemscope itemtype=\"https:\/\/schema.org\/ImageGallery\"><\/div>\n<p><span style=\"color: #000000;\">Algunos doctorandos han preparado equipos espec\u00edficos para el estudio de algunos temas singulares como puede ser la estabilidad del frente de un t\u00fanel, la erosi\u00f3n interna en las presas&#8230;<\/span><\/p>\n","protected":false},"excerpt":{"rendered":"<p>El laboratorio de Geotecnia est\u00e1 situado en el segundo s\u00f3tano. Ver ubicaci\u00f3n. Si quieres visitarlo<\/p>\n<div class=\"continue-reading-blog\"><a href=\"https:\/\/www1.caminos.upm.es\/geotecnia\/localizacion\/\" class=\"more-link\">Continue Reading<i class=\"fa fa-long-arrow-right\"><\/i><span class=\"screen-reader-text\">Laboratorio<\/span><\/a><\/div>\n","protected":false},"author":1,"featured_media":0,"parent":0,"menu_order":0,"comment_status":"closed","ping_status":"closed","template":"","meta":{"spay_email":""},"jetpack_sharing_enabled":true,"jetpack_shortlink":"https:\/\/wp.me\/P89a4k-p","_links":{"self":[{"href":"https:\/\/www1.caminos.upm.es\/geotecnia\/wp-json\/wp\/v2\/pages\/25"}],"collection":[{"href":"https:\/\/www1.caminos.upm.es\/geotecnia\/wp-json\/wp\/v2\/pages"}],"about":[{"href":"https:\/\/www1.caminos.upm.es\/geotecnia\/wp-json\/wp\/v2\/types\/page"}],"author":[{"embeddable":true,"href":"https:\/\/www1.caminos.upm.es\/geotecnia\/wp-json\/wp\/v2\/users\/1"}],"replies":[{"embeddable":true,"href":"https:\/\/www1.caminos.upm.es\/geotecnia\/wp-json\/wp\/v2\/comments?post=25"}],"version-history":[{"count":28,"href":"https:\/\/www1.caminos.upm.es\/geotecnia\/wp-json\/wp\/v2\/pages\/25\/revisions"}],"predecessor-version":[{"id":349,"href":"https:\/\/www1.caminos.upm.es\/geotecnia\/wp-json\/wp\/v2\/pages\/25\/revisions\/349"}],"wp:attachment":[{"href":"https:\/\/www1.caminos.upm.es\/geotecnia\/wp-json\/wp\/v2\/media?parent=25"}],"curies":[{"name":"wp","href":"https:\/\/api.w.org\/{rel}","templated":true}]}}