{"id":22,"date":"2016-11-25T10:19:11","date_gmt":"2016-11-25T10:19:11","guid":{"rendered":"http:\/\/web-gestores.caminos.upm.es\/geotecnia\/?page_id=22"},"modified":"2026-04-04T08:22:39","modified_gmt":"2026-04-04T08:22:39","slug":"personal","status":"publish","type":"page","link":"https:\/\/www1.caminos.upm.es\/geotecnia\/personal\/","title":{"rendered":"Equipo"},"content":{"rendered":"\n<p><span style=\"color: #000000;\">La Unidad Docente de Geotecnia est\u00e1 compuesta por las siguientes personas:<\/span><\/p>\n\n\n\n<p><span style=\"text-decoration: underline; color: #000000;\"><strong>Profesores<\/strong><\/span><\/p>\n\n\n\n<p><strong><span style=\"text-decoration: underline;\"><span style=\"color: #000080; text-decoration: underline;\">Rafael Jim\u00e9nez Rodriguez<\/span><\/span><\/strong><br><span style=\"color: #000000;\">Catedr\u00e1tico de Universidad<\/span><br><span style=\"color: #000000;\">mail: rafael.jimenez@upm.es<\/span><br><span style=\"color: #000000;\"> Tfno: 91 067 42 73<\/span><br><span style=\"color: #000000;\"><a href=\"http:\/\/web-gestores.caminos.upm.es\/geotecnia\/wp-content\/uploads\/2016\/12\/cv-rafael-jimenez.pdf\">Curriculum<\/a><br><\/span><\/p>\n\n\n\n<p><span style=\"color: #000000;\"><span style=\"color: #000080;\"><b><u>Rub\u00e9n<\/u><\/b><\/span><strong style=\"color: #000000;\"><span style=\"text-decoration: underline;\"><span style=\"color: #000080; text-decoration: underline;\">&nbsp;Galindo Aires<\/span><\/span><\/strong><br><span style=\"color: #000000;\">Catedr\u00e1tico de Universidad<\/span><br><span style=\"color: #000000;\">mail: rubenangel.galindo@upm.es<\/span><br><span style=\"color: #000000;\">Tfno: 91 067 42 75<\/span><\/span><\/p>\n\n\n\n<p><span style=\"color: #000000;\"><a href=\"http:\/\/web-gestores.caminos.upm.es\/geotecnia\/wp-content\/uploads\/2022\/03\/CV_RUBEN-GALINDO-AIRES.pdf\">Curriculum<\/a><\/span><\/p>\n\n\n\n<p><span style=\"color: #000000;\"><strong><span style=\"text-decoration: underline;\"><span style=\"color: #000080; text-decoration: underline;\">Ignacio Gonz\u00e1lez Tejada<\/span><\/span><\/strong><br>Profesor Titular<br>mail: ignacio.gtejada@upm.es<br>Tfno: 91 067 42 74<br><a href=\"http:\/\/web-gestores.caminos.upm.es\/geotecnia\/wp-content\/uploads\/2016\/11\/Bio_Ignacio.pdf\">Curriculum<\/a><\/span><\/p>\n\n\n\n<p><span style=\"color: #000000;\"><strong><span style=\"text-decoration: underline;\"><span style=\"color: #000080; text-decoration: underline;\">Salvador Senent Dom\u00ednguez<\/span><\/span><\/strong><br>Profesor Titular<br>mail: &nbsp;<a class=\"u-email\" href=\"mailto:s.senent@upm.es\">s.senent@upm.es<\/a><br>Tfno: 91 067 42 63<\/span><\/p>\n\n\n\n<p><span style=\"color: #000000;\"><a href=\"http:\/\/web-gestores.caminos.upm.es\/geotecnia\/wp-content\/uploads\/2022\/03\/CV_Salvador_Senent_2022_03_17-1.pdf\">Curriculum<\/a><\/span><\/p>\n\n\n\n<p><\/p>\n\n\n\n<p><span style=\"color: #000000;\"><strong><span style=\"text-decoration: underline;\"><span style=\"color: #000080; text-decoration: underline;\">Jes\u00fas Gonz\u00e1lez Galindo<\/span><\/span><\/strong><br>Profesor Contratado Doctor<br>mail: jesus.gonzalezg@upm.es<br>Tfno: 91 067 42 77<br><a href=\"http:\/\/web-gestores.caminos.upm.es\/geotecnia\/wp-content\/uploads\/2022\/03\/CURRICULUM-Jesus-gonzalez_23_32022.pdf\">Curriculum<\/a><\/span><\/p>\n\n\n\n<p><\/p>\n\n\n\n<p><strong><span style=\"text-decoration: underline;\"><span style=\"color: #000080; text-decoration: underline;\">Luis Jord\u00e1 Bordehore<\/span><\/span><\/strong><br><span style=\"color: #000000;\">Profesor Contratado Doctor<\/span><br><span style=\"color: #000000;\">mail: l.jorda@upm.es<\/span><br><span style=\"color: #000000;\">Tfno: 91 067 42 72<\/span><\/p>\n\n\n\n<p><strong><span style=\"text-decoration: underline;\"><span style=\"color: #000080; text-decoration: underline;\">Jos\u00e9 Gregorio Guti\u00e9rrez Chac\u00f3n<\/span><\/span><\/strong><br><span style=\"color: #000000;\">Profesor Permanente Laboral<\/span><br><span style=\"color: #000000;\">mail:jg.gutierrez@upm.es<\/span><br><span style=\"color: #000000;\">Tfno: 91 067 42 72<\/span><\/p>\n\n\n\n<p><span style=\"color: #000000;\"><a href=\"http:\/\/web-gestores.caminos.upm.es\/geotecnia\/wp-content\/uploads\/2022\/03\/CV_Gutierrez-Ch.pdf\" data-type=\"page\">Curriculum<\/a><\/span><\/p>\n\n\n\n<p><strong><span style=\"text-decoration: underline;\"><span style=\"color: #000080; text-decoration: underline;\">Isabel Reig Ramos<\/span><\/span><\/strong><br>Profesora Titular Interina<br>mail: mariaisabel.reig@upm.es<br>Tfno: 91 067 42 77<\/p>\n\n\n\n<p><\/p>\n\n\n\n<p><strong><span style=\"text-decoration: underline;\"><span style=\"color: #000080; text-decoration: underline;\">Enrique Asanza Izquierdo<\/span><\/span><\/strong><br><span style=\"color: #000000;\">Profesor Asociado<\/span><br><span style=\"color: #000000;\">mail: enrique.asanza@cedex.es<\/span><br><span style=\"color: #000000;\">Tfno: 91 067 42 72<\/span><\/p>\n\n\n\n<p><strong><span style=\"text-decoration: underline;\"><span style=\"color: #000080; text-decoration: underline;\">Antonio Soriano Mart\u00ednez<\/span><\/span><\/strong><br><span style=\"color: #000000;\">Profesor Asociado<\/span><br><span style=\"color: #000000;\">mail: antonio.soriano.martinez@upm.es<\/span><br><span style=\"color: #000000;\">Tfno: 91 067 42 72<\/span><\/p>\n\n\n\n<p><span style=\"text-decoration: underline;\"><span style=\"color: #000080; text-decoration: underline;\"><strong><strong><span style=\"text-decoration: underline;\"><span style=\"color: #000080; text-decoration: underline;\">Juan Balderas Meca<\/span><\/span><\/strong><\/strong><\/span><\/span><br><span style=\"color: #000000;\">Profesor Asociado<\/span><br><span style=\"color: #000000;\">mail: juan.balderas@upm.es<\/span><br><span style=\"color: #000000;\">Tfno: 91 067 42 72<\/span><\/p>\n\n\n\n<p><span style=\"color: #000000;\"><strong><span style=\"text-decoration: underline;\">Profesores Em\u00e9ritos<\/span><\/strong><\/span><\/p>\n\n\n\n<p><strong><span style=\"text-decoration: underline;\"><span style=\"color: #000080; text-decoration: underline;\">Alcibiades Serrano Gonz\u00e1lez<\/span><\/span><\/strong><br><span style=\"color: #000000;\">Catedr\u00e1tico de Universidad<\/span><br><span style=\"color: #000000;\">mail: upm.es<\/span><br><span style=\"color: #000000;\">Tfno: 91 067 42 70<\/span><br><span style=\"color: #000000;\"><a href=\"http:\/\/web-gestores.caminos.upm.es\/geotecnia\/wp-content\/uploads\/2016\/12\/Alcibiadesconfoto.pdf\">Curriculum<\/a><\/span><\/p>\n\n\n\n<p><strong><span style=\"text-decoration: underline;\"><span style=\"color: #000080; text-decoration: underline;\">Claudio Olalla Mara\u00f1\u00f3n<\/span><\/span><\/strong><br><span style=\"color: #000000;\">Catedr\u00e1tico de Universidad<\/span><br><span style=\"color: #000000;\">mail: colalla@caminos.upm.es<\/span><br><span style=\"color: #000000;\"> Tfno: 91 067 42 70<\/span><br><span style=\"color: #000000;\"><a href=\"http:\/\/web-gestores.caminos.upm.es\/geotecnia\/wp-content\/uploads\/2017\/01\/450-palabras-foto.pdf\">Curriculum<\/a><br><\/span><\/p>\n\n\n\n<p><span style=\"text-decoration: underline;\"><strong><span style=\"color: #000000; text-decoration: underline;\">Personal de laboratorio<\/span><br><\/strong><\/span><\/p>\n\n\n\n<p><span style=\"color: #000000;\">Jes\u00fas Page Antequera<br>mail: jesus.page@upm.es<br>Tfno: 91 067 42 72<br><\/span><\/p>\n","protected":false},"excerpt":{"rendered":"<p>La Unidad Docente de Geotecnia est\u00e1 compuesta por las siguientes personas: Profesores Rafael Jim\u00e9nez RodriguezCatedr\u00e1tico<\/p>\n<div class=\"continue-reading-blog\"><a href=\"https:\/\/www1.caminos.upm.es\/geotecnia\/personal\/\" class=\"more-link\">Continue Reading<i class=\"fa fa-long-arrow-right\"><\/i><span class=\"screen-reader-text\">Equipo<\/span><\/a><\/div>\n","protected":false},"author":1,"featured_media":0,"parent":0,"menu_order":0,"comment_status":"closed","ping_status":"closed","template":"","meta":{"spay_email":""},"jetpack_sharing_enabled":true,"jetpack_shortlink":"https:\/\/wp.me\/P89a4k-m","_links":{"self":[{"href":"https:\/\/www1.caminos.upm.es\/geotecnia\/wp-json\/wp\/v2\/pages\/22"}],"collection":[{"href":"https:\/\/www1.caminos.upm.es\/geotecnia\/wp-json\/wp\/v2\/pages"}],"about":[{"href":"https:\/\/www1.caminos.upm.es\/geotecnia\/wp-json\/wp\/v2\/types\/page"}],"author":[{"embeddable":true,"href":"https:\/\/www1.caminos.upm.es\/geotecnia\/wp-json\/wp\/v2\/users\/1"}],"replies":[{"embeddable":true,"href":"https:\/\/www1.caminos.upm.es\/geotecnia\/wp-json\/wp\/v2\/comments?post=22"}],"version-history":[{"count":43,"href":"https:\/\/www1.caminos.upm.es\/geotecnia\/wp-json\/wp\/v2\/pages\/22\/revisions"}],"predecessor-version":[{"id":433,"href":"https:\/\/www1.caminos.upm.es\/geotecnia\/wp-json\/wp\/v2\/pages\/22\/revisions\/433"}],"wp:attachment":[{"href":"https:\/\/www1.caminos.upm.es\/geotecnia\/wp-json\/wp\/v2\/media?parent=22"}],"curies":[{"name":"wp","href":"https:\/\/api.w.org\/{rel}","templated":true}]}}