{"id":19,"date":"2016-11-25T10:17:23","date_gmt":"2016-11-25T10:17:23","guid":{"rendered":"http:\/\/web-gestores.caminos.upm.es\/geotecnia\/?page_id=19"},"modified":"2017-01-12T20:44:39","modified_gmt":"2017-01-12T20:44:39","slug":"lineas-de-investigacion","status":"publish","type":"page","link":"https:\/\/www1.caminos.upm.es\/geotecnia\/docencia\/lineas-de-investigacion\/","title":{"rendered":"L\u00edneas de investigaci\u00f3n"},"content":{"rendered":"<div>\n<p align=\"justify\"><span style=\"color: #000000;\">En la Unidad Docente de Geotecnia se desarrollan investigaciones dentro de los siguientes bloques tem\u00e1ticos:<\/span><\/p>\n<p align=\"justify\"><span style=\"color: #000000;\">1 &#8211; Mec\u00e1nica de suelos y rocas.<\/span><\/p>\n<p align=\"justify\"><span style=\"color: #000000;\">2 &#8211; Ingenier\u00eda de infraestructuras de tierra, obras subterr\u00e1neas y cimentaciones.<\/span><\/p>\n<p align=\"justify\"><span style=\"color: #000000;\">3.- T\u00faneles y obras subterr\u00e1neas<\/span><\/p>\n<p align=\"justify\"><span style=\"color: #000000;\">4.- Fiabilidad y modelizaci\u00f3n num\u00e9rica de problemas geot\u00e9cnicos<\/span><\/p>\n<p align=\"justify\"><span style=\"color: #000000;\">A su vez existen tres ejes transversales en las l\u00edneas de investigaci\u00f3n de la unidad docente que pueden estar en cualquiera de los bloques tem\u00e1ticos indicados anteriormente:<\/span><\/p>\n<ul>\n<li><span style=\"color: #000000;\">T1 &#8211; Experimentaci\u00f3n de laboratorio<\/span><\/li>\n<li><span style=\"color: #000000;\">T2 &#8211; Modelizaci\u00f3n num\u00e9rica<\/span><\/li>\n<li><span style=\"color: #000000;\">T3 \u2013 Fiabilidad<\/span><\/li>\n<\/ul>\n<p align=\"justify\"><span style=\"color: #000000;\">\u00a0T1 &#8211; Experimentaci\u00f3n de laboratorio<\/span><\/p>\n<p align=\"justify\"><span style=\"color: #000000;\">El laboratorio cuenta con todos los equipos experimentales habituales de un laboratorio de geotecnia y con otros de investigaci\u00f3n avanzada (triaxial c\u00edclico, corte simple c\u00edclico, triaxial de rocas, etc.). Entre ellos cabe destacar los modelos reducidos (estabilidad de frente de t\u00fanel, pilotes, pozos de cimentaci\u00f3n, zapatas, t\u00faneles, muros de contenci\u00f3n, etc. ) y el equipo de tratamiento de im\u00e1genes.<\/span><\/p>\n<p align=\"justify\"><span style=\"color: #000000;\">T2 &#8211; Modelizaci\u00f3n num\u00e9rica<\/span><\/p>\n<p align=\"justify\"><span style=\"color: #000000;\">Distintos m\u00e9todos num\u00e9ricos se utilizan en el laboratorio para la modelizaci\u00f3n multiescala de problemas geot\u00e9cnicos. As\u00ed se han desarrollado investigaciones basadas en modelos discretos (DEM), modelos\u00a0 continuos (elementos finitos, diferencias finitas, etc.) y otros (estado l\u00edmite, etc.)<\/span><\/p>\n<p align=\"justify\"><span style=\"color: #000000;\">T3 &#8211; Fiabilidad<\/span><\/p>\n<p align=\"justify\"><span style=\"color: #000000;\">La fiabilidad ha sido aplicada al an\u00e1lisis de riesgo y a la modelizaci\u00f3n num\u00e9rica en Ingenier\u00eda Geot\u00e9cnica. Asimismo se ha aplicado la fiabilidad en an\u00e1lisis periciales.<\/span><\/p>\n<\/div>\n<p><span style=\"color: #000000;\"><!--more--><\/span><\/p>\n","protected":false},"excerpt":{"rendered":"<p>En la Unidad Docente de Geotecnia se desarrollan investigaciones dentro de los siguientes bloques tem\u00e1ticos:<\/p>\n<div class=\"continue-reading-blog\"><a href=\"https:\/\/www1.caminos.upm.es\/geotecnia\/docencia\/lineas-de-investigacion\/\" class=\"more-link\">Continue Reading<i class=\"fa fa-long-arrow-right\"><\/i><span class=\"screen-reader-text\">L\u00edneas de investigaci\u00f3n<\/span><\/a><\/div>\n","protected":false},"author":1,"featured_media":0,"parent":14,"menu_order":0,"comment_status":"closed","ping_status":"closed","template":"","meta":{"spay_email":""},"jetpack_sharing_enabled":true,"jetpack_shortlink":"https:\/\/wp.me\/P89a4k-j","_links":{"self":[{"href":"https:\/\/www1.caminos.upm.es\/geotecnia\/wp-json\/wp\/v2\/pages\/19"}],"collection":[{"href":"https:\/\/www1.caminos.upm.es\/geotecnia\/wp-json\/wp\/v2\/pages"}],"about":[{"href":"https:\/\/www1.caminos.upm.es\/geotecnia\/wp-json\/wp\/v2\/types\/page"}],"author":[{"embeddable":true,"href":"https:\/\/www1.caminos.upm.es\/geotecnia\/wp-json\/wp\/v2\/users\/1"}],"replies":[{"embeddable":true,"href":"https:\/\/www1.caminos.upm.es\/geotecnia\/wp-json\/wp\/v2\/comments?post=19"}],"version-history":[{"count":17,"href":"https:\/\/www1.caminos.upm.es\/geotecnia\/wp-json\/wp\/v2\/pages\/19\/revisions"}],"predecessor-version":[{"id":326,"href":"https:\/\/www1.caminos.upm.es\/geotecnia\/wp-json\/wp\/v2\/pages\/19\/revisions\/326"}],"up":[{"embeddable":true,"href":"https:\/\/www1.caminos.upm.es\/geotecnia\/wp-json\/wp\/v2\/pages\/14"}],"wp:attachment":[{"href":"https:\/\/www1.caminos.upm.es\/geotecnia\/wp-json\/wp\/v2\/media?parent=19"}],"curies":[{"name":"wp","href":"https:\/\/api.w.org\/{rel}","templated":true}]}}