{"id":183,"date":"2016-12-02T10:51:38","date_gmt":"2016-12-02T10:51:38","guid":{"rendered":"http:\/\/web-gestores.caminos.upm.es\/geotecnia\/?page_id=183"},"modified":"2017-03-03T22:45:11","modified_gmt":"2017-03-03T22:45:11","slug":"mecanica-de-rocas","status":"publish","type":"page","link":"https:\/\/www1.caminos.upm.es\/geotecnia\/mecanica-de-rocas\/","title":{"rendered":"Mec\u00e1nica de suelos y rocas"},"content":{"rendered":"<p><span style=\"color: #000000;\">Dentro de la l\u00ednea de investigaci\u00f3n de Mec\u00e1nica de suelos y rocas e Ingenier\u00eda de rocas se han desarrollado trabajos en los siguientes campos:<\/span><\/p>\n<ul>\n<li><span style=\"color: #000000;\">Caracterizaci\u00f3n de macizos rocosos<\/span><\/li>\n<li><span style=\"color: #000000;\">Teor\u00eda de comportamiento no lineal en macizos rocosos<\/span><\/li>\n<li><span style=\"color: #000000;\">Cimentaciones directas y profundas en rocas<\/span><\/li>\n<li><span style=\"color: #000000;\">Excavaciones de taludes<\/span><\/li>\n<\/ul>\n<p class=\"jetpack-slideshow-noscript robots-nocontent\">El pase de diapositivas requiere JavaScript.<\/p><div id=\"gallery-183-1-slideshow\" class=\"slideshow-window jetpack-slideshow slideshow-black\" data-trans=\"fade\" data-autostart=\"1\" data-gallery=\"[{&quot;src&quot;:&quot;https:\\\/\\\/www1.caminos.upm.es\\\/geotecnia\\\/wp-content\\\/uploads\\\/2016\\\/12\\\/Imagen-007-1.jpg&quot;,&quot;id&quot;:&quot;268&quot;,&quot;title&quot;:&quot;imagen-007&quot;,&quot;alt&quot;:&quot;&quot;,&quot;caption&quot;:&quot;Excavaci\\u00f3n en roca&quot;,&quot;itemprop&quot;:&quot;image&quot;},{&quot;src&quot;:&quot;https:\\\/\\\/www1.caminos.upm.es\\\/geotecnia\\\/wp-content\\\/uploads\\\/2016\\\/12\\\/DSC01517.jpg&quot;,&quot;id&quot;:&quot;264&quot;,&quot;title&quot;:&quot;dsc01517&quot;,&quot;alt&quot;:&quot;&quot;,&quot;caption&quot;:&quot;Rotura de un talud en roca&quot;,&quot;itemprop&quot;:&quot;image&quot;},{&quot;src&quot;:&quot;https:\\\/\\\/www1.caminos.upm.es\\\/geotecnia\\\/wp-content\\\/uploads\\\/2016\\\/11\\\/9051143-1.jpg&quot;,&quot;id&quot;:&quot;32&quot;,&quot;title&quot;:&quot;9051143&quot;,&quot;alt&quot;:&quot;&quot;,&quot;caption&quot;:&quot;Excavaci\\u00f3n en trinchera&quot;,&quot;itemprop&quot;:&quot;image&quot;},{&quot;src&quot;:&quot;https:\\\/\\\/www1.caminos.upm.es\\\/geotecnia\\\/wp-content\\\/uploads\\\/2016\\\/12\\\/Imagen-022-1.jpg&quot;,&quot;id&quot;:&quot;269&quot;,&quot;title&quot;:&quot;imagen-022&quot;,&quot;alt&quot;:&quot;&quot;,&quot;caption&quot;:&quot;Excavaci\\u00f3n en roca&quot;,&quot;itemprop&quot;:&quot;image&quot;},{&quot;src&quot;:&quot;https:\\\/\\\/www1.caminos.upm.es\\\/geotecnia\\\/wp-content\\\/uploads\\\/2016\\\/11\\\/25-03-09-008.jpg&quot;,&quot;id&quot;:&quot;31&quot;,&quot;title&quot;:&quot;25-03-09-008&quot;,&quot;alt&quot;:&quot;&quot;,&quot;caption&quot;:&quot;Deslizamiento talud en roca&quot;,&quot;itemprop&quot;:&quot;image&quot;}]\" itemscope itemtype=\"https:\/\/schema.org\/ImageGallery\"><\/div>\n","protected":false},"excerpt":{"rendered":"<p>Dentro de la l\u00ednea de investigaci\u00f3n de Mec\u00e1nica de suelos y rocas e Ingenier\u00eda de<\/p>\n<div class=\"continue-reading-blog\"><a href=\"https:\/\/www1.caminos.upm.es\/geotecnia\/mecanica-de-rocas\/\" class=\"more-link\">Continue Reading<i class=\"fa fa-long-arrow-right\"><\/i><span class=\"screen-reader-text\">Mec\u00e1nica de suelos y rocas<\/span><\/a><\/div>\n","protected":false},"author":1,"featured_media":0,"parent":0,"menu_order":0,"comment_status":"closed","ping_status":"closed","template":"","meta":{"spay_email":""},"jetpack_sharing_enabled":true,"jetpack_shortlink":"https:\/\/wp.me\/P89a4k-2X","_links":{"self":[{"href":"https:\/\/www1.caminos.upm.es\/geotecnia\/wp-json\/wp\/v2\/pages\/183"}],"collection":[{"href":"https:\/\/www1.caminos.upm.es\/geotecnia\/wp-json\/wp\/v2\/pages"}],"about":[{"href":"https:\/\/www1.caminos.upm.es\/geotecnia\/wp-json\/wp\/v2\/types\/page"}],"author":[{"embeddable":true,"href":"https:\/\/www1.caminos.upm.es\/geotecnia\/wp-json\/wp\/v2\/users\/1"}],"replies":[{"embeddable":true,"href":"https:\/\/www1.caminos.upm.es\/geotecnia\/wp-json\/wp\/v2\/comments?post=183"}],"version-history":[{"count":13,"href":"https:\/\/www1.caminos.upm.es\/geotecnia\/wp-json\/wp\/v2\/pages\/183\/revisions"}],"predecessor-version":[{"id":364,"href":"https:\/\/www1.caminos.upm.es\/geotecnia\/wp-json\/wp\/v2\/pages\/183\/revisions\/364"}],"wp:attachment":[{"href":"https:\/\/www1.caminos.upm.es\/geotecnia\/wp-json\/wp\/v2\/media?parent=183"}],"curies":[{"name":"wp","href":"https:\/\/api.w.org\/{rel}","templated":true}]}}