{"id":159,"date":"2016-12-01T16:48:33","date_gmt":"2016-12-01T16:48:33","guid":{"rendered":"http:\/\/web-gestores.caminos.upm.es\/geotecnia\/?page_id=159"},"modified":"2022-03-08T07:27:55","modified_gmt":"2022-03-08T07:27:55","slug":"master-en-ingenieria-de-caminos-canales-y-puertos","status":"publish","type":"page","link":"https:\/\/www1.caminos.upm.es\/geotecnia\/master-en-ingenieria-de-caminos-canales-y-puertos\/","title":{"rendered":"M\u00e1ster en Ingenier\u00eda de Caminos, Canales y Puertos"},"content":{"rendered":"<p>En el m\u00e1ster en Ingenier\u00eda de Caminos, Canales y Puertos se imparten la siguientes asignaturas:<\/p>\n<p><span style=\"text-decoration: underline;\"><strong>Ingenier\u00eda geot\u00e9cnica.<\/strong><\/span> <a href=\"https:\/\/www.caminos.upm.es\/mastericcp\/Documentos\/04AG_TOMO_I.pdf#page=137\">Ver guia del aprendizaje<\/a><br \/>\nObligatoria\u00a0del M\u00e1ster<br \/>\n4,5 ECTS (3 \u00basemestre).<\/p>\n<p><span style=\"text-decoration: underline;\"><strong>Ingenier\u00eda de rocas.<\/strong><\/span> <a href=\"https:\/\/www.caminos.upm.es\/mastericcp\/Documentos\/04AG_TOMO_II.pdf#page=38\">Ver guia del aprendizaje<\/a><br \/>\nOptativa en la Menci\u00f3n de Estructuras, Geotecnia, Construcci\u00f3n y Materiales<br \/>\n4,5 ECTS (3\u00ba semestre).<\/p>\n<p><span style=\"text-decoration: underline;\"><strong>Estructuras de tierra.<\/strong><\/span> <a href=\"https:\/\/www.caminos.upm.es\/mastericcp\/Documentos\/04AG_TOMO_II.pdf#page=212\">Ver guia del aprendizaje<\/a><br \/>\nOptativa en la Menci\u00f3n de Estructuras, Geotecnia, Construcci\u00f3n y Materiales<br \/>\n4,5 ECTS (4\u00ba semestre).<\/p>\n","protected":false},"excerpt":{"rendered":"<p>En el m\u00e1ster en Ingenier\u00eda de Caminos, Canales y Puertos se imparten la siguientes asignaturas:<\/p>\n<div class=\"continue-reading-blog\"><a href=\"https:\/\/www1.caminos.upm.es\/geotecnia\/master-en-ingenieria-de-caminos-canales-y-puertos\/\" class=\"more-link\">Continue Reading<i class=\"fa fa-long-arrow-right\"><\/i><span class=\"screen-reader-text\">M\u00e1ster en Ingenier\u00eda de Caminos, Canales y Puertos<\/span><\/a><\/div>\n","protected":false},"author":1,"featured_media":0,"parent":0,"menu_order":0,"comment_status":"closed","ping_status":"closed","template":"","meta":{"spay_email":""},"jetpack_sharing_enabled":true,"jetpack_shortlink":"https:\/\/wp.me\/P89a4k-2z","_links":{"self":[{"href":"https:\/\/www1.caminos.upm.es\/geotecnia\/wp-json\/wp\/v2\/pages\/159"}],"collection":[{"href":"https:\/\/www1.caminos.upm.es\/geotecnia\/wp-json\/wp\/v2\/pages"}],"about":[{"href":"https:\/\/www1.caminos.upm.es\/geotecnia\/wp-json\/wp\/v2\/types\/page"}],"author":[{"embeddable":true,"href":"https:\/\/www1.caminos.upm.es\/geotecnia\/wp-json\/wp\/v2\/users\/1"}],"replies":[{"embeddable":true,"href":"https:\/\/www1.caminos.upm.es\/geotecnia\/wp-json\/wp\/v2\/comments?post=159"}],"version-history":[{"count":6,"href":"https:\/\/www1.caminos.upm.es\/geotecnia\/wp-json\/wp\/v2\/pages\/159\/revisions"}],"predecessor-version":[{"id":388,"href":"https:\/\/www1.caminos.upm.es\/geotecnia\/wp-json\/wp\/v2\/pages\/159\/revisions\/388"}],"wp:attachment":[{"href":"https:\/\/www1.caminos.upm.es\/geotecnia\/wp-json\/wp\/v2\/media?parent=159"}],"curies":[{"name":"wp","href":"https:\/\/api.w.org\/{rel}","templated":true}]}}