{"id":2183,"date":"2019-05-08T12:17:28","date_gmt":"2019-05-08T12:17:28","guid":{"rendered":"http:\/\/www1.caminos.upm.es\/estructuras2\/?page_id=2183"},"modified":"2023-10-05T10:50:59","modified_gmt":"2023-10-05T10:50:59","slug":"calculo-avanzado-de-estructuras","status":"publish","type":"page","link":"http:\/\/www1.caminos.upm.es\/estructuras2\/es\/asignaturas-optativas-de-master\/master-ccp\/calculo-avanzado-de-estructuras\/","title":{"rendered":"C\u00e1lculo avanzado de estructuras"},"content":{"rendered":"<p><a href=\"http:\/\/www1.caminos.upm.es\/estructuras2\/es\/asignaturas-optativas-de-master\/master-ccp\/\">&lt;-Volver ICCP<\/a><div class=\"fusion-fullwidth fullwidth-box hundred-percent-fullwidth non-hundred-percent-height-scrolling\"  style='background-color: rgba(255,255,255,0);background-position: center center;background-repeat: no-repeat;padding-top:0px;padding-right:0px;padding-bottom:0px;padding-left:0px;'><div class=\"fusion-builder-row fusion-row \"><div  class=\"fusion-layout-column fusion_builder_column fusion_builder_column_1_1 fusion-builder-column-1 fusion-one-full fusion-column-first fusion-column-last fusion-column-no-min-height 1_1\"  style='margin-top:0px;margin-bottom:5px;'>\n\t\t\t\t\t<div class=\"fusion-column-wrapper\" style=\"background-position:left top;background-repeat:no-repeat;-webkit-background-size:cover;-moz-background-size:cover;-o-background-size:cover;background-size:cover;\"   data-bg-url=\"\">\n\t\t\t\t\t\t<div class=\"fusion-title title fusion-title-1 fusion-title-size-one\" style=\"margin-top:0px;margin-bottom:0px;\"><h1 class=\"title-heading-left\" style=\"margin:0;\">C\u00e1lculo avanzado de estructuras<\/p><\/h1><div class=\"title-sep-container\"><div class=\"title-sep sep-single sep-solid\" style=\"border-color:#e0dede;\"><\/div><\/div><\/div><div class=\"fusion-clearfix\"><\/div>\n\n\t\t\t\t\t<\/div>\n\t\t\t\t<\/div><div  class=\"fusion-layout-column fusion_builder_column fusion_builder_column_1_2 fusion-builder-column-2 fusion-one-half fusion-column-first 1_2\"  style='margin-top:0px;margin-bottom:20px;width:48%; margin-right: 4%;'>\n\t\t\t\t\t<div class=\"fusion-column-wrapper\" style=\"background-position:left top;background-repeat:no-repeat;-webkit-background-size:cover;-moz-background-size:cover;-o-background-size:cover;background-size:cover;\"   data-bg-url=\"\">\n\t\t\t\t\t\t<span class=\"fusion-imageframe imageframe-none imageframe-1 hover-type-none\"><img loading=\"lazy\" src=\"http:\/\/www1.caminos.upm.es\/estructuras2\/wp-content\/uploads\/2019\/05\/C\u00e1lculoAvanzadoEstructuras2.jpg\" width=\"804\" height=\"293\" alt=\"\" title=\"C\u00e1lculoAvanzadoEstructuras2\" class=\"img-responsive wp-image-2204\"\/><\/span><div class=\"fusion-clearfix\"><\/div>\n\n\t\t\t\t\t<\/div>\n\t\t\t\t<\/div><div  class=\"fusion-layout-column fusion_builder_column fusion_builder_column_1_2 fusion-builder-column-3 fusion-one-half fusion-column-last 1_2\"  style='margin-top:0px;margin-bottom:20px;width:48%'>\n\t\t\t\t\t<div class=\"fusion-column-wrapper\" style=\"background-position:left top;background-repeat:no-repeat;-webkit-background-size:cover;-moz-background-size:cover;-o-background-size:cover;background-size:cover;\"   data-bg-url=\"\">\n\t\t\t\t\t\t<div class=\"fusion-text\"><p>En C\u00e1lculo Avanzado de Estructuras se profundiza en el an\u00e1lisis lineal de estructuras y se estudia, en primer lugar, el m\u00e9todo de los Elementos Finitos aplicado, tanto a estructuras de barras como continuas, incidiendo en el significado estructural de los diferentes elementos: variables, matrices, ecuaciones, etc. Luego se estudian los m\u00e9todos de C\u00e1lculo Din\u00e1mico de estructuras, con acciones deterministas en el dominio del tiempo, y se aplican tanto a modelos estructurales continuos como discretos. Se realizan numerosos ejemplos de aplicaci\u00f3n.<\/p>\n<\/div><div class=\"fusion-clearfix\"><\/div>\n\n\t\t\t\t\t<\/div>\n\t\t\t\t<\/div><div  class=\"fusion-layout-column fusion_builder_column fusion_builder_column_1_2 fusion-builder-column-4 fusion-one-half fusion-column-first 1_2\"  style='margin-top:0px;margin-bottom:20px;width:48%; margin-right: 4%;'>\n\t\t\t\t\t<div class=\"fusion-column-wrapper\" style=\"background-position:left top;background-repeat:no-repeat;-webkit-background-size:cover;-moz-background-size:cover;-o-background-size:cover;background-size:cover;\"   data-bg-url=\"\">\n\t\t\t\t\t\t<div class=\"fusion-title title fusion-title-2 fusion-title-size-one\" style=\"margin-top:0px;margin-bottom:0px;\"><h1 class=\"title-heading-left\" style=\"margin:0;\">M\u00e1s informaci\u00f3n<\/h1><div class=\"title-sep-container\"><div class=\"title-sep sep-single sep-solid\" style=\"border-color:#e0dede;\"><\/div><\/div><\/div><div class=\"fusion-text\"><p>Se requiere conocer en profundidad los temas contenidos en las siguientes asignaturas: Resistencia de Materiales (2\u00ba Grado ICT), C\u00e1lculo de Estructuras (3\u00ba Grado ICT) e Ingenier\u00eda Estructural (4\u00ba Grado ICT).<\/p>\n<h3><a href=\"https:\/\/caminos.upm.es\/wp-content\/uploads\/2022\/08\/04AG_2022-23_TOMO_II_V2AED.pdf#page=23\" target=\"_blank\" rel=\"noopener noreferrer\">Gu\u00eda de aprendizaje completa<\/a><\/h3>\n<\/div><span class=\"fusion-imageframe imageframe-none imageframe-2 hover-type-none\"><img loading=\"lazy\" src=\"http:\/\/www1.caminos.upm.es\/estructuras2\/wp-content\/uploads\/2019\/05\/C\u00e1lculoAvanzadoEstructuras1.jpg\" width=\"1378\" height=\"986\" alt=\"\" title=\"C\u00e1lculoAvanzadoEstructuras1\" class=\"img-responsive wp-image-2194\"\/><\/span><div class=\"fusion-clearfix\"><\/div>\n\n\t\t\t\t\t<\/div>\n\t\t\t\t<\/div><div  class=\"fusion-layout-column fusion_builder_column fusion_builder_column_1_2 fusion-builder-column-5 fusion-one-half fusion-column-last 1_2\"  style='margin-top:0px;margin-bottom:20px;width:48%'>\n\t\t\t\t\t<div class=\"fusion-column-wrapper\" style=\"background-position:left top;background-repeat:no-repeat;-webkit-background-size:cover;-moz-background-size:cover;-o-background-size:cover;background-size:cover;\"   data-bg-url=\"\">\n\t\t\t\t\t\t<div class=\"fusion-title title fusion-title-3 fusion-sep-none fusion-title-size-one\" style=\"margin-top:0px;margin-bottom:0px;\"><h1 class=\"title-heading-left\" style=\"margin:0;\">Temario resumido<\/h1><\/div><div class=\"fusion-text\"><p><strong>Elementos Finitos Estructurales<\/strong><\/p>\n<ol>\n<li>Introducci\u00f3n: tipos de planteamientos<\/li>\n<li>M\u00e9todo de las funciones de forma. Funciones de forma en elementos continuos<\/li>\n<li>Integraci\u00f3n num\u00e9rica: m\u00e9todos y orden de integraci\u00f3n<\/li>\n<li>Convergencia: condiciones de convergencia, errores y modelizaci\u00f3n<\/li>\n<li>Tipos de elementos: continuos (1D, 2D y 3D) y estructurales (barra articulada, viga, barra reticulada, membrana, placa, l\u00e1mina)<\/li>\n<li>Otras t\u00e9cnicas del MEF: funciones de forma adicionales, integraci\u00f3n selectiva, campo de deformaciones impuesto<\/li>\n<\/ol>\n<p><strong>C\u00e1lculo Din\u00e1mico Estructural<\/strong><\/p>\n<ol>\n<li>Introducci\u00f3n: el fen\u00f3meno din\u00e1mico<\/li>\n<li>Acciones din\u00e1micas<\/li>\n<li>Modelos continuos: la viga<\/li>\n<li>Sistemas de 1 gdl: cargas impulsivas, arm\u00f3nicas y gen\u00e9ricas<\/li>\n<li>Asimilaci\u00f3n de estructuras a sistemas de 1 gdl<\/li>\n<li>Sistemas de N gdl: c\u00e1lculo matricial y elementos finitos<\/li>\n<\/ol>\n<\/div><div class=\"fusion-clearfix\"><\/div>\n\n\t\t\t\t\t<\/div>\n\t\t\t\t<\/div><div  class=\"fusion-layout-column fusion_builder_column fusion_builder_column_1_1 fusion-builder-column-6 fusion-one-full fusion-column-first fusion-column-last fusion-column-no-min-height 1_1\"  style='margin-top:0px;margin-bottom:0px;'>\n\t\t\t\t\t<div class=\"fusion-column-wrapper\" style=\"background-position:left top;background-repeat:no-repeat;-webkit-background-size:cover;-moz-background-size:cover;-o-background-size:cover;background-size:cover;\"   data-bg-url=\"\">\n\t\t\t\t\t\t<div class=\"fusion-sep-clear\"><\/div><div class=\"fusion-separator fusion-full-width-sep sep-none\" style=\"margin-left: auto;margin-right: auto;margin-top:;\"><\/div><div class=\"fusion-clearfix\"><\/div>\n\n\t\t\t\t\t<\/div>\n\t\t\t\t<\/div><div  class=\"fusion-layout-column fusion_builder_column fusion_builder_column_1_1 fusion-builder-column-7 fusion-one-full fusion-column-first fusion-column-last fusion-column-no-min-height 1_1\"  style='margin-top:0px;margin-bottom:0px;'>\n\t\t\t\t\t<div class=\"fusion-column-wrapper\" style=\"background-position:left top;background-repeat:no-repeat;-webkit-background-size:cover;-moz-background-size:cover;-o-background-size:cover;background-size:cover;\"   data-bg-url=\"\">\n\t\t\t\t\t\t<div class=\"fusion-title title fusion-title-4 fusion-title-size-one\" style=\"margin-top:0px;margin-bottom:0px;\"><h1 class=\"title-heading-left\" style=\"margin:0;\">Profesorado<\/h1><div class=\"title-sep-container\"><div class=\"title-sep sep-single sep-solid\" style=\"border-color:#e0dede;\"><\/div><\/div><\/div><div class=\"fusion-clearfix\"><\/div>\n\n\t\t\t\t\t<\/div>\n\t\t\t\t<\/div><div  class=\"fusion-layout-column fusion_builder_column fusion_builder_column_1_4 fusion-builder-column-8 fusion-one-fourth fusion-column-first 1_4\"  style='margin-top:0px;margin-bottom:20px;width:22%; margin-right: 4%;'>\n\t\t\t\t\t<div class=\"fusion-column-wrapper\" style=\"background-position:left top;background-repeat:no-repeat;-webkit-background-size:cover;-moz-background-size:cover;-o-background-size:cover;background-size:cover;\"   data-bg-url=\"\">\n\t\t\t\t\t\t<div class=\"fusion-person person fusion-person-left fusion-person-1 fusion-person-icon-top\"><div class=\"person-shortcode-image-wrapper\"><div class=\"person-image-container hover-type-none person-rounded-overflow\" style=\"-webkit-border-radius:0px;-moz-border-radius:0px;border-radius:0px;border:0px solid #f6f6f6;-webkit-border-radius:0px;-moz-border-radius:0px;border-radius:0px;\"><img loading=\"lazy\" class=\"person-img img-responsive wp-image-2197\" width=\"183\" height=\"183\" src=\"http:\/\/www1.caminos.upm.es\/estructuras2\/wp-content\/uploads\/2019\/05\/FotoJMArrieta-e1557411159383.jpg\" alt=\"Jos\u00e9 M\u00aa Arrieta Torrealba\" \/><\/div><\/div><div class=\"person-desc\"><div class=\"person-author\"><div class=\"person-author-wrapper\"><span class=\"person-name\">Jos\u00e9 M\u00aa Arrieta Torrealba<\/span><span class=\"person-title\"><\/span><\/div><\/div><div class=\"person-content fusion-clearfix\">Soy riojano, de la quinta del 56, Ingeniero Industrial Mec\u00e1nico, Doctor Ingeniero de Caminos, Profesor Titular e Ingeniero de Caminos del Cuerpo. He dedicado mi vida profesional a entender el comportamiento de las estructuras reales, desde la investigaci\u00f3n, la docencia y el ejercicio profesional como proyectista. Soy representante espa\u00f1ol en el desarrollo de normas estructurales internacionales.<\/p>\n<\/div><\/div><\/div><div class=\"fusion-clearfix\"><\/div>\n\n\t\t\t\t\t<\/div>\n\t\t\t\t<\/div><div  class=\"fusion-layout-column fusion_builder_column fusion_builder_column_1_4 fusion-builder-column-9 fusion-one-fourth 1_4\"  style='margin-top:0px;margin-bottom:20px;width:22%; margin-right: 4%;'>\n\t\t\t\t\t<div class=\"fusion-column-wrapper\" style=\"background-position:left top;background-repeat:no-repeat;-webkit-background-size:cover;-moz-background-size:cover;-o-background-size:cover;background-size:cover;\"   data-bg-url=\"\">\n\t\t\t\t\t\t<div class=\"fusion-person person fusion-person-left fusion-person-2 fusion-person-icon-top\"><div class=\"person-shortcode-image-wrapper\"><div class=\"person-image-container hover-type-none person-rounded-overflow\" style=\"-webkit-border-radius:0px;-moz-border-radius:0px;border-radius:0px;border:0px solid #f6f6f6;-webkit-border-radius:0px;-moz-border-radius:0px;border-radius:0px;\"><img loading=\"lazy\" class=\"person-img img-responsive wp-image-3392\" width=\"183\" height=\"183\" src=\"http:\/\/www1.caminos.upm.es\/estructuras2\/wp-content\/uploads\/2022\/10\/imagen_recortada3-768x1008-2-e1664807567209.jpg\" alt=\"Miguel Fern\u00e1ndez Ruiz\" \/><\/div><\/div><div class=\"person-desc\"><div class=\"person-author\"><div class=\"person-author-wrapper\"><span class=\"person-name\">Miguel Fern\u00e1ndez Ruiz<\/span><span class=\"person-title\"><\/span><\/div><\/div><div class=\"person-content fusion-clearfix\">Dr. Ingeniero de Caminos. Catedr\u00e1tico de Universidad.<\/p>\n<\/div><\/div><\/div><div class=\"fusion-clearfix\"><\/div>\n\n\t\t\t\t\t<\/div>\n\t\t\t\t<\/div><div  class=\"fusion-layout-column fusion_builder_column fusion_builder_column_1_4 fusion-builder-column-10 fusion-one-fourth 1_4\"  style='margin-top:0px;margin-bottom:20px;width:22%; margin-right: 4%;'>\n\t\t\t\t\t<div class=\"fusion-column-wrapper\" style=\"background-position:left top;background-repeat:no-repeat;-webkit-background-size:cover;-moz-background-size:cover;-o-background-size:cover;background-size:cover;\"   data-bg-url=\"\">\n\t\t\t\t\t\t<div class=\"fusion-person person fusion-person-left fusion-person-3 fusion-person-icon-top\"><div class=\"person-shortcode-image-wrapper\"><div class=\"person-image-container hover-type-none person-rounded-overflow\" style=\"-webkit-border-radius:0px;-moz-border-radius:0px;border-radius:0px;border:0px solid #f6f6f6;-webkit-border-radius:0px;-moz-border-radius:0px;border-radius:0px;\"><img loading=\"lazy\" class=\"person-img img-responsive wp-image-3633\" width=\"183\" height=\"183\" src=\"http:\/\/www1.caminos.upm.es\/estructuras2\/wp-content\/uploads\/2023\/10\/AML-sq-e1696503016719.jpg\" alt=\"Andrea Monserrat L\u00f3pez\" \/><\/div><\/div><div class=\"person-desc\"><div class=\"person-author\"><div class=\"person-author-wrapper\"><span class=\"person-name\">Andrea Monserrat L\u00f3pez<\/span><span class=\"person-title\"><\/span><\/div><\/div><div class=\"person-content fusion-clearfix\">Dr. Ingeniera de Caminos y Profesora Ayudante Doctora, especializada en la investigaci\u00f3n del comportamiento del hormig\u00f3n armado.<\/p>\n<\/div><\/div><\/div><div class=\"fusion-clearfix\"><\/div>\n\n\t\t\t\t\t<\/div>\n\t\t\t\t<\/div><div  class=\"fusion-layout-column fusion_builder_column fusion_builder_column_1_4 fusion-builder-column-11 fusion-one-fourth fusion-column-last 1_4\"  style='margin-top:0px;margin-bottom:20px;width:22%'>\n\t\t\t\t\t<div class=\"fusion-column-wrapper\" style=\"background-position:left top;background-repeat:no-repeat;-webkit-background-size:cover;-moz-background-size:cover;-o-background-size:cover;background-size:cover;\"   data-bg-url=\"\">\n\t\t\t\t\t\t<div class=\"fusion-person person fusion-person-left fusion-person-4 fusion-person-icon-top\"><div class=\"person-shortcode-image-wrapper\"><div class=\"person-image-container hover-type-none person-rounded-overflow\" style=\"-webkit-border-radius:0px;-moz-border-radius:0px;border-radius:0px;border:0px solid #f6f6f6;-webkit-border-radius:0px;-moz-border-radius:0px;border-radius:0px;\"><img loading=\"lazy\" class=\"person-img img-responsive wp-image-2196\" width=\"183\" height=\"183\" src=\"http:\/\/www1.caminos.upm.es\/estructuras2\/wp-content\/uploads\/2019\/05\/Foto-MMadrid-e1557411202345.jpg\" alt=\"Mercedes Madrid Ramos\" \/><\/div><\/div><div class=\"person-desc\"><div class=\"person-author\"><div class=\"person-author-wrapper\"><span class=\"person-name\">Mercedes Madrid Ramos<\/span><span class=\"person-title\"><\/span><\/div><\/div><div class=\"person-content fusion-clearfix\">Soy de Cartagena, Ingeniera de Caminos. Estudi\u00e9 la carrera en Madrid. Trabajo en la direcci\u00f3n t\u00e9cnica de una constructora. Comenc\u00e9 a trabajar como Profesora Titular Interina en la Escuela de Obras P\u00fablicas, y desde el 2014 soy Profesora Asociada en la Escuela de Caminos.<\/p>\n<\/div><\/div><\/div><div class=\"fusion-clearfix\"><\/div>\n\n\t\t\t\t\t<\/div>\n\t\t\t\t<\/div><\/div><\/div><\/p>\n","protected":false},"excerpt":{"rendered":"<p>&lt;-Volver ICCP<\/p>\n","protected":false},"author":5,"featured_media":0,"parent":2018,"menu_order":0,"comment_status":"closed","ping_status":"closed","template":"","meta":[],"_links":{"self":[{"href":"http:\/\/www1.caminos.upm.es\/estructuras2\/wp-json\/wp\/v2\/pages\/2183"}],"collection":[{"href":"http:\/\/www1.caminos.upm.es\/estructuras2\/wp-json\/wp\/v2\/pages"}],"about":[{"href":"http:\/\/www1.caminos.upm.es\/estructuras2\/wp-json\/wp\/v2\/types\/page"}],"author":[{"embeddable":true,"href":"http:\/\/www1.caminos.upm.es\/estructuras2\/wp-json\/wp\/v2\/users\/5"}],"replies":[{"embeddable":true,"href":"http:\/\/www1.caminos.upm.es\/estructuras2\/wp-json\/wp\/v2\/comments?post=2183"}],"version-history":[{"count":30,"href":"http:\/\/www1.caminos.upm.es\/estructuras2\/wp-json\/wp\/v2\/pages\/2183\/revisions"}],"predecessor-version":[{"id":3634,"href":"http:\/\/www1.caminos.upm.es\/estructuras2\/wp-json\/wp\/v2\/pages\/2183\/revisions\/3634"}],"up":[{"embeddable":true,"href":"http:\/\/www1.caminos.upm.es\/estructuras2\/wp-json\/wp\/v2\/pages\/2018"}],"wp:attachment":[{"href":"http:\/\/www1.caminos.upm.es\/estructuras2\/wp-json\/wp\/v2\/media?parent=2183"}],"curies":[{"name":"wp","href":"https:\/\/api.w.org\/{rel}","templated":true}]}}