{"id":2177,"date":"2019-05-08T12:16:31","date_gmt":"2019-05-08T12:16:31","guid":{"rendered":"http:\/\/www1.caminos.upm.es\/estructuras2\/?page_id=2177"},"modified":"2022-11-04T10:05:15","modified_gmt":"2022-11-04T10:05:15","slug":"design-analysis-and-construction-of-bridges","status":"publish","type":"page","link":"http:\/\/www1.caminos.upm.es\/estructuras2\/es\/asignaturas-optativas-de-master\/master-ecm\/design-analysis-and-construction-of-bridges\/","title":{"rendered":"Design, Analysis and Construction of Bridges"},"content":{"rendered":"<p><a href=\"http:\/\/www1.caminos.upm.es\/estructuras2\/es\/asignaturas-optativas-de-master\/master-ccp\/\">&lt;-Volver ICCP<\/a>\u00a0 o\u00a0 <a href=\"http:\/\/www1.caminos.upm.es\/estructuras2\/es\/asignaturas-optativas-de-master\/master-ecm\/\">&lt;- Volver IECM<\/a><div class=\"fusion-fullwidth fullwidth-box hundred-percent-fullwidth non-hundred-percent-height-scrolling\"  style='background-color: rgba(255,255,255,0);background-position: center center;background-repeat: no-repeat;padding-top:0px;padding-right:0px;padding-bottom:0px;padding-left:0px;'><div class=\"fusion-builder-row fusion-row \"><div  class=\"fusion-layout-column fusion_builder_column fusion_builder_column_1_1 fusion-builder-column-1 fusion-one-full fusion-column-first fusion-column-last fusion-column-no-min-height 1_1\"  style='margin-top:0px;margin-bottom:0px;'>\n\t\t\t\t\t<div class=\"fusion-column-wrapper\" style=\"background-position:left top;background-repeat:no-repeat;-webkit-background-size:cover;-moz-background-size:cover;-o-background-size:cover;background-size:cover;\"   data-bg-url=\"\">\n\t\t\t\t\t\t<div class=\"fusion-title title fusion-title-1 fusion-title-size-one\" style=\"margin-top:0px;margin-bottom:0px;\"><h1 class=\"title-heading-left\" style=\"margin:0;\">Design, Analysis and Construction of Bridges<\/p><\/h1><div class=\"title-sep-container\"><div class=\"title-sep sep-single sep-solid\" style=\"border-color:#e0dede;\"><\/div><\/div><\/div><div class=\"fusion-clearfix\"><\/div>\n\n\t\t\t\t\t<\/div>\n\t\t\t\t<\/div><div  class=\"fusion-layout-column fusion_builder_column fusion_builder_column_1_2 fusion-builder-column-2 fusion-one-half fusion-column-first 1_2\"  style='margin-top:0px;margin-bottom:20px;width:48%; margin-right: 4%;'>\n\t\t\t\t\t<div class=\"fusion-column-wrapper\" style=\"background-position:left top;background-repeat:no-repeat;-webkit-background-size:cover;-moz-background-size:cover;-o-background-size:cover;background-size:cover;\"   data-bg-url=\"\">\n\t\t\t\t\t\t<span class=\"fusion-imageframe imageframe-none imageframe-1 hover-type-none\"><img loading=\"lazy\" src=\"http:\/\/www1.caminos.upm.es\/estructuras2\/wp-content\/uploads\/2019\/05\/gg-1.jpg\" width=\"3840\" height=\"2160\" alt=\"\" title=\"gg\" class=\"img-responsive wp-image-2317\"\/><\/span><div class=\"fusion-clearfix\"><\/div>\n\n\t\t\t\t\t<\/div>\n\t\t\t\t<\/div><div  class=\"fusion-layout-column fusion_builder_column fusion_builder_column_1_2 fusion-builder-column-3 fusion-one-half fusion-column-last 1_2\"  style='margin-top:0px;margin-bottom:20px;width:48%'>\n\t\t\t\t\t<div class=\"fusion-column-wrapper\" style=\"background-position:left top;background-repeat:no-repeat;-webkit-background-size:cover;-moz-background-size:cover;-o-background-size:cover;background-size:cover;\"   data-bg-url=\"\">\n\t\t\t\t\t\t<div class=\"fusion-text\"><p>En esta asignatura se estudia la forma y comportamiento de los puentes, as\u00ed como su aplicaci\u00f3n en el desarrollo de estudios, proyectos o construcci\u00f3n de puentes no convencionales o de luces medias o grandes<\/p>\n<\/div><div class=\"fusion-clearfix\"><\/div>\n\n\t\t\t\t\t<\/div>\n\t\t\t\t<\/div><div  class=\"fusion-layout-column fusion_builder_column fusion_builder_column_1_2 fusion-builder-column-4 fusion-one-half fusion-column-first 1_2\"  style='margin-top:0px;margin-bottom:20px;width:48%; margin-right: 4%;'>\n\t\t\t\t\t<div class=\"fusion-column-wrapper\" style=\"background-position:left top;background-repeat:no-repeat;-webkit-background-size:cover;-moz-background-size:cover;-o-background-size:cover;background-size:cover;\"   data-bg-url=\"\">\n\t\t\t\t\t\t<div class=\"fusion-title title fusion-title-2 fusion-title-size-one\" style=\"margin-top:0px;margin-bottom:0px;\"><h1 class=\"title-heading-left\" style=\"margin:0;\">M\u00e1s informaci\u00f3n<\/h1><div class=\"title-sep-container\"><div class=\"title-sep sep-single sep-solid\" style=\"border-color:#e0dede;\"><\/div><\/div><\/div><div class=\"fusion-text\"><ul>\n<li>Hewson N.R. (2003), <em>Prestressed Concrete Bridges<\/em>, Thomas Telford<\/li>\n<li>Manterola J. (2006), <em>Puentes: Apuntes para su Dise\u00f1o, C\u00e1lculo y Construci\u00f3n<\/em>, Colegio de Ingenieros de Caminos, Canales y Puertos<\/li>\n<li>Menn C.(1986), <em>Prestressed Concrete Bridges<\/em>, BirkH\u00e4user Verlag<\/li>\n<li>Walther R., Houriet B., Isler W., Mo\u00efa P. &amp; Klein J.F. (1999), <em>Cable Stayed Bridges<\/em>, Thomas Telford<\/li>\n<\/ul>\n<h3><a href=\"https:\/\/www.upm.es\/comun_gauss\/publico\/guias\/2022-23\/2S\/GA_04AM_43000437_2S_2022-23.pdf\" target=\"_blank\" rel=\"noopener noreferrer\">Gu\u00eda de aprendizaje completa<\/a><\/h3>\n<\/div><div class=\"fusion-clearfix\"><\/div>\n\n\t\t\t\t\t<\/div>\n\t\t\t\t<\/div><div  class=\"fusion-layout-column fusion_builder_column fusion_builder_column_1_2 fusion-builder-column-5 fusion-one-half fusion-column-last 1_2\"  style='margin-top:0px;margin-bottom:20px;width:48%'>\n\t\t\t\t\t<div class=\"fusion-column-wrapper\" style=\"background-position:left top;background-repeat:no-repeat;-webkit-background-size:cover;-moz-background-size:cover;-o-background-size:cover;background-size:cover;\"   data-bg-url=\"\">\n\t\t\t\t\t\t<div class=\"fusion-title title fusion-title-3 fusion-title-size-one\" style=\"margin-top:0px;margin-bottom:0px;\"><h1 class=\"title-heading-left\" style=\"margin:0;\">Temario resumido<\/h1><div class=\"title-sep-container\"><div class=\"title-sep sep-single sep-solid\" style=\"border-color:#e0dede;\"><\/div><\/div><\/div><div class=\"fusion-text\"><ul>\n<li>Puentes rectos de secci\u00f3n caj\u00f3n<\/li>\n<li>Puentes oblicuos<\/li>\n<li>Puentes curvos<\/li>\n<li>Puentes p\u00f3rtico<\/li>\n<li>Puentes de ferrocarril<\/li>\n<li>Puentes arco<\/li>\n<li>Puentes atirantados y puentes extradosados<\/li>\n<li>Acciones extraordinarias en puentes<\/li>\n<li>Puentes integrales<\/li>\n<li>Inspecci\u00f3n y mantenimiento en puentes<\/li>\n<\/ul>\n<\/div><div class=\"fusion-clearfix\"><\/div>\n\n\t\t\t\t\t<\/div>\n\t\t\t\t<\/div><div  class=\"fusion-layout-column fusion_builder_column fusion_builder_column_1_1 fusion-builder-column-6 fusion-one-full fusion-column-first fusion-column-last fusion-column-no-min-height 1_1\"  style='margin-top:0px;margin-bottom:0px;'>\n\t\t\t\t\t<div class=\"fusion-column-wrapper\" style=\"background-position:left top;background-repeat:no-repeat;-webkit-background-size:cover;-moz-background-size:cover;-o-background-size:cover;background-size:cover;\"   data-bg-url=\"\">\n\t\t\t\t\t\t<div class=\"fusion-title title fusion-title-4 fusion-title-size-one\" style=\"margin-top:0px;margin-bottom:0px;\"><h1 class=\"title-heading-left\" style=\"margin:0;\">Profesorado<\/h1><div class=\"title-sep-container\"><div class=\"title-sep sep-single sep-solid\" style=\"border-color:#e0dede;\"><\/div><\/div><\/div>\n<div class=\"fusion-clearfix\"><\/div>\n\n\t\t\t\t\t<\/div>\n\t\t\t\t<\/div><div  class=\"fusion-layout-column fusion_builder_column fusion_builder_column_1_4 fusion-builder-column-7 fusion-one-fourth fusion-column-first 1_4\"  style='margin-top:0px;margin-bottom:20px;width:22%; margin-right: 4%;'>\n\t\t\t\t\t<div class=\"fusion-column-wrapper\" style=\"background-position:left top;background-repeat:no-repeat;-webkit-background-size:cover;-moz-background-size:cover;-o-background-size:cover;background-size:cover;\"   data-bg-url=\"\">\n\t\t\t\t\t\t<div class=\"fusion-person person fusion-person-left fusion-person-1 fusion-person-icon-top\"><div class=\"person-shortcode-image-wrapper\"><div class=\"person-image-container hover-type-none person-rounded-overflow\" style=\"-webkit-border-radius:0px;-moz-border-radius:0px;border-radius:0px;border:0px solid #f6f6f6;-webkit-border-radius:0px;-moz-border-radius:0px;border-radius:0px;\"><img loading=\"lazy\" class=\"person-img img-responsive wp-image-3160\" width=\"183\" height=\"173\" src=\"http:\/\/www1.caminos.upm.es\/estructuras2\/wp-content\/uploads\/2022\/09\/Imagen1-e1662721534425.jpg\" alt=\"Antonio Mart\u00ednez Cutillas\" \/><\/div><\/div><div class=\"person-desc\"><div class=\"person-author\"><div class=\"person-author-wrapper\"><span class=\"person-name\">Antonio Mart\u00ednez Cutillas<\/span><span class=\"person-title\"><\/span><\/div><\/div><div class=\"person-content fusion-clearfix\">Doctor Ingeniero de Caminos, Profesor Titular de Universidad<\/div><\/div><\/div><div class=\"fusion-clearfix\"><\/div>\n\n\t\t\t\t\t<\/div>\n\t\t\t\t<\/div>\n<div  class=\"fusion-layout-column fusion_builder_column fusion_builder_column_1_3 fusion-builder-column-8 fusion-one-third 1_3\"  style='margin-top:0px;margin-bottom:20px;width:30.6666%; margin-right: 4%;'>\n\t\t\t\t\t<div class=\"fusion-column-wrapper\" style=\"background-position:left top;background-repeat:no-repeat;-webkit-background-size:cover;-moz-background-size:cover;-o-background-size:cover;background-size:cover;\"   data-bg-url=\"\">\n\t\t\t\t\t\t<div class=\"fusion-person person fusion-person-left fusion-person-2 fusion-person-icon-top\"><div class=\"person-shortcode-image-wrapper\"><div class=\"person-image-container hover-type-none person-rounded-overflow\" style=\"-webkit-border-radius:0px;-moz-border-radius:0px;border-radius:0px;border:0px solid #f6f6f6;-webkit-border-radius:0px;-moz-border-radius:0px;border-radius:0px;\"><img loading=\"lazy\" class=\"person-img img-responsive wp-image-2306\" width=\"183\" height=\"183\" src=\"http:\/\/www1.caminos.upm.es\/estructuras2\/wp-content\/uploads\/2019\/05\/josemanuelsimontalero-e1559238700819.jpg\" alt=\"Jos\u00e9 Manuel Sim\u00f3n-Talero\" \/><\/div><\/div><div class=\"person-desc\"><div class=\"person-author\"><div class=\"person-author-wrapper\"><span class=\"person-name\">Jos\u00e9 Manuel Sim\u00f3n-Talero<\/span><span class=\"person-title\"><\/span><\/div><\/div><div class=\"person-content fusion-clearfix\">Doctor Ingeniero de Caminos, Profesor Asociado<\/div><\/div><\/div><div class=\"fusion-clearfix\"><\/div>\n\n\t\t\t\t\t<\/div>\n\t\t\t\t<\/div>\n<div  class=\"fusion-layout-column fusion_builder_column fusion_builder_column_1_3 fusion-builder-column-9 fusion-one-third 1_3\"  style='margin-top:0px;margin-bottom:20px;width:30.6666%; margin-right: 4%;'>\n\t\t\t\t\t<div class=\"fusion-column-wrapper\" style=\"background-position:left top;background-repeat:no-repeat;-webkit-background-size:cover;-moz-background-size:cover;-o-background-size:cover;background-size:cover;\"   data-bg-url=\"\">\n\t\t\t\t\t\t<div class=\"fusion-person person fusion-person-left fusion-person-3 fusion-person-icon-top\"><div class=\"person-shortcode-image-wrapper\"><div class=\"person-image-container hover-type-none person-rounded-overflow\" style=\"-webkit-border-radius:0px;-moz-border-radius:0px;border-radius:0px;border:0px solid #f6f6f6;-webkit-border-radius:0px;-moz-border-radius:0px;border-radius:0px;\"><img loading=\"lazy\" class=\"person-img img-responsive wp-image-2305\" width=\"183\" height=\"183\" src=\"http:\/\/www1.caminos.upm.es\/estructuras2\/wp-content\/uploads\/2019\/05\/diegomanzanal-e1559238727768.jpg\" alt=\"Diego Manzanal\" \/><\/div><\/div><div class=\"person-desc\"><div class=\"person-author\"><div class=\"person-author-wrapper\"><span class=\"person-name\">Diego Manzanal<\/span><span class=\"person-title\"><\/span><\/div><\/div><div class=\"person-content fusion-clearfix\">Doctor Ingeniero de Caminos, Profesor Contratado Doctor<\/div><\/div><\/div><div class=\"fusion-clearfix\"><\/div>\n\n\t\t\t\t\t<\/div>\n\t\t\t\t<\/div>\n<\/div><\/div><\/p>\n","protected":false},"excerpt":{"rendered":"<p>&lt;-Volver ICCP\u00a0 o\u00a0 &lt;- Volver IECM<\/p>\n","protected":false},"author":5,"featured_media":0,"parent":2025,"menu_order":0,"comment_status":"closed","ping_status":"closed","template":"","meta":[],"_links":{"self":[{"href":"http:\/\/www1.caminos.upm.es\/estructuras2\/wp-json\/wp\/v2\/pages\/2177"}],"collection":[{"href":"http:\/\/www1.caminos.upm.es\/estructuras2\/wp-json\/wp\/v2\/pages"}],"about":[{"href":"http:\/\/www1.caminos.upm.es\/estructuras2\/wp-json\/wp\/v2\/types\/page"}],"author":[{"embeddable":true,"href":"http:\/\/www1.caminos.upm.es\/estructuras2\/wp-json\/wp\/v2\/users\/5"}],"replies":[{"embeddable":true,"href":"http:\/\/www1.caminos.upm.es\/estructuras2\/wp-json\/wp\/v2\/comments?post=2177"}],"version-history":[{"count":23,"href":"http:\/\/www1.caminos.upm.es\/estructuras2\/wp-json\/wp\/v2\/pages\/2177\/revisions"}],"predecessor-version":[{"id":3466,"href":"http:\/\/www1.caminos.upm.es\/estructuras2\/wp-json\/wp\/v2\/pages\/2177\/revisions\/3466"}],"up":[{"embeddable":true,"href":"http:\/\/www1.caminos.upm.es\/estructuras2\/wp-json\/wp\/v2\/pages\/2025"}],"wp:attachment":[{"href":"http:\/\/www1.caminos.upm.es\/estructuras2\/wp-json\/wp\/v2\/media?parent=2177"}],"curies":[{"name":"wp","href":"https:\/\/api.w.org\/{rel}","templated":true}]}}