{"id":2128,"date":"2019-04-03T15:13:53","date_gmt":"2019-04-03T15:13:53","guid":{"rendered":"http:\/\/www1.caminos.upm.es\/estructuras2\/?page_id=2128"},"modified":"2022-09-29T14:11:38","modified_gmt":"2022-09-29T14:11:38","slug":"asignaturas-optativas-de-master-master-ccp-advanced-analysis-and-design-of-concrete-structures","status":"publish","type":"page","link":"http:\/\/www1.caminos.upm.es\/estructuras2\/es\/asignaturas-optativas-de-master\/master-ccp\/asignaturas-optativas-de-master-master-ccp-advanced-analysis-and-design-of-concrete-structures\/","title":{"rendered":"Advanced Analysis And Design Of Concrete Structures"},"content":{"rendered":"<p><a href=\"http:\/\/www1.caminos.upm.es\/estructuras2\/es\/asignaturas-optativas-de-master\/master-ccp\/\">&lt;-Volver ICCP<\/a>\u00a0 o\u00a0 <a href=\"http:\/\/www1.caminos.upm.es\/estructuras2\/es\/asignaturas-optativas-de-master\/master-ecm\/\">&lt;- Volver IECM<\/a><div class=\"fusion-fullwidth fullwidth-box hundred-percent-fullwidth non-hundred-percent-height-scrolling\"  style='background-color: rgba(255,255,255,0);background-position: center center;background-repeat: no-repeat;padding-top:0px;padding-right:0px;padding-bottom:0px;padding-left:0px;'><div class=\"fusion-builder-row fusion-row \"><div  class=\"fusion-layout-column fusion_builder_column fusion_builder_column_1_1 fusion-builder-column-1 fusion-one-full fusion-column-first fusion-column-last fusion-column-no-min-height 1_1\"  style='margin-top:0px;margin-bottom:0px;'>\n\t\t\t\t\t<div class=\"fusion-column-wrapper\" style=\"background-position:left top;background-repeat:no-repeat;-webkit-background-size:cover;-moz-background-size:cover;-o-background-size:cover;background-size:cover;\"   data-bg-url=\"\">\n\t\t\t\t\t\t<div class=\"fusion-title title fusion-title-1 fusion-title-size-one\" style=\"margin-top:0px;margin-bottom:0px;\"><h1 class=\"title-heading-left\" style=\"margin:0;\">Advanced Analysis And Design Of Concrete Structures<\/p><\/h1><div class=\"title-sep-container\"><div class=\"title-sep sep-single sep-solid\" style=\"border-color:#e0dede;\"><\/div><\/div><\/div><div class=\"fusion-clearfix\"><\/div>\n\n\t\t\t\t\t<\/div>\n\t\t\t\t<\/div><div  class=\"fusion-layout-column fusion_builder_column fusion_builder_column_1_2 fusion-builder-column-2 fusion-one-half fusion-column-first 1_2\"  style='margin-top:0px;margin-bottom:20px;width:48%; margin-right: 4%;'>\n\t\t\t\t\t<div class=\"fusion-column-wrapper\" style=\"background-position:left top;background-repeat:no-repeat;-webkit-background-size:cover;-moz-background-size:cover;-o-background-size:cover;background-size:cover;\"   data-bg-url=\"\">\n\t\t\t\t\t\t<span class=\"fusion-imageframe imageframe-none imageframe-1 hover-type-none\"><img loading=\"lazy\" src=\"http:\/\/www1.caminos.upm.es\/estructuras2\/wp-content\/uploads\/2019\/04\/DIS_AVANZ-e1554305205291.jpg\" width=\"\" height=\"\" alt=\"\" title=\"Advanced Analysis And Design Of Concrete Structures\" class=\"img-responsive\"\/><\/span><div class=\"fusion-clearfix\"><\/div>\n\n\t\t\t\t\t<\/div>\n\t\t\t\t<\/div><div  class=\"fusion-layout-column fusion_builder_column fusion_builder_column_1_2 fusion-builder-column-3 fusion-one-half fusion-column-last 1_2\"  style='margin-top:0px;margin-bottom:20px;width:48%'>\n\t\t\t\t\t<div class=\"fusion-column-wrapper\" style=\"background-position:left top;background-repeat:no-repeat;-webkit-background-size:cover;-moz-background-size:cover;-o-background-size:cover;background-size:cover;\"   data-bg-url=\"\">\n\t\t\t\t\t\t<div class=\"fusion-text\"><p>This course focuses on the advanced analysis and design of concrete structures. This includes nonlinear behavior both at Ultimate Limit States (ULS) and Serviceability Limit States (SLS). Furthermore, this course includes several topics as Strut-and-Tie Method as well as specific subjects as prestressing, fire behavior and fibre reinforced concrete.<\/p>\n<\/div><div class=\"fusion-clearfix\"><\/div>\n\n\t\t\t\t\t<\/div>\n\t\t\t\t<\/div><div  class=\"fusion-layout-column fusion_builder_column fusion_builder_column_1_2 fusion-builder-column-4 fusion-one-half fusion-column-first 1_2\"  style='margin-top:0px;margin-bottom:20px;width:48%; margin-right: 4%;'>\n\t\t\t\t\t<div class=\"fusion-column-wrapper\" style=\"background-position:left top;background-repeat:no-repeat;-webkit-background-size:cover;-moz-background-size:cover;-o-background-size:cover;background-size:cover;\"   data-bg-url=\"\">\n\t\t\t\t\t\t<div class=\"fusion-title title fusion-title-2 fusion-title-size-one\" style=\"margin-top:0px;margin-bottom:0px;\"><h1 class=\"title-heading-left\" style=\"margin:0;\">M\u00e1s informaci\u00f3n<\/h1><div class=\"title-sep-container\"><div class=\"title-sep sep-single sep-solid\" style=\"border-color:#e0dede;\"><\/div><\/div><\/div><div class=\"fusion-text\"><p>Previous knowledge in the following areas is needed: Structural analysis. Computer Science. Prestressed and reinforced concrete. Concrete and steel structures<\/p>\n<h3><a href=\"https:\/\/caminos.upm.es\/wp-content\/uploads\/2022\/08\/04AG_2022-23_TOMO_II_V2AED.pdf#page=159\" target=\"_blank\" rel=\"noopener noreferrer\">Gu\u00eda de aprendizaje completa ICCP<\/a><\/h3>\n<h3><a href=\"https:\/\/www.upm.es\/comun_gauss\/publico\/guias\/2022-23\/2S\/GA_04AM_43000441_2S_2022-23.pdf\" target=\"_blank\" rel=\"noopener noreferrer\">Gu\u00eda de aprendizaje completa IECM<\/a><\/h3>\n<\/div><div class=\"fusion-clearfix\"><\/div>\n\n\t\t\t\t\t<\/div>\n\t\t\t\t<\/div><div  class=\"fusion-layout-column fusion_builder_column fusion_builder_column_1_2 fusion-builder-column-5 fusion-one-half fusion-column-last 1_2\"  style='margin-top:0px;margin-bottom:20px;width:48%'>\n\t\t\t\t\t<div class=\"fusion-column-wrapper\" style=\"background-position:left top;background-repeat:no-repeat;-webkit-background-size:cover;-moz-background-size:cover;-o-background-size:cover;background-size:cover;\"   data-bg-url=\"\">\n\t\t\t\t\t\t<div class=\"fusion-title title fusion-title-3 fusion-title-size-one\" style=\"margin-top:0px;margin-bottom:0px;\"><h1 class=\"title-heading-left\" style=\"margin:0;\">Temario resumido<\/h1><div class=\"title-sep-container\"><div class=\"title-sep sep-single sep-solid\" style=\"border-color:#e0dede;\"><\/div><\/div><\/div><div class=\"fusion-text\"><ol>\n<li>Material nonlinear behaviour<\/li>\n<li>Slender elements<\/li>\n<li>Behaviour of structures in seismic areas<\/li>\n<li>SLS behaviour<\/li>\n<li>Behaviour of structures subjected to fire<\/li>\n<li>Fibre reinforced concrete<\/li>\n<li>Strut-and-tie method applied to structural elements<\/li>\n<li>Specific topics on prestressing<\/li>\n<\/ol>\n<\/div><div class=\"fusion-clearfix\"><\/div>\n\n\t\t\t\t\t<\/div>\n\t\t\t\t<\/div><div  class=\"fusion-layout-column fusion_builder_column fusion_builder_column_1_1 fusion-builder-column-6 fusion-one-full fusion-column-first fusion-column-last fusion-column-no-min-height 1_1\"  style='margin-top:0px;margin-bottom:0px;'>\n\t\t\t\t\t<div class=\"fusion-column-wrapper\" style=\"background-position:left top;background-repeat:no-repeat;-webkit-background-size:cover;-moz-background-size:cover;-o-background-size:cover;background-size:cover;\"   data-bg-url=\"\">\n\t\t\t\t\t\t<div class=\"fusion-sep-clear\"><\/div><div class=\"fusion-separator fusion-full-width-sep sep-none\" style=\"margin-left: auto;margin-right: auto;margin-top:;\"><\/div><div class=\"fusion-clearfix\"><\/div>\n\n\t\t\t\t\t<\/div>\n\t\t\t\t<\/div><div  class=\"fusion-layout-column fusion_builder_column fusion_builder_column_1_1 fusion-builder-column-7 fusion-one-full fusion-column-first fusion-column-last fusion-column-no-min-height 1_1\"  style='margin-top:0px;margin-bottom:0px;'>\n\t\t\t\t\t<div class=\"fusion-column-wrapper\" style=\"background-position:left top;background-repeat:no-repeat;-webkit-background-size:cover;-moz-background-size:cover;-o-background-size:cover;background-size:cover;\"   data-bg-url=\"\">\n\t\t\t\t\t\t<div class=\"fusion-title title fusion-title-4 fusion-title-size-one\" style=\"margin-top:0px;margin-bottom:0px;\"><h1 class=\"title-heading-left\" style=\"margin:0;\">Profesorado<\/h1><div class=\"title-sep-container\"><div class=\"title-sep sep-single sep-solid\" style=\"border-color:#e0dede;\"><\/div><\/div><\/div><div class=\"fusion-clearfix\"><\/div>\n\n\t\t\t\t\t<\/div>\n\t\t\t\t<\/div><div  class=\"fusion-layout-column fusion_builder_column fusion_builder_column_1_4 fusion-builder-column-8 fusion-one-fourth fusion-column-first 1_4\"  style='margin-top:0px;margin-bottom:20px;width:22%; margin-right: 4%;'>\n\t\t\t\t\t<div class=\"fusion-column-wrapper\" style=\"background-position:left top;background-repeat:no-repeat;-webkit-background-size:cover;-moz-background-size:cover;-o-background-size:cover;background-size:cover;\"   data-bg-url=\"\">\n\t\t\t\t\t\t<div class=\"fusion-person person fusion-person-left fusion-person-1 fusion-person-icon-top\"><div class=\"person-shortcode-image-wrapper\"><div class=\"person-image-container hover-type-none person-rounded-overflow\" style=\"-webkit-border-radius:0px;-moz-border-radius:0px;border-radius:0px;border:0px solid #f6f6f6;-webkit-border-radius:0px;-moz-border-radius:0px;border-radius:0px;\"><img loading=\"lazy\" class=\"person-img img-responsive wp-image-2131\" width=\"183\" height=\"183\" src=\"http:\/\/www1.caminos.upm.es\/estructuras2\/wp-content\/uploads\/2019\/04\/HCP-e1554305022851.png\" alt=\"Hugo Eduardo Corres Peiretti\" \/><\/div><\/div><div class=\"person-desc\"><div class=\"person-author\"><div class=\"person-author-wrapper\"><span class=\"person-name\">Hugo Eduardo Corres Peiretti<\/span><span class=\"person-title\"><\/span><\/div><\/div><div class=\"person-content fusion-clearfix\">Dr. Ingeniero de Caminos y catedr\u00e1tico en la UPM. Doctor Honoris Causa por la Universidad Tecnol\u00f3gica de Bratislava. Presidente Honorifico de la fib (Federaci\u00f3n Internacional del Hormig\u00f3n). Miembro Chartered Structural Engineer del Institution of Structural Engineers.<\/p>\n<\/div><\/div><\/div><div class=\"fusion-clearfix\"><\/div>\n\n\t\t\t\t\t<\/div>\n\t\t\t\t<\/div><div  class=\"fusion-layout-column fusion_builder_column fusion_builder_column_1_4 fusion-builder-column-9 fusion-one-fourth 1_4\"  style='margin-top:0px;margin-bottom:20px;width:22%; margin-right: 4%;'>\n\t\t\t\t\t<div class=\"fusion-column-wrapper\" style=\"background-position:left top;background-repeat:no-repeat;-webkit-background-size:cover;-moz-background-size:cover;-o-background-size:cover;background-size:cover;\"   data-bg-url=\"\">\n\t\t\t\t\t\t<div class=\"fusion-person person fusion-person-left fusion-person-2 fusion-person-icon-top\"><div class=\"person-shortcode-image-wrapper\"><div class=\"person-image-container hover-type-none person-rounded-overflow\" style=\"-webkit-border-radius:0px;-moz-border-radius:0px;border-radius:0px;border:0px solid #f6f6f6;-webkit-border-radius:0px;-moz-border-radius:0px;border-radius:0px;\"><img loading=\"lazy\" class=\"person-img img-responsive wp-image-2132\" width=\"183\" height=\"183\" src=\"http:\/\/www1.caminos.upm.es\/estructuras2\/wp-content\/uploads\/2019\/04\/JLG-e1554304999251.png\" alt=\"Francisco Javier Le\u00f3n Gonz\u00e1lez\" \/><\/div><\/div><div class=\"person-desc\"><div class=\"person-author\"><div class=\"person-author-wrapper\"><span class=\"person-name\">Francisco Javier Le\u00f3n Gonz\u00e1lez<\/span><span class=\"person-title\"><\/span><\/div><\/div><div class=\"person-content fusion-clearfix\">J. Le\u00f3n: Ingeniero de Caminos (1981) y doctor (1987) por la UPM. Es profesor titular desde el 1989. La docencia que imparte est\u00e1 vinculada a las estructuras hormig\u00f3n, met\u00e1licas y mixtas, a la conservaci\u00f3n y a las construcciones de f\u00e1brica. Ha sido director de 6 tesis doctorales y su investigaci\u00f3n se enfoca en las estructuras existentes.<\/p>\n<\/div><\/div><\/div><div class=\"fusion-clearfix\"><\/div>\n\n\t\t\t\t\t<\/div>\n\t\t\t\t<\/div><div  class=\"fusion-layout-column fusion_builder_column fusion_builder_column_1_4 fusion-builder-column-10 fusion-one-fourth 1_4\"  style='margin-top:0px;margin-bottom:20px;width:22%; margin-right: 4%;'>\n\t\t\t\t\t<div class=\"fusion-column-wrapper\" style=\"background-position:left top;background-repeat:no-repeat;-webkit-background-size:cover;-moz-background-size:cover;-o-background-size:cover;background-size:cover;\"   data-bg-url=\"\">\n\t\t\t\t\t\t<div class=\"fusion-person person fusion-person-left fusion-person-3 fusion-person-icon-top\"><div class=\"person-shortcode-image-wrapper\"><div class=\"person-image-container hover-type-none person-rounded-overflow\" style=\"-webkit-border-radius:0px;-moz-border-radius:0px;border-radius:0px;border:0px solid #f6f6f6;-webkit-border-radius:0px;-moz-border-radius:0px;border-radius:0px;\"><img loading=\"lazy\" class=\"person-img img-responsive wp-image-2135\" width=\"183\" height=\"183\" src=\"http:\/\/www1.caminos.upm.es\/estructuras2\/wp-content\/uploads\/2019\/04\/APC-e1554304952616.png\" alt=\"Alejandro P\u00e9rez Caldentey\" \/><\/div><\/div><div class=\"person-desc\"><div class=\"person-author\"><div class=\"person-author-wrapper\"><span class=\"person-name\">Alejandro P\u00e9rez Caldentey<\/span><span class=\"person-title\"><\/span><\/div><\/div><div class=\"person-content fusion-clearfix\">A. P\u00e9rez: Ingeniero de Caminos y doctor por la UPM. Es profesor titular desde el 1992. La docencia que imparte est\u00e1 vinculada a las estructuras de hormig\u00f3n, met\u00e1licas y mixtas. Es director de FHECOR North America.<\/p>\n<\/div><\/div><\/div><div class=\"fusion-clearfix\"><\/div>\n\n\t\t\t\t\t<\/div>\n\t\t\t\t<\/div><div  class=\"fusion-layout-column fusion_builder_column fusion_builder_column_1_1 fusion-builder-column-11 fusion-one-full fusion-column-last fusion-column-no-min-height 1_1\"  style='margin-top:0px;margin-bottom:0px;'>\n\t\t\t\t\t<div class=\"fusion-column-wrapper\" style=\"background-position:left top;background-repeat:no-repeat;-webkit-background-size:cover;-moz-background-size:cover;-o-background-size:cover;background-size:cover;\"   data-bg-url=\"\">\n\t\t\t\t\t\t<div class=\"fusion-content-boxes content-boxes columns row fusion-columns-4 fusion-columns-total-1 fusion-content-boxes-1 content-boxes-icon-with-title content-left\" data-animationOffset=\"100%\" style=\"margin-top:0px;margin-bottom:60px;\"><style type=\"text\/css\" scoped=\"scoped\">.fusion-content-boxes-1 .heading .content-box-heading {color:#3b4251;}\r\n\t\t\t\t\t.fusion-content-boxes-1 .fusion-content-box-hover .link-area-link-icon-hover .heading .content-box-heading,\r\n\t\t\t\t\t.fusion-content-boxes-1 .fusion-content-box-hover .link-area-link-icon-hover .heading .heading-link .content-box-heading,\r\n\t\t\t\t\t.fusion-content-boxes-1 .fusion-content-box-hover .link-area-box-hover .heading .content-box-heading,\r\n\t\t\t\t\t.fusion-content-boxes-1 .fusion-content-box-hover .link-area-box-hover .heading .heading-link .content-box-heading,\r\n\t\t\t\t\t.fusion-content-boxes-1 .fusion-content-box-hover .link-area-link-icon-hover.link-area-box .fusion-read-more,\r\n\t\t\t\t\t.fusion-content-boxes-1 .fusion-content-box-hover .link-area-link-icon-hover.link-area-box .fusion-read-more::after,\r\n\t\t\t\t\t.fusion-content-boxes-1 .fusion-content-box-hover .link-area-link-icon-hover.link-area-box .fusion-read-more::before,\r\n\t\t\t\t\t.fusion-content-boxes-1 .fusion-content-box-hover .fusion-read-more:hover:after,\r\n\t\t\t\t\t.fusion-content-boxes-1 .fusion-content-box-hover .fusion-read-more:hover:before,\r\n\t\t\t\t\t.fusion-content-boxes-1 .fusion-content-box-hover .fusion-read-more:hover,\r\n\t\t\t\t\t.fusion-content-boxes-1 .fusion-content-box-hover .link-area-box-hover.link-area-box .fusion-read-more,\r\n\t\t\t\t\t.fusion-content-boxes-1 .fusion-content-box-hover .link-area-box-hover.link-area-box .fusion-read-more::after,\r\n\t\t\t\t\t.fusion-content-boxes-1 .fusion-content-box-hover .link-area-box-hover.link-area-box .fusion-read-more::before,\r\n\t\t\t\t\t.fusion-content-boxes-1 .fusion-content-box-hover .link-area-link-icon-hover .icon .circle-no,\r\n\t\t\t\t\t.fusion-content-boxes-1 .heading .heading-link:hover .content-box-heading {\r\n\t\t\t\t\t\tcolor: #549f97;\r\n\t\t\t\t\t}\r\n\t\t\t\t\t.fusion-content-boxes-1 .fusion-content-box-hover .link-area-box-hover .icon .circle-no {\r\n\t\t\t\t\t\tcolor: #549f97 !important;\r\n\t\t\t\t\t}.fusion-content-boxes-1 .fusion-content-box-hover .link-area-box.link-area-box-hover .fusion-content-box-button {background: #4e958d;color: #ffffff;}.fusion-content-boxes-1 .fusion-content-box-hover .link-area-box.link-area-box-hover .fusion-content-box-button .fusion-button-text {color: #ffffff;}\r\n\t\t\t\t\t.fusion-content-boxes-1 .fusion-content-box-hover .link-area-link-icon-hover .heading .icon > span {\r\n\t\t\t\t\t\tbackground-color: #549f97 !important;\r\n\t\t\t\t\t}\r\n\t\t\t\t\t.fusion-content-boxes-1 .fusion-content-box-hover .link-area-box-hover .heading .icon > span {\r\n\t\t\t\t\t\tborder-color: #549f97 !important;\r\n\t\t\t\t\t}<\/style><div class=\"fusion-column content-box-column content-box-column content-box-column-1 col-lg-3 col-md-3 col-sm-3 fusion-content-box-hover  content-box-column-first-in-row content-box-column-last\"><div class=\"col content-box-wrapper content-wrapper link-area-box icon-hover-animation-slide\" style=\"background-color:rgba(255,255,255,0);\" data-animationOffset=\"100%\"><div class=\"fusion-clearfix\"><\/div><div class=\"content-container\" style=\"color:#747474;\"> <\/div><\/div><\/div><style type=\"text\/css\" scoped=\"scoped\">\r\n\t\t\t\t\t\t.fusion-content-boxes-1 .fusion-content-box-hover .heading-link:hover .icon i.circle-yes,\r\n\t\t\t\t\t\t.fusion-content-boxes-1 .fusion-content-box-hover .link-area-box:hover .heading-link .icon i.circle-yes,\r\n\t\t\t\t\t\t.fusion-content-boxes-1 .fusion-content-box-hover .link-area-link-icon-hover .heading .icon i.circle-yes,\r\n\t\t\t\t\t\t.fusion-content-boxes-1 .fusion-content-box-hover .link-area-box-hover .heading .icon i.circle-yes {\r\n\t\t\t\t\t\t\tbackground-color: #549f97 !important;\r\n\t\t\t\t\t\t\tborder-color: #549f97 !important;\r\n\t\t\t\t\t\t}<\/style><div class=\"fusion-clearfix\"><\/div><\/div><div class=\"fusion-sep-clear\"><\/div><div class=\"fusion-separator fusion-full-width-sep sep-none\" style=\"margin-left: auto;margin-right: auto;margin-top:;\"><\/div><div class=\"fusion-clearfix\"><\/div>\n\n\t\t\t\t\t<\/div>\n\t\t\t\t<\/div><\/div><\/div><\/p>\n","protected":false},"excerpt":{"rendered":"<p>&lt;-Volver ICCP\u00a0 o\u00a0 &lt;- Volver IECM<\/p>\n","protected":false},"author":5,"featured_media":0,"parent":2018,"menu_order":0,"comment_status":"closed","ping_status":"closed","template":"","meta":[],"_links":{"self":[{"href":"http:\/\/www1.caminos.upm.es\/estructuras2\/wp-json\/wp\/v2\/pages\/2128"}],"collection":[{"href":"http:\/\/www1.caminos.upm.es\/estructuras2\/wp-json\/wp\/v2\/pages"}],"about":[{"href":"http:\/\/www1.caminos.upm.es\/estructuras2\/wp-json\/wp\/v2\/types\/page"}],"author":[{"embeddable":true,"href":"http:\/\/www1.caminos.upm.es\/estructuras2\/wp-json\/wp\/v2\/users\/5"}],"replies":[{"embeddable":true,"href":"http:\/\/www1.caminos.upm.es\/estructuras2\/wp-json\/wp\/v2\/comments?post=2128"}],"version-history":[{"count":22,"href":"http:\/\/www1.caminos.upm.es\/estructuras2\/wp-json\/wp\/v2\/pages\/2128\/revisions"}],"predecessor-version":[{"id":3287,"href":"http:\/\/www1.caminos.upm.es\/estructuras2\/wp-json\/wp\/v2\/pages\/2128\/revisions\/3287"}],"up":[{"embeddable":true,"href":"http:\/\/www1.caminos.upm.es\/estructuras2\/wp-json\/wp\/v2\/pages\/2018"}],"wp:attachment":[{"href":"http:\/\/www1.caminos.upm.es\/estructuras2\/wp-json\/wp\/v2\/media?parent=2128"}],"curies":[{"name":"wp","href":"https:\/\/api.w.org\/{rel}","templated":true}]}}