{"id":2025,"date":"2019-03-06T15:34:15","date_gmt":"2019-03-06T15:34:15","guid":{"rendered":"http:\/\/www1.caminos.upm.es\/estructuras2\/?page_id=2025"},"modified":"2022-10-03T09:42:37","modified_gmt":"2022-10-03T09:42:37","slug":"master-ecm","status":"publish","type":"page","link":"http:\/\/www1.caminos.upm.es\/estructuras2\/es\/asignaturas-optativas-de-master\/master-ecm\/","title":{"rendered":"Master IECM"},"content":{"rendered":"<div class=\"fusion-fullwidth fullwidth-box hundred-percent-fullwidth non-hundred-percent-height-scrolling\"  style='background-color: rgba(255,255,255,0);background-position: center center;background-repeat: no-repeat;padding-top:0px;padding-right:0px;padding-bottom:0px;padding-left:0px;'><div class=\"fusion-builder-row fusion-row \"><div  class=\"fusion-layout-column fusion_builder_column fusion_builder_column_1_1 fusion-builder-column-1 fusion-one-full fusion-column-first fusion-column-last 1_1\"  style='margin-top:-60px;margin-bottom:20px;'>\n\t\t\t\t\t<div class=\"fusion-column-wrapper\" style=\"background-position:left top;background-repeat:no-repeat;-webkit-background-size:cover;-moz-background-size:cover;-o-background-size:cover;background-size:cover;\"   data-bg-url=\"\">\n\t\t\t\t\t\t<div class=\"fusion-title title fusion-title-1 fusion-title-size-one\" style=\"margin-top:0px;margin-bottom:0px;\"><h1 class=\"title-heading-left\" style=\"margin:0;\"><p>Asignaturas optativas en el M\u00e1ster Universitario IECM<\/h1><div class=\"title-sep-container\"><div class=\"title-sep sep-single sep-solid\" style=\"border-color:#e0dede;\"><\/div><\/div><\/div><div class=\"fusion-text\"><p>El <a href=\"http:\/\/www1.caminos.upm.es\/muiecm\/\">M\u00e1ster en Ingenier\u00eda de Estructuras, Cimentaciones y Materiales<\/a> de la Universidad Polit\u00e9cnica de Madrid es t\u00edtulo oficial de m\u00e1ster universitario de 75 ECTS.\u00a0 Posee una menci\u00f3n de excelencia MEE2011-0215 otorgada el 6 de octubre de 2011 por el Ministerio de Educaci\u00f3n. Acreditaci\u00f3n gestionada por la Fundaci\u00f3n\u00a0 para el Conocimiento Madrid+d renovada en 2019. Proporciona una formaci\u00f3n superior de alto nivel profesional e investigador, flexibilidad para elegir la especializaci\u00f3n entre las \u00e1reas: Estructuras, Geot\u00e9cnica, Construcci\u00f3n y Materiales. Titulaci\u00f3n con acceso directo al <a href=\"http:\/\/www1.caminos.upm.es\/muiecm\/doctorado\/\">Programa de Doctorado en Ingenier\u00eda de Estructuras, Cimentaciones y Materiales<\/a>.<\/p>\n<\/div><div class=\"fusion-clearfix\"><\/div>\n\n\t\t\t\t\t<\/div>\n\t\t\t\t<\/div><div  class=\"fusion-layout-column fusion_builder_column fusion_builder_column_1_1 fusion-builder-column-2 fusion-one-full fusion-column-first fusion-column-last fusion-column-no-min-height 1_1\"  style='margin-top:0px;margin-bottom:0px;'>\n\t\t\t\t\t<div class=\"fusion-column-wrapper\" style=\"background-position:left top;background-repeat:no-repeat;-webkit-background-size:cover;-moz-background-size:cover;-o-background-size:cover;background-size:cover;\"   data-bg-url=\"\">\n\t\t\t\t\t\t<div class=\"fusion-sep-clear\"><\/div><div class=\"fusion-separator fusion-full-width-sep sep-none\" style=\"margin-left: auto;margin-right: auto;margin-top:0px;margin-bottom:20px;\"><\/div><div class=\"fusion-clearfix\"><\/div>\n\n\t\t\t\t\t<\/div>\n\t\t\t\t<\/div><div  class=\"fusion-layout-column fusion_builder_column fusion_builder_column_1_3 fusion-builder-column-3 fusion-one-third fusion-column-first 1_3\"  style='margin-top:0px;margin-bottom:20px;width:30.6666%; margin-right: 4%;'>\n\t\t\t\t\t<div class=\"fusion-column-wrapper\" style=\"background-position:left top;background-repeat:no-repeat;-webkit-background-size:cover;-moz-background-size:cover;-o-background-size:cover;background-size:cover;\"   data-bg-url=\"\">\n\t\t\t\t\t\t<div class=\"fusion-text\"><div class=\"fusion-sep-clear\"><\/div><div class=\"fusion-separator fusion-full-width-sep sep-none\" style=\"margin-left: auto;margin-right: auto;margin-top:0px;margin-bottom:-22px;\"><\/div>\n<\/div><div class=\"fusion-builder-row fusion-builder-row-inner fusion-row \"><\/div><div  class=\"fusion-layout-column fusion_builder_column fusion_builder_column_1_3  fusion-one-third fusion-column-first 1_3\"  style='margin-top: 0px;margin-bottom: 20px;width:30.6666%; margin-right:4%;'><div class=\"fusion-column-wrapper\" style=\"background-position:left top;background-repeat:no-repeat;-webkit-background-size:cover;-moz-background-size:cover;-o-background-size:cover;background-size:cover;\"  data-bg-url=\"\"><\/div><\/div><div class=\"fusion-text\"><p><a href=\"http:\/\/www1.caminos.upm.es\/estructuras2\/wp-content\/uploads\/2019\/04\/DIS_AVANZ-e1554305205291.jpg\"><img loading=\"lazy\" class=\"alignnone wp-image-2136\" src=\"http:\/\/www1.caminos.upm.es\/estructuras2\/wp-content\/uploads\/2019\/04\/DIS_AVANZ-e1554305205291.jpg\" alt=\"\" width=\"532\" height=\"413\" \/><\/a><\/p>\n<h2><a href=\"http:\/\/www1.caminos.upm.es\/estructuras2\/es\/asignaturas-optativas-de-master\/master-ccp\/asignaturas-optativas-de-master-master-ccp-advanced-analysis-and-design-of-concrete-structures\/\">Advanced Analysis and Design of concrete structures<\/a><\/h2>\n<\/div><div class=\"fusion-clearfix\"><\/div>\n\n\t\t\t\t\t<\/div>\n\t\t\t\t<\/div><div  class=\"fusion-layout-column fusion_builder_column fusion_builder_column_1_3 fusion-builder-column-4 fusion-one-third 1_3\"  style='margin-top:0px;margin-bottom:20px;width:30.6666%; margin-right: 4%;'>\n\t\t\t\t\t<div class=\"fusion-column-wrapper\" style=\"background-position:left top;background-repeat:no-repeat;-webkit-background-size:cover;-moz-background-size:cover;-o-background-size:cover;background-size:cover;\"   data-bg-url=\"\">\n\t\t\t\t\t\t<div class=\"fusion-text\"><p><a href=\"http:\/\/www1.caminos.upm.es\/estructuras2\/es\/asignaturas-optativas-de-master\/master-ecm\/computational-mechanics\/\"><img loading=\"lazy\" class=\"alignnone wp-image-2233 size-large\" src=\"http:\/\/www1.caminos.upm.es\/estructuras2\/wp-content\/uploads\/2019\/05\/forward-e1664789475700-1024x867.png\" alt=\"\" width=\"1024\" height=\"867\" srcset=\"http:\/\/www1.caminos.upm.es\/estructuras2\/wp-content\/uploads\/2019\/05\/forward-e1664789475700-200x169.png 200w, http:\/\/www1.caminos.upm.es\/estructuras2\/wp-content\/uploads\/2019\/05\/forward-e1664789475700-298x252.png 298w, http:\/\/www1.caminos.upm.es\/estructuras2\/wp-content\/uploads\/2019\/05\/forward-e1664789475700-400x339.png 400w, http:\/\/www1.caminos.upm.es\/estructuras2\/wp-content\/uploads\/2019\/05\/forward-e1664789475700-600x508.png 600w, http:\/\/www1.caminos.upm.es\/estructuras2\/wp-content\/uploads\/2019\/05\/forward-e1664789475700-768x651.png 768w, http:\/\/www1.caminos.upm.es\/estructuras2\/wp-content\/uploads\/2019\/05\/forward-e1664789475700-800x678.png 800w, http:\/\/www1.caminos.upm.es\/estructuras2\/wp-content\/uploads\/2019\/05\/forward-e1664789475700-1024x867.png 1024w, http:\/\/www1.caminos.upm.es\/estructuras2\/wp-content\/uploads\/2019\/05\/forward-e1664789475700-1200x1017.png 1200w, http:\/\/www1.caminos.upm.es\/estructuras2\/wp-content\/uploads\/2019\/05\/forward-e1664789475700.png 1321w\" sizes=\"(max-width: 1024px) 100vw, 1024px\" \/><\/a><\/p>\n<h2><a href=\"http:\/\/www1.caminos.upm.es\/estructuras2\/es\/asignaturas-optativas-de-master\/master-ecm\/computational-mechanics\/\">Computational Mechanics<\/a><\/h2>\n<\/div><div class=\"fusion-clearfix\"><\/div>\n\n\t\t\t\t\t<\/div>\n\t\t\t\t<\/div><div  class=\"fusion-layout-column fusion_builder_column fusion_builder_column_1_3 fusion-builder-column-5 fusion-one-third fusion-column-last 1_3\"  style='margin-top:0px;margin-bottom:20px;width:30.6666%'>\n\t\t\t\t\t<div class=\"fusion-column-wrapper\" style=\"background-position:left top;background-repeat:no-repeat;-webkit-background-size:cover;-moz-background-size:cover;-o-background-size:cover;background-size:cover;\"   data-bg-url=\"\">\n\t\t\t\t\t\t<div class=\"fusion-text\"><p><a href=\"http:\/\/www1.caminos.upm.es\/estructuras2\/es\/asignaturas-optativas-de-master\/master-ecm\/bridge-dynamics\/\"><img loading=\"lazy\" class=\"alignnone size-full wp-image-2324\" src=\"http:\/\/www1.caminos.upm.es\/estructuras2\/wp-content\/uploads\/2019\/05\/roto.jpg\" alt=\"\" width=\"1714\" height=\"1335\" srcset=\"http:\/\/www1.caminos.upm.es\/estructuras2\/wp-content\/uploads\/2019\/05\/roto-298x232.jpg 298w, http:\/\/www1.caminos.upm.es\/estructuras2\/wp-content\/uploads\/2019\/05\/roto-768x598.jpg 768w, http:\/\/www1.caminos.upm.es\/estructuras2\/wp-content\/uploads\/2019\/05\/roto-1024x798.jpg 1024w, http:\/\/www1.caminos.upm.es\/estructuras2\/wp-content\/uploads\/2019\/05\/roto.jpg 1714w\" sizes=\"(max-width: 1714px) 100vw, 1714px\" \/><\/a><\/p>\n<h2><a href=\"http:\/\/www1.caminos.upm.es\/estructuras2\/es\/asignaturas-optativas-de-master\/master-ecm\/bridge-dynamics\/\">Bridge dynamics<\/a><\/h2>\n<\/div><div class=\"fusion-clearfix\"><\/div>\n\n\t\t\t\t\t<\/div>\n\t\t\t\t<\/div><div  class=\"fusion-layout-column fusion_builder_column fusion_builder_column_1_3 fusion-builder-column-6 fusion-one-third fusion-column-first 1_3\"  style='margin-top:0px;margin-bottom:20px;width:30.6666%; margin-right: 4%;'>\n\t\t\t\t\t<div class=\"fusion-column-wrapper\" style=\"background-position:left top;background-repeat:no-repeat;-webkit-background-size:cover;-moz-background-size:cover;-o-background-size:cover;background-size:cover;\"   data-bg-url=\"\">\n\t\t\t\t\t\t\n<p><a href=\"http:\/\/www1.caminos.upm.es\/estructuras2\/es\/asignaturas-optativas-de-master\/master-ecm\/la-elasticidad-no-lineal-en-los-medios-continuos-2-3\/\"><img loading=\"lazy\" class=\"alignnone size-full wp-image-2244\" src=\"http:\/\/www1.caminos.upm.es\/estructuras2\/wp-content\/uploads\/2019\/05\/CONS.jpg\" alt=\"\" width=\"933\" height=\"592\" srcset=\"http:\/\/www1.caminos.upm.es\/estructuras2\/wp-content\/uploads\/2019\/05\/CONS-298x189.jpg 298w, http:\/\/www1.caminos.upm.es\/estructuras2\/wp-content\/uploads\/2019\/05\/CONS-320x202.jpg 320w, http:\/\/www1.caminos.upm.es\/estructuras2\/wp-content\/uploads\/2019\/05\/CONS-768x487.jpg 768w, http:\/\/www1.caminos.upm.es\/estructuras2\/wp-content\/uploads\/2019\/05\/CONS.jpg 933w\" sizes=\"(max-width: 933px) 100vw, 933px\" \/><\/a><\/p>\n<h2><a href=\"http:\/\/www1.caminos.upm.es\/estructuras2\/es\/asignaturas-optativas-de-master\/master-ecm\/la-elasticidad-no-lineal-en-los-medios-continuos-2-3\/\">Conservaci\u00f3n, auscultaci\u00f3n y rehabilitaci\u00f3n estructural<\/a><\/h2>\n[\/fusion_text]<div class=\"fusion-clearfix\"><\/div>\n\n\t\t\t\t\t<\/div>\n\t\t\t\t<\/div><div  class=\"fusion-layout-column fusion_builder_column fusion_builder_column_1_3 fusion-builder-column-7 fusion-one-third 1_3\"  style='margin-top:0px;margin-bottom:20px;width:30.6666%; margin-right: 4%;'>\n\t\t\t\t\t<div class=\"fusion-column-wrapper\" style=\"background-position:left top;background-repeat:no-repeat;-webkit-background-size:cover;-moz-background-size:cover;-o-background-size:cover;background-size:cover;\"   data-bg-url=\"\">\n\t\t\t\t\t\t<div class=\"fusion-text\"><h2><a href=\" http:\/\/www1.caminos.upm.es\/estructuras2\/es\/asignaturas-optativas-de-master\/master-ecm\/morfologia-de-puentes\/\"><img loading=\"lazy\" class=\"alignnone wp-image-2308 size-full\" src=\"http:\/\/www1.caminos.upm.es\/estructuras2\/wp-content\/uploads\/2019\/05\/alcantara.jpg\" alt=\"\" width=\"1196\" height=\"785\" srcset=\"http:\/\/www1.caminos.upm.es\/estructuras2\/wp-content\/uploads\/2019\/05\/alcantara-298x196.jpg 298w, http:\/\/www1.caminos.upm.es\/estructuras2\/wp-content\/uploads\/2019\/05\/alcantara-768x504.jpg 768w, http:\/\/www1.caminos.upm.es\/estructuras2\/wp-content\/uploads\/2019\/05\/alcantara-1024x672.jpg 1024w, http:\/\/www1.caminos.upm.es\/estructuras2\/wp-content\/uploads\/2019\/05\/alcantara.jpg 1196w\" sizes=\"(max-width: 1196px) 100vw, 1196px\" \/><\/a><\/h2>\n<h2><a href=\"http:\/\/www1.caminos.upm.es\/estructuras2\/es\/asignaturas-optativas-de-master\/master-ecm\/morfologia-de-puentes\/\">Morfolog\u00eda de puentes\u00a0<\/a><\/h2>\n<\/div><div class=\"fusion-clearfix\"><\/div>\n\n\t\t\t\t\t<\/div>\n\t\t\t\t<\/div><div  class=\"fusion-layout-column fusion_builder_column fusion_builder_column_1_3 fusion-builder-column-8 fusion-one-third fusion-column-last 1_3\"  style='margin-top:0px;margin-bottom:20px;width:30.6666%'>\n\t\t\t\t\t<div class=\"fusion-column-wrapper\" style=\"background-position:left top;background-repeat:no-repeat;-webkit-background-size:cover;-moz-background-size:cover;-o-background-size:cover;background-size:cover;\"   data-bg-url=\"\">\n\t\t\t\t\t\t<div class=\"fusion-text\"><p><a href=\"http:\/\/www1.caminos.upm.es\/estructuras2\/es\/asignaturas-optativas-de-master\/master-ecm\/analisis-estructural-de-construcciones-de-fabrica\/\"><img loading=\"lazy\" class=\"alignnone size-full wp-image-2255\" src=\"http:\/\/www1.caminos.upm.es\/estructuras2\/wp-content\/uploads\/2019\/05\/TIP.jpg\" alt=\"\" width=\"936\" height=\"674\" srcset=\"http:\/\/www1.caminos.upm.es\/estructuras2\/wp-content\/uploads\/2019\/05\/TIP-298x215.jpg 298w, http:\/\/www1.caminos.upm.es\/estructuras2\/wp-content\/uploads\/2019\/05\/TIP-768x553.jpg 768w, http:\/\/www1.caminos.upm.es\/estructuras2\/wp-content\/uploads\/2019\/05\/TIP.jpg 936w\" sizes=\"(max-width: 936px) 100vw, 936px\" \/><\/a><\/p>\n<h2><a href=\"http:\/\/www1.caminos.upm.es\/estructuras2\/es\/asignaturas-optativas-de-master\/master-ecm\/analisis-estructural-de-construcciones-de-fabrica\/\">An\u00e1lisis estructural de construcciones hist\u00f3ricas de f\u00e1brica<\/a><\/h2>\n<\/div><div class=\"fusion-clearfix\"><\/div>\n\n\t\t\t\t\t<\/div>\n\t\t\t\t<\/div><div  class=\"fusion-layout-column fusion_builder_column fusion_builder_column_1_3 fusion-builder-column-9 fusion-one-third fusion-column-first 1_3\"  style='margin-top:0px;margin-bottom:20px;width:30.6666%; margin-right: 4%;'>\n\t\t\t\t\t<div class=\"fusion-column-wrapper\" style=\"background-position:left top;background-repeat:no-repeat;-webkit-background-size:cover;-moz-background-size:cover;-o-background-size:cover;background-size:cover;\"   data-bg-url=\"\">\n\t\t\t\t\t\t<div class=\"fusion-text\"><\/div>\n<h2><a href=\"http:\/\/www1.caminos.upm.es\/estructuras2\/es\/asignaturas-optativas-de-master\/master-ccp\/comportamiento-no-lineal-de-estructuras\/\"><img loading=\"lazy\" class=\"alignnone wp-image-2621\" src=\"http:\/\/www1.caminos.upm.es\/estructuras2\/wp-content\/uploads\/2019\/05\/C\u00e1lculoNoLinealEstructuras-e1557333353775.jpg\" alt=\"\" width=\"440\" height=\"347\" \/><\/a><\/h2>\n<h2><a href=\"http:\/\/www1.caminos.upm.es\/estructuras2\/es\/asignaturas-optativas-de-master\/master-ccp\/comportamiento-no-lineal-de-estructuras\/\">Comportamiento no lineal de estructuras<\/a><\/h2>\n<div class=\"fusion-clearfix\"><\/div>\n\n\t\t\t\t\t<\/div>\n\t\t\t\t<\/div><div  class=\"fusion-layout-column fusion_builder_column fusion_builder_column_1_3 fusion-builder-column-10 fusion-one-third 1_3\"  style='margin-top:0px;margin-bottom:20px;width:30.6666%; margin-right: 4%;'>\n\t\t\t\t\t<div class=\"fusion-column-wrapper\" style=\"background-position:left top;background-repeat:no-repeat;-webkit-background-size:cover;-moz-background-size:cover;-o-background-size:cover;background-size:cover;\"   data-bg-url=\"\">\n\t\t\t\t\t\t<div class=\"fusion-text\"><p><a href=\"http:\/\/www1.caminos.upm.es\/estructuras2\/es\/asignaturas-optativas-de-master\/master-ecm\/dynamic-and-sesismic-analysis-of-structures\/\"><img loading=\"lazy\" class=\"alignnone wp-image-2779 \" src=\"http:\/\/www1.caminos.upm.es\/estructuras2\/wp-content\/uploads\/2019\/09\/portadilla_ADS_web.png\" alt=\"\" width=\"860\" height=\"470\" srcset=\"http:\/\/www1.caminos.upm.es\/estructuras2\/wp-content\/uploads\/2019\/09\/portadilla_ADS_web-298x163.png 298w, http:\/\/www1.caminos.upm.es\/estructuras2\/wp-content\/uploads\/2019\/09\/portadilla_ADS_web-768x420.png 768w, http:\/\/www1.caminos.upm.es\/estructuras2\/wp-content\/uploads\/2019\/09\/portadilla_ADS_web.png 860w\" sizes=\"(max-width: 860px) 100vw, 860px\" \/><\/a><\/p>\n<h2><a href=\"http:\/\/www1.caminos.upm.es\/estructuras2\/es\/asignaturas-optativas-de-master\/master-ecm\/dynamic-and-sesismic-analysis-of-structures\/\">Dynamic and Seismic Analysis of Structures<\/a><\/h2>\n<\/div><div class=\"fusion-clearfix\"><\/div>\n\n\t\t\t\t\t<\/div>\n\t\t\t\t<\/div><div  class=\"fusion-layout-column fusion_builder_column fusion_builder_column_1_3 fusion-builder-column-11 fusion-one-third fusion-column-last 1_3\"  style='margin-top:0px;margin-bottom:20px;width:30.6666%'>\n\t\t\t\t\t<div class=\"fusion-column-wrapper\" style=\"background-position:left top;background-repeat:no-repeat;-webkit-background-size:cover;-moz-background-size:cover;-o-background-size:cover;background-size:cover;\"   data-bg-url=\"\">\n\t\t\t\t\t\t<div class=\"fusion-text\"><p><a href=\"http:\/\/www1.caminos.upm.es\/estructuras2\/es\/asignaturas-optativas-de-master\/master-ecm\/design-analysis-and-construction-of-bridges\/\"><img loading=\"lazy\" class=\"alignnone wp-image-2317 size-full\" src=\"http:\/\/www1.caminos.upm.es\/estructuras2\/wp-content\/uploads\/2019\/05\/gg-1.jpg\" alt=\"\" width=\"3840\" height=\"2160\" srcset=\"http:\/\/www1.caminos.upm.es\/estructuras2\/wp-content\/uploads\/2019\/05\/gg-1-298x168.jpg 298w, http:\/\/www1.caminos.upm.es\/estructuras2\/wp-content\/uploads\/2019\/05\/gg-1-768x432.jpg 768w, http:\/\/www1.caminos.upm.es\/estructuras2\/wp-content\/uploads\/2019\/05\/gg-1-1024x576.jpg 1024w, http:\/\/www1.caminos.upm.es\/estructuras2\/wp-content\/uploads\/2019\/05\/gg-1.jpg 3840w\" sizes=\"(max-width: 3840px) 100vw, 3840px\" \/><\/a><\/p>\n<h2><a href=\"http:\/\/www1.caminos.upm.es\/estructuras2\/es\/asignaturas-optativas-de-master\/master-ecm\/design-analysis-and-construction-of-bridges\/\">Design, Analysis and Construction of Bridges<\/a><\/h2>\n<\/div><div class=\"fusion-clearfix\"><\/div>\n\n\t\t\t\t\t<\/div>\n\t\t\t\t<\/div><div  class=\"fusion-layout-column fusion_builder_column fusion_builder_column_1_3 fusion-builder-column-12 fusion-one-third fusion-column-first 1_3\"  style='margin-top:0px;margin-bottom:20px;width:30.6666%; margin-right: 4%;'>\n\t\t\t\t\t<div class=\"fusion-column-wrapper\" style=\"background-position:left top;background-repeat:no-repeat;-webkit-background-size:cover;-moz-background-size:cover;-o-background-size:cover;background-size:cover;\"   data-bg-url=\"\">\n\t\t\t\t\t\t<div class=\"fusion-text\"><p><a href=\"https:\/\/www1.caminos.upm.es\/estructuras2\/es\/asignaturas-optativas-de-master\/master-ecm\/elementos-finitos\"><img loading=\"lazy\" class=\"alignnone size-full wp-image-2287\" src=\"http:\/\/www1.caminos.upm.es\/estructuras2\/wp-content\/uploads\/2019\/05\/spher.jpg\" alt=\"\" width=\"1114\" height=\"784\" srcset=\"http:\/\/www1.caminos.upm.es\/estructuras2\/wp-content\/uploads\/2019\/05\/spher-298x210.jpg 298w, http:\/\/www1.caminos.upm.es\/estructuras2\/wp-content\/uploads\/2019\/05\/spher-768x540.jpg 768w, http:\/\/www1.caminos.upm.es\/estructuras2\/wp-content\/uploads\/2019\/05\/spher-1024x721.jpg 1024w, http:\/\/www1.caminos.upm.es\/estructuras2\/wp-content\/uploads\/2019\/05\/spher.jpg 1114w\" sizes=\"(max-width: 1114px) 100vw, 1114px\" \/><\/a><\/p>\n<h2><a href=\"https:\/\/www1.caminos.upm.es\/estructuras2\/es\/asignaturas-optativas-de-master\/master-ecm\/elementos-finitos\">Elementos finitos<\/a><\/h2>\n<\/div><div class=\"fusion-clearfix\"><\/div>\n\n\t\t\t\t\t<\/div>\n\t\t\t\t<\/div><div  class=\"fusion-layout-column fusion_builder_column fusion_builder_column_1_3 fusion-builder-column-13 fusion-one-third 1_3\"  style='margin-top:0px;margin-bottom:20px;width:30.6666%; margin-right: 4%;'>\n\t\t\t\t\t<div class=\"fusion-column-wrapper\" style=\"background-position:left top;background-repeat:no-repeat;-webkit-background-size:cover;-moz-background-size:cover;-o-background-size:cover;background-size:cover;\"   data-bg-url=\"\">\n\t\t\t\t\t\t<div class=\"fusion-text\"><\/div>\n<h2><a href=\"http:\/\/www1.caminos.upm.es\/estructuras2\/es\/asignaturas-optativas-de-master\/master-ecm\/nonlinear-finite-element-models-for-solids-and-structures\/\"><img loading=\"lazy\" class=\"alignnone wp-image-2294 size-full\" src=\"http:\/\/www1.caminos.upm.es\/estructuras2\/wp-content\/uploads\/2019\/05\/video-losa-cscm-200kg.png\" alt=\"\" width=\"800\" height=\"600\" srcset=\"http:\/\/www1.caminos.upm.es\/estructuras2\/wp-content\/uploads\/2019\/05\/video-losa-cscm-200kg-298x224.png 298w, http:\/\/www1.caminos.upm.es\/estructuras2\/wp-content\/uploads\/2019\/05\/video-losa-cscm-200kg-768x576.png 768w, http:\/\/www1.caminos.upm.es\/estructuras2\/wp-content\/uploads\/2019\/05\/video-losa-cscm-200kg.png 800w\" sizes=\"(max-width: 800px) 100vw, 800px\" \/><\/a><\/h2>\n<h2><a href=\"http:\/\/www1.caminos.upm.es\/estructuras2\/es\/asignaturas-optativas-de-master\/master-ecm\/nonlinear-finite-element-models-for-solids-and-structures\/\">Nonlinear finite element models for solids and structures<\/a><\/h2>\n<div class=\"fusion-clearfix\"><\/div>\n\n\t\t\t\t\t<\/div>\n\t\t\t\t<\/div><div  class=\"fusion-layout-column fusion_builder_column fusion_builder_column_1_3 fusion-builder-column-14 fusion-one-third fusion-column-last 1_3\"  style='margin-top:0px;margin-bottom:20px;width:30.6666%'>\n\t\t\t\t\t<div class=\"fusion-column-wrapper\" style=\"background-position:left top;background-repeat:no-repeat;-webkit-background-size:cover;-moz-background-size:cover;-o-background-size:cover;background-size:cover;\"   data-bg-url=\"\">\n\t\t\t\t\t\t\n<h2><a href=\"http:\/\/www1.caminos.upm.es\/estructuras2\/es\/asignaturas-optativas-de-master\/master-ecm\/analysis-and-design-of-steel-concrete-composite-bridges-and-structures\/\"><img loading=\"lazy\" class=\"alignnone wp-image-2621\" src=\"http:\/\/www1.caminos.upm.es\/estructuras2\/wp-content\/uploads\/2019\/09\/metmixtas2.png\" alt=\"\" width=\"440\" height=\"347\" srcset=\"http:\/\/www1.caminos.upm.es\/estructuras2\/wp-content\/uploads\/2019\/09\/metmixtas2-298x235.png 298w, http:\/\/www1.caminos.upm.es\/estructuras2\/wp-content\/uploads\/2019\/09\/metmixtas2.png 564w\" sizes=\"(max-width: 440px) 100vw, 440px\" \/><\/a><\/h2>\n<h2><a href=\"http:\/\/www1.caminos.upm.es\/estructuras2\/es\/asignaturas-optativas-de-master\/master-ecm\/analysis-and-design-of-steel-concrete-composite-bridges-and-structures\/\">Analysis and design of steel-concrete composite bridges and structures<\/a><\/h2>\n<div class=\"fusion-clearfix\"><\/div>\n\n\t\t\t\t\t<\/div>\n\t\t\t\t<\/div><div  class=\"fusion-layout-column fusion_builder_column fusion_builder_column_1_3 fusion-builder-column-15 fusion-one-third fusion-column-first 1_3\"  style='margin-top:0px;margin-bottom:20px;width:30.6666%; margin-right: 4%;'>\n\t\t\t\t\t<div class=\"fusion-column-wrapper\" style=\"background-position:left top;background-repeat:no-repeat;-webkit-background-size:cover;-moz-background-size:cover;-o-background-size:cover;background-size:cover;\"   data-bg-url=\"\">\n\t\t\t\t\t\t\n<h2><a href=\"http:\/\/www1.caminos.upm.es\/estructuras2\/es\/asignaturas-optativas-de-master\/master-ecm\/fiabilidad-estructural\/\"><img src=\"http:\/\/www1.caminos.upm.es\/estructuras2\/wp-content\/uploads\/2022\/09\/Imagen2.png\" \/><\/a><\/h2>\n<h2><a href=\"http:\/\/www1.caminos.upm.es\/estructuras2\/es\/asignaturas-optativas-de-master\/master-ecm\/fiabilidad-estructural\/\">Fiabilidad Estructural<\/a><\/h2>\n<div class=\"fusion-clearfix\"><\/div>\n\n\t\t\t\t\t<\/div>\n\t\t\t\t<\/div><div  class=\"fusion-layout-column fusion_builder_column fusion_builder_column_1_3 fusion-builder-column-16 fusion-one-third 1_3\"  style='margin-top:0px;margin-bottom:20px;width:30.6666%; margin-right: 4%;'>\n\t\t\t\t\t<div class=\"fusion-column-wrapper\" style=\"background-position:left top;background-repeat:no-repeat;-webkit-background-size:cover;-moz-background-size:cover;-o-background-size:cover;background-size:cover;\"   data-bg-url=\"\">\n\t\t\t\t\t\t<div class=\"fusion-text\"><p><a href=\"http:\/\/www1.caminos.upm.es\/estructuras2\/es\/asignaturas-optativas-de-master\/master-ecm\/fundamentos-plasticidad-geomateriales\/\"><img src=\"http:\/\/www1.caminos.upm.es\/estructuras2\/wp-content\/uploads\/2022\/09\/Niigata_soil_liquefaction.jpg\" \/><\/a><\/p>\n<h2><a href=\"http:\/\/www1.caminos.upm.es\/estructuras2\/es\/asignaturas-optativas-de-master\/master-ecm\/fundamentos-plasticidad-geomateriales\/\"><strong>Fundamentos de Plasticidad en Geomateriales<\/strong><\/a><\/h2>\n<\/div><div class=\"fusion-clearfix\"><\/div>\n\n\t\t\t\t\t<\/div>\n\t\t\t\t<\/div><div  class=\"fusion-layout-column fusion_builder_column fusion_builder_column_1_3 fusion-builder-column-17 fusion-one-third fusion-column-last 1_3\"  style='margin-top:0px;margin-bottom:20px;width:30.6666%'>\n\t\t\t\t\t<div class=\"fusion-column-wrapper\" style=\"background-position:left top;background-repeat:no-repeat;-webkit-background-size:cover;-moz-background-size:cover;-o-background-size:cover;background-size:cover;\"   data-bg-url=\"\">\n\t\t\t\t\t\t<div class=\"fusion-text\"><\/div>\n<div class=\"fusion-clearfix\"><\/div>\n\n\t\t\t\t\t<\/div>\n\t\t\t\t<\/div><\/div><\/div>\n","protected":false},"excerpt":{"rendered":"","protected":false},"author":2,"featured_media":0,"parent":1968,"menu_order":0,"comment_status":"closed","ping_status":"closed","template":"","meta":[],"_links":{"self":[{"href":"http:\/\/www1.caminos.upm.es\/estructuras2\/wp-json\/wp\/v2\/pages\/2025"}],"collection":[{"href":"http:\/\/www1.caminos.upm.es\/estructuras2\/wp-json\/wp\/v2\/pages"}],"about":[{"href":"http:\/\/www1.caminos.upm.es\/estructuras2\/wp-json\/wp\/v2\/types\/page"}],"author":[{"embeddable":true,"href":"http:\/\/www1.caminos.upm.es\/estructuras2\/wp-json\/wp\/v2\/users\/2"}],"replies":[{"embeddable":true,"href":"http:\/\/www1.caminos.upm.es\/estructuras2\/wp-json\/wp\/v2\/comments?post=2025"}],"version-history":[{"count":91,"href":"http:\/\/www1.caminos.upm.es\/estructuras2\/wp-json\/wp\/v2\/pages\/2025\/revisions"}],"predecessor-version":[{"id":3337,"href":"http:\/\/www1.caminos.upm.es\/estructuras2\/wp-json\/wp\/v2\/pages\/2025\/revisions\/3337"}],"up":[{"embeddable":true,"href":"http:\/\/www1.caminos.upm.es\/estructuras2\/wp-json\/wp\/v2\/pages\/1968"}],"wp:attachment":[{"href":"http:\/\/www1.caminos.upm.es\/estructuras2\/wp-json\/wp\/v2\/media?parent=2025"}],"curies":[{"name":"wp","href":"https:\/\/api.w.org\/{rel}","templated":true}]}}