{"id":2018,"date":"2019-03-06T14:56:43","date_gmt":"2019-03-06T14:56:43","guid":{"rendered":"http:\/\/www1.caminos.upm.es\/estructuras2\/?page_id=2018"},"modified":"2022-10-03T09:43:17","modified_gmt":"2022-10-03T09:43:17","slug":"master-ccp","status":"publish","type":"page","link":"http:\/\/www1.caminos.upm.es\/estructuras2\/es\/asignaturas-optativas-de-master\/master-ccp\/","title":{"rendered":"Master ICCP"},"content":{"rendered":"<div class=\"fusion-fullwidth fullwidth-box hundred-percent-fullwidth non-hundred-percent-height-scrolling\"  style='background-color: rgba(255,255,255,0);background-position: center center;background-repeat: no-repeat;padding-top:0px;padding-right:0px;padding-bottom:0px;padding-left:0px;'><div class=\"fusion-builder-row fusion-row \"><div  class=\"fusion-layout-column fusion_builder_column fusion_builder_column_1_1 fusion-builder-column-1 fusion-one-full fusion-column-first fusion-column-last 1_1\"  style='margin-top:-60px;margin-bottom:20px;'>\n\t\t\t\t\t<div class=\"fusion-column-wrapper\" style=\"background-position:left top;background-repeat:no-repeat;-webkit-background-size:cover;-moz-background-size:cover;-o-background-size:cover;background-size:cover;\"   data-bg-url=\"\">\n\t\t\t\t\t\t<div class=\"fusion-title title fusion-title-1 fusion-title-size-one\" style=\"margin-top:0px;margin-bottom:0px;\"><h1 class=\"title-heading-left\" style=\"margin:0;\"><p>Asignaturas optativas en el M\u00e1ster Universitario ICCP<\/h1><div class=\"title-sep-container\"><div class=\"title-sep sep-single sep-solid\" style=\"border-color:#e0dede;\"><\/div><\/div><\/div><div class=\"fusion-text\"><p>El <a href=\"https:\/\/caminos.upm.es\/master-de-ingenieria-de-caminos-canales-y-puertos\/\">M\u00e1ster en Ingenier\u00eda de Caminos, Canales y Puertos<\/a> de la Universidad Polit\u00e9cnica de Madrid es t\u00edtulo oficial de m\u00e1ster universitario de 120 ECTS (4 semestres), verificado por ANECA el 25-06-2013, que habilita para el ejercicio de la profesi\u00f3n regulada de <b><i>Ingeniero de Caminos, Canales y Puertos.<\/i><\/b><\/p>\n<p>Es un t\u00edtulo universitario de formaci\u00f3n avanzada que habilita para el ejercicio de actividades profesionales reguladas, ya que su plan de estudios contempla las condiciones establecidas por el Gobierno para el correspondiente ejercicio profesional en Espa\u00f1a. La Orden Ministerial CIN\/309\/2009 establece los requisitos para la Verificaci\u00f3n de t\u00edtulos universitarios oficiales que habiliten para el ejercicio de la profesi\u00f3n de Ingeniero de Caminos, Canales y Puertos en Espa\u00f1a.<\/p>\n<\/div><div class=\"fusion-clearfix\"><\/div>\n\n\t\t\t\t\t<\/div>\n\t\t\t\t<\/div><div  class=\"fusion-layout-column fusion_builder_column fusion_builder_column_1_1 fusion-builder-column-2 fusion-one-full fusion-column-first fusion-column-last fusion-column-no-min-height 1_1\"  style='margin-top:0px;margin-bottom:0px;'>\n\t\t\t\t\t<div class=\"fusion-column-wrapper\" style=\"background-position:left top;background-repeat:no-repeat;-webkit-background-size:cover;-moz-background-size:cover;-o-background-size:cover;background-size:cover;\"   data-bg-url=\"\">\n\t\t\t\t\t\t<div class=\"fusion-sep-clear\"><\/div><div class=\"fusion-separator fusion-full-width-sep sep-none\" style=\"margin-left: auto;margin-right: auto;margin-top:0px;margin-bottom:20px;\"><\/div><div class=\"fusion-clearfix\"><\/div>\n\n\t\t\t\t\t<\/div>\n\t\t\t\t<\/div><div  class=\"fusion-layout-column fusion_builder_column fusion_builder_column_1_3 fusion-builder-column-3 fusion-one-third fusion-column-first 1_3\"  style='margin-top:0px;margin-bottom:20px;width:30.6666%; margin-right: 4%;'>\n\t\t\t\t\t<div class=\"fusion-column-wrapper\" style=\"background-position:left top;background-repeat:no-repeat;-webkit-background-size:cover;-moz-background-size:cover;-o-background-size:cover;background-size:cover;\"   data-bg-url=\"\">\n\t\t\t\t\t\t<div class=\"fusion-text\"><div class=\"fusion-sep-clear\"><\/div><div class=\"fusion-separator fusion-full-width-sep sep-none\" style=\"margin-left: auto;margin-right: auto;margin-top:0px;margin-bottom:-22px;\"><\/div>\n<\/div><div class=\"fusion-builder-row fusion-builder-row-inner fusion-row \"><\/div><div  class=\"fusion-layout-column fusion_builder_column fusion_builder_column_1_3  fusion-one-third fusion-column-first 1_3\"  style='margin-top: 0px;margin-bottom: 20px;width:30.6666%; margin-right:4%;'><div class=\"fusion-column-wrapper\" style=\"background-position:left top;background-repeat:no-repeat;-webkit-background-size:cover;-moz-background-size:cover;-o-background-size:cover;background-size:cover;\"  data-bg-url=\"\"><\/div><\/div><div class=\"fusion-text\"><p><a href=\"http:\/\/www1.caminos.upm.es\/estructuras2\/es\/asignaturas-optativas-de-master\/morfologia-de-puentes\/\"><img loading=\"lazy\" class=\"alignnone wp-image-2308 size-full\" src=\"http:\/\/www1.caminos.upm.es\/estructuras2\/wp-content\/uploads\/2019\/05\/alcantara.jpg\" alt=\"\" width=\"1196\" height=\"785\" srcset=\"http:\/\/www1.caminos.upm.es\/estructuras2\/wp-content\/uploads\/2019\/05\/alcantara-298x196.jpg 298w, http:\/\/www1.caminos.upm.es\/estructuras2\/wp-content\/uploads\/2019\/05\/alcantara-768x504.jpg 768w, http:\/\/www1.caminos.upm.es\/estructuras2\/wp-content\/uploads\/2019\/05\/alcantara-1024x672.jpg 1024w, http:\/\/www1.caminos.upm.es\/estructuras2\/wp-content\/uploads\/2019\/05\/alcantara.jpg 1196w\" sizes=\"(max-width: 1196px) 100vw, 1196px\" \/><\/a><\/p>\n<h2><a href=\"http:\/\/www1.caminos.upm.es\/estructuras2\/es\/asignaturas-optativas-de-master\/morfologia-de-puentes\/\">Morfolog\u00eda de puentes<\/a><\/h2>\n<\/div><div class=\"fusion-clearfix\"><\/div>\n\n\t\t\t\t\t<\/div>\n\t\t\t\t<\/div><div  class=\"fusion-layout-column fusion_builder_column fusion_builder_column_1_3 fusion-builder-column-4 fusion-one-third 1_3\"  style='margin-top:0px;margin-bottom:20px;width:30.6666%; margin-right: 4%;'>\n\t\t\t\t\t<div class=\"fusion-column-wrapper\" style=\"background-position:left top;background-repeat:no-repeat;-webkit-background-size:cover;-moz-background-size:cover;-o-background-size:cover;background-size:cover;\"   data-bg-url=\"\">\n\t\t\t\t\t\t<div class=\"fusion-text\"><p><a href=\"http:\/\/www1.caminos.upm.es\/estructuras2\/es\/asignaturas-optativas-de-master\/master-ecm\/la-elasticidad-no-lineal-en-los-medios-continuos-2-3\/\"><img loading=\"lazy\" class=\"alignnone size-full wp-image-2244\" src=\"http:\/\/www1.caminos.upm.es\/estructuras2\/wp-content\/uploads\/2019\/05\/CONS.jpg\" alt=\"\" width=\"933\" height=\"592\" srcset=\"http:\/\/www1.caminos.upm.es\/estructuras2\/wp-content\/uploads\/2019\/05\/CONS-298x189.jpg 298w, http:\/\/www1.caminos.upm.es\/estructuras2\/wp-content\/uploads\/2019\/05\/CONS-320x202.jpg 320w, http:\/\/www1.caminos.upm.es\/estructuras2\/wp-content\/uploads\/2019\/05\/CONS-768x487.jpg 768w, http:\/\/www1.caminos.upm.es\/estructuras2\/wp-content\/uploads\/2019\/05\/CONS.jpg 933w\" sizes=\"(max-width: 933px) 100vw, 933px\" \/><\/a><\/p>\n<h2><a href=\"http:\/\/www1.caminos.upm.es\/estructuras2\/es\/asignaturas-optativas-de-master\/master-ecm\/la-elasticidad-no-lineal-en-los-medios-continuos-2-3\/\">Conservaci\u00f3n, auscultaci\u00f3n y rehabilitaci\u00f3n estructural<\/a><\/h2>\n<\/div><div class=\"fusion-clearfix\"><\/div>\n\n\t\t\t\t\t<\/div>\n\t\t\t\t<\/div><div  class=\"fusion-layout-column fusion_builder_column fusion_builder_column_1_3 fusion-builder-column-5 fusion-one-third fusion-column-last 1_3\"  style='margin-top:0px;margin-bottom:20px;width:30.6666%'>\n\t\t\t\t\t<div class=\"fusion-column-wrapper\" style=\"background-position:left top;background-repeat:no-repeat;-webkit-background-size:cover;-moz-background-size:cover;-o-background-size:cover;background-size:cover;\"   data-bg-url=\"\">\n\t\t\t\t\t\t<div class=\"fusion-text\"><p><a href=\"http:\/\/www1.caminos.upm.es\/estructuras2\/es\/experimental-structural-analysis\/\"><img loading=\"lazy\" class=\"alignnone wp-image-2777 size-large\" src=\"http:\/\/www1.caminos.upm.es\/estructuras2\/wp-content\/uploads\/2019\/09\/AEE-1024x700.jpg\" alt=\"\" width=\"669\" height=\"457\" srcset=\"http:\/\/www1.caminos.upm.es\/estructuras2\/wp-content\/uploads\/2019\/09\/AEE-298x204.jpg 298w, http:\/\/www1.caminos.upm.es\/estructuras2\/wp-content\/uploads\/2019\/09\/AEE-768x525.jpg 768w, http:\/\/www1.caminos.upm.es\/estructuras2\/wp-content\/uploads\/2019\/09\/AEE-1024x700.jpg 1024w\" sizes=\"(max-width: 669px) 100vw, 669px\" \/><\/a><\/p>\n<h2><a href=\"http:\/\/www1.caminos.upm.es\/estructuras2\/es\/experimental-structural-analysis\/\">Experimental structural analysis<\/a><\/h2>\n<\/div><div class=\"fusion-clearfix\"><\/div>\n\n\t\t\t\t\t<\/div>\n\t\t\t\t<\/div><div  class=\"fusion-layout-column fusion_builder_column fusion_builder_column_1_3 fusion-builder-column-6 fusion-one-third fusion-column-first 1_3\"  style='margin-top:0px;margin-bottom:20px;width:30.6666%; margin-right: 4%;'>\n\t\t\t\t\t<div class=\"fusion-column-wrapper\" style=\"background-position:left top;background-repeat:no-repeat;-webkit-background-size:cover;-moz-background-size:cover;-o-background-size:cover;background-size:cover;\"   data-bg-url=\"\">\n\t\t\t\t\t\t<div class=\"fusion-text\"><p><a href=\"http:\/\/www1.caminos.upm.es\/estructuras2\/es\/asignaturas-optativas-de-master\/master-ecm\/design-analysis-and-construction-of-bridges\/\"><img loading=\"lazy\" class=\"alignnone size-full wp-image-2317\" src=\"http:\/\/www1.caminos.upm.es\/estructuras2\/wp-content\/uploads\/2019\/05\/gg-1.jpg\" alt=\"\" width=\"3840\" height=\"2160\" srcset=\"http:\/\/www1.caminos.upm.es\/estructuras2\/wp-content\/uploads\/2019\/05\/gg-1-298x168.jpg 298w, http:\/\/www1.caminos.upm.es\/estructuras2\/wp-content\/uploads\/2019\/05\/gg-1-768x432.jpg 768w, http:\/\/www1.caminos.upm.es\/estructuras2\/wp-content\/uploads\/2019\/05\/gg-1-1024x576.jpg 1024w, http:\/\/www1.caminos.upm.es\/estructuras2\/wp-content\/uploads\/2019\/05\/gg-1.jpg 3840w\" sizes=\"(max-width: 3840px) 100vw, 3840px\" \/><\/a><\/p>\n<h2><a href=\"http:\/\/www1.caminos.upm.es\/estructuras2\/es\/asignaturas-optativas-de-master\/master-ecm\/design-analysis-and-construction-of-bridges\/\">Design, Analysis and Construction of Bridges<\/a><\/h2>\n<\/div><div class=\"fusion-clearfix\"><\/div>\n\n\t\t\t\t\t<\/div>\n\t\t\t\t<\/div><div  class=\"fusion-layout-column fusion_builder_column fusion_builder_column_1_3 fusion-builder-column-7 fusion-one-third 1_3\"  style='margin-top:0px;margin-bottom:20px;width:30.6666%; margin-right: 4%;'>\n\t\t\t\t\t<div class=\"fusion-column-wrapper\" style=\"background-position:left top;background-repeat:no-repeat;-webkit-background-size:cover;-moz-background-size:cover;-o-background-size:cover;background-size:cover;\"   data-bg-url=\"\">\n\t\t\t\t\t\t<div class=\"fusion-text\"><p><a href=\"http:\/\/www1.caminos.upm.es\/estructuras2\/es\/asignaturas-optativas-de-master\/master-ccp\/analisis-dinamico-y-sismico-2\/\"><img loading=\"lazy\" class=\"alignnone wp-image-2779 size-full\" src=\"http:\/\/www1.caminos.upm.es\/estructuras2\/wp-content\/uploads\/2019\/09\/portadilla_ADS_web.png\" alt=\"\" width=\"860\" height=\"470\" srcset=\"http:\/\/www1.caminos.upm.es\/estructuras2\/wp-content\/uploads\/2019\/09\/portadilla_ADS_web-298x163.png 298w, http:\/\/www1.caminos.upm.es\/estructuras2\/wp-content\/uploads\/2019\/09\/portadilla_ADS_web-768x420.png 768w, http:\/\/www1.caminos.upm.es\/estructuras2\/wp-content\/uploads\/2019\/09\/portadilla_ADS_web.png 860w\" sizes=\"(max-width: 860px) 100vw, 860px\" \/><\/a><\/p>\n<h2><a href=\"http:\/\/www1.caminos.upm.es\/estructuras2\/es\/asignaturas-optativas-de-master\/master-ccp\/analisis-dinamico-y-sismico-2\/\">Dynamic and seismic analysis of structures<\/a><\/h2>\n<\/div><div class=\"fusion-clearfix\"><\/div>\n\n\t\t\t\t\t<\/div>\n\t\t\t\t<\/div><div  class=\"fusion-layout-column fusion_builder_column fusion_builder_column_1_3 fusion-builder-column-8 fusion-one-third fusion-column-last 1_3\"  style='margin-top:0px;margin-bottom:20px;width:30.6666%'>\n\t\t\t\t\t<div class=\"fusion-column-wrapper\" style=\"background-position:left top;background-repeat:no-repeat;-webkit-background-size:cover;-moz-background-size:cover;-o-background-size:cover;background-size:cover;\"   data-bg-url=\"\">\n\t\t\t\t\t\t<div class=\"fusion-text\"><p><a href=\"http:\/\/www1.caminos.upm.es\/estructuras2\/es\/asignaturas-optativas-de-master\/master-ccp\/comportamiento-no-lineal-de-estructuras\/\"><img loading=\"lazy\" class=\"alignnone size-full wp-image-2195\" src=\"http:\/\/www1.caminos.upm.es\/estructuras2\/wp-content\/uploads\/2019\/05\/C\u00e1lculoNoLinealEstructuras-e1557333353775.jpg\" alt=\"\" width=\"945\" height=\"338\" srcset=\"http:\/\/www1.caminos.upm.es\/estructuras2\/wp-content\/uploads\/2019\/05\/C\u00e1lculoNoLinealEstructuras-e1557333353775-298x107.jpg 298w, http:\/\/www1.caminos.upm.es\/estructuras2\/wp-content\/uploads\/2019\/05\/C\u00e1lculoNoLinealEstructuras-e1557333353775-768x275.jpg 768w, http:\/\/www1.caminos.upm.es\/estructuras2\/wp-content\/uploads\/2019\/05\/C\u00e1lculoNoLinealEstructuras-e1557333353775.jpg 945w\" sizes=\"(max-width: 945px) 100vw, 945px\" \/><\/a><br \/><!--more--><\/p>\n<h2><a href=\"http:\/\/www1.caminos.upm.es\/estructuras2\/es\/asignaturas-optativas-de-master\/master-ccp\/comportamiento-no-lineal-de-estructuras\/\">Comportamiento no lineal de estructuras<\/a><\/h2>\n<\/div><div class=\"fusion-clearfix\"><\/div>\n\n\t\t\t\t\t<\/div>\n\t\t\t\t<\/div><div  class=\"fusion-layout-column fusion_builder_column fusion_builder_column_1_3 fusion-builder-column-9 fusion-one-third fusion-column-first 1_3\"  style='margin-top:0px;margin-bottom:20px;width:30.6666%; margin-right: 4%;'>\n\t\t\t\t\t<div class=\"fusion-column-wrapper\" style=\"background-position:left top;background-repeat:no-repeat;-webkit-background-size:cover;-moz-background-size:cover;-o-background-size:cover;background-size:cover;\"   data-bg-url=\"\">\n\t\t\t\t\t\t<div class=\"fusion-text\"><p><a href=\"http:\/\/www1.caminos.upm.es\/estructuras2\/es\/asignaturas-optativas-de-master\/master-ccp\/asignaturas-optativas-de-master-master-ccp-advanced-analysis-and-design-of-concrete-structures\/\"><img loading=\"lazy\" class=\"alignnone size-full wp-image-2136\" src=\"http:\/\/www1.caminos.upm.es\/estructuras2\/wp-content\/uploads\/2019\/04\/DIS_AVANZ-e1554305205291.jpg\" alt=\"\" width=\"440\" height=\"342\" \/><\/a><\/p>\n<h2><a href=\"http:\/\/www1.caminos.upm.es\/estructuras2\/es\/asignaturas-optativas-de-master\/master-ccp\/asignaturas-optativas-de-master-master-ccp-advanced-analysis-and-design-of-concrete-structures\/\">Advanced analysis and design of concrete structures<\/a><\/h2>\n<\/div><div class=\"fusion-clearfix\"><\/div>\n\n\t\t\t\t\t<\/div>\n\t\t\t\t<\/div><div  class=\"fusion-layout-column fusion_builder_column fusion_builder_column_1_3 fusion-builder-column-10 fusion-one-third 1_3\"  style='margin-top:0px;margin-bottom:20px;width:30.6666%; margin-right: 4%;'>\n\t\t\t\t\t<div class=\"fusion-column-wrapper\" style=\"background-position:left top;background-repeat:no-repeat;-webkit-background-size:cover;-moz-background-size:cover;-o-background-size:cover;background-size:cover;\"   data-bg-url=\"\">\n\t\t\t\t\t\t<div class=\"fusion-text\"><p><a href=\"http:\/\/www1.caminos.upm.es\/estructuras2\/es\/asignaturas-optativas-de-master\/master-ccp\/metalicas-mixtas\/\"><img loading=\"lazy\" class=\"alignnone wp-image-2621\" src=\"http:\/\/www1.caminos.upm.es\/estructuras2\/wp-content\/uploads\/2019\/09\/metmixtas2.png\" alt=\"\" width=\"440\" height=\"347\" srcset=\"http:\/\/www1.caminos.upm.es\/estructuras2\/wp-content\/uploads\/2019\/09\/metmixtas2-298x235.png 298w, http:\/\/www1.caminos.upm.es\/estructuras2\/wp-content\/uploads\/2019\/09\/metmixtas2.png 564w\" sizes=\"(max-width: 440px) 100vw, 440px\" \/><\/a><\/p>\n<h2><a href=\"http:\/\/www1.caminos.upm.es\/estructuras2\/es\/asignaturas-optativas-de-master\/master-ccp\/metalicas-mixtas\/\">An\u00e1lisis y dise\u00f1o avanzado de estructuras de acero y mixtas<\/a><\/h2>\n<\/div><div class=\"fusion-clearfix\"><\/div>\n\n\t\t\t\t\t<\/div>\n\t\t\t\t<\/div><div  class=\"fusion-layout-column fusion_builder_column fusion_builder_column_1_3 fusion-builder-column-11 fusion-one-third fusion-column-last 1_3\"  style='margin-top:0px;margin-bottom:20px;width:30.6666%'>\n\t\t\t\t\t<div class=\"fusion-column-wrapper\" style=\"background-position:left top;background-repeat:no-repeat;-webkit-background-size:cover;-moz-background-size:cover;-o-background-size:cover;background-size:cover;\"   data-bg-url=\"\">\n\t\t\t\t\t\t<div class=\"fusion-text\"><p><a href=\"http:\/\/www1.caminos.upm.es\/estructuras2\/es\/asignaturas-optativas-de-master\/master-ecm\/analisis-estructural-de-construcciones-de-fabrica\/\"><img loading=\"lazy\" class=\"alignnone size-full wp-image-2255\" src=\"http:\/\/www1.caminos.upm.es\/estructuras2\/wp-content\/uploads\/2019\/05\/TIP.jpg\" alt=\"\" width=\"936\" height=\"674\" srcset=\"http:\/\/www1.caminos.upm.es\/estructuras2\/wp-content\/uploads\/2019\/05\/TIP-298x215.jpg 298w, http:\/\/www1.caminos.upm.es\/estructuras2\/wp-content\/uploads\/2019\/05\/TIP-768x553.jpg 768w, http:\/\/www1.caminos.upm.es\/estructuras2\/wp-content\/uploads\/2019\/05\/TIP.jpg 936w\" sizes=\"(max-width: 936px) 100vw, 936px\" \/><\/a><\/p>\n<h2><a href=\"http:\/\/www1.caminos.upm.es\/estructuras2\/es\/asignaturas-optativas-de-master\/master-ecm\/analisis-estructural-de-construcciones-de-fabrica\/\">An\u00e1lisis estructural de construcciones hist\u00f3ricas de f\u00e1brica<\/a><\/h2>\n<\/div><div class=\"fusion-clearfix\"><\/div>\n\n\t\t\t\t\t<\/div>\n\t\t\t\t<\/div><div  class=\"fusion-layout-column fusion_builder_column fusion_builder_column_1_3 fusion-builder-column-12 fusion-one-third fusion-column-first 1_3\"  style='margin-top:0px;margin-bottom:20px;width:30.6666%; margin-right: 4%;'>\n\t\t\t\t\t<div class=\"fusion-column-wrapper\" style=\"background-position:left top;background-repeat:no-repeat;-webkit-background-size:cover;-moz-background-size:cover;-o-background-size:cover;background-size:cover;\"   data-bg-url=\"\">\n\t\t\t\t\t\t\n<p>\u00a0<\/p>\n<h2><a href=\"http:\/\/www1.caminos.upm.es\/estructuras2\/es\/asignaturas-optativas-de-master\/master-ccp\/calculo-avanzado-de-estructuras\/\"><img loading=\"lazy\" class=\"alignnone size-full wp-image-2204\" src=\"http:\/\/www1.caminos.upm.es\/estructuras2\/wp-content\/uploads\/2019\/05\/C\u00e1lculoAvanzadoEstructuras2.jpg\" alt=\"\" width=\"804\" height=\"293\" srcset=\"http:\/\/www1.caminos.upm.es\/estructuras2\/wp-content\/uploads\/2019\/05\/C\u00e1lculoAvanzadoEstructuras2-298x109.jpg 298w, http:\/\/www1.caminos.upm.es\/estructuras2\/wp-content\/uploads\/2019\/05\/C\u00e1lculoAvanzadoEstructuras2-768x280.jpg 768w, http:\/\/www1.caminos.upm.es\/estructuras2\/wp-content\/uploads\/2019\/05\/C\u00e1lculoAvanzadoEstructuras2.jpg 804w\" sizes=\"(max-width: 804px) 100vw, 804px\" \/><\/a><\/h2>\n<p><!--more--><\/p>\n<h2><a href=\"http:\/\/www1.caminos.upm.es\/estructuras2\/es\/asignaturas-optativas-de-master\/master-ccp\/calculo-avanzado-de-estructuras\/\">C\u00e1lculo avanzado de estructuras<\/a><\/h2>\n<div class=\"fusion-clearfix\"><\/div>\n\n\t\t\t\t\t<\/div>\n\t\t\t\t<\/div><div  class=\"fusion-layout-column fusion_builder_column fusion_builder_column_1_3 fusion-builder-column-13 fusion-one-third 1_3\"  style='margin-top:0px;margin-bottom:20px;width:30.6666%; margin-right: 4%;'>\n\t\t\t\t\t<div class=\"fusion-column-wrapper\" style=\"background-position:left top;background-repeat:no-repeat;-webkit-background-size:cover;-moz-background-size:cover;-o-background-size:cover;background-size:cover;\"   data-bg-url=\"\">\n\t\t\t\t\t\t\n<div class=\"fusion-clearfix\"><\/div>\n\n\t\t\t\t\t<\/div>\n\t\t\t\t<\/div><\/div><\/div>\n","protected":false},"excerpt":{"rendered":"","protected":false},"author":2,"featured_media":0,"parent":1968,"menu_order":0,"comment_status":"closed","ping_status":"closed","template":"","meta":[],"_links":{"self":[{"href":"http:\/\/www1.caminos.upm.es\/estructuras2\/wp-json\/wp\/v2\/pages\/2018"}],"collection":[{"href":"http:\/\/www1.caminos.upm.es\/estructuras2\/wp-json\/wp\/v2\/pages"}],"about":[{"href":"http:\/\/www1.caminos.upm.es\/estructuras2\/wp-json\/wp\/v2\/types\/page"}],"author":[{"embeddable":true,"href":"http:\/\/www1.caminos.upm.es\/estructuras2\/wp-json\/wp\/v2\/users\/2"}],"replies":[{"embeddable":true,"href":"http:\/\/www1.caminos.upm.es\/estructuras2\/wp-json\/wp\/v2\/comments?post=2018"}],"version-history":[{"count":96,"href":"http:\/\/www1.caminos.upm.es\/estructuras2\/wp-json\/wp\/v2\/pages\/2018\/revisions"}],"predecessor-version":[{"id":3345,"href":"http:\/\/www1.caminos.upm.es\/estructuras2\/wp-json\/wp\/v2\/pages\/2018\/revisions\/3345"}],"up":[{"embeddable":true,"href":"http:\/\/www1.caminos.upm.es\/estructuras2\/wp-json\/wp\/v2\/pages\/1968"}],"wp:attachment":[{"href":"http:\/\/www1.caminos.upm.es\/estructuras2\/wp-json\/wp\/v2\/media?parent=2018"}],"curies":[{"name":"wp","href":"https:\/\/api.w.org\/{rel}","templated":true}]}}