{"id":1911,"date":"2018-10-23T09:02:39","date_gmt":"2018-10-23T09:02:39","guid":{"rendered":"http:\/\/www1.caminos.upm.es\/estructuras2\/?page_id=1911"},"modified":"2025-10-21T18:49:17","modified_gmt":"2025-10-21T18:49:17","slug":"laboratorio","status":"publish","type":"page","link":"http:\/\/www1.caminos.upm.es\/estructuras2\/es\/laboratorio\/","title":{"rendered":"Laboratorio"},"content":{"rendered":"<div class=\"fusion-fullwidth fullwidth-box nonhundred-percent-fullwidth non-hundred-percent-height-scrolling\"  style='background-color: rgba(255,255,255,0);background-position: left top;background-repeat: no-repeat;padding-top:20px;padding-bottom:20px;border-top-width:0px;border-bottom-width:0px;border-color:#eae9e9;border-top-style:solid;border-bottom-style:solid;'><div class=\"fusion-builder-row fusion-row \"><div  class=\"fusion-layout-column fusion_builder_column fusion_builder_column_1_1 fusion-builder-column-1 fusion-one-full fusion-column-first fusion-column-last fusion-column-no-min-height 1_1\"  style='margin-top:0px;margin-bottom:0px;'>\n\t\t\t\t\t<div class=\"fusion-column-wrapper\" style=\"background-position:left top;background-repeat:no-repeat;-webkit-background-size:cover;-moz-background-size:cover;-o-background-size:cover;background-size:cover;\"   data-bg-url=\"\">\n\t\t\t\t\t\t<div class=\"fusion-sep-clear\"><\/div><div class=\"fusion-separator fusion-full-width-sep sep-single sep-solid\" style=\"border-color:#1e73be;border-top-width:5px;margin-left: auto;margin-right: auto;margin-top:;\"><\/div><div class=\"fusion-clearfix\"><\/div>\n\n\t\t\t\t\t<\/div>\n\t\t\t\t<\/div><div  class=\"fusion-layout-column fusion_builder_column fusion_builder_column_1_1 fusion-builder-column-2 fusion-one-full fusion-column-first fusion-column-last 1_1\"  style='margin-top:0px;margin-bottom:20px;'>\n\t\t\t\t\t<div class=\"fusion-column-wrapper\" style=\"background-position:left top;background-repeat:no-repeat;-webkit-background-size:cover;-moz-background-size:cover;-o-background-size:cover;background-size:cover;\"   data-bg-url=\"\">\n\t\t\t\t\t\t<div class=\"fusion-text\"><h3 style=\"text-align: left;\"><span style=\"color: #3366ff;\"><strong>Laboratorio<\/strong><\/span><\/h3>\n<\/div><div class=\"fusion-text\"><p>El Departamento cuenta con un Laboratorio equipado con m\u00e1quinas de \u00faltima generaci\u00f3n para ensayos estructurales, as\u00ed como de un servicio de impresi\u00f3n 3D<\/p>\n<\/div><div class=\"fusion-button-wrapper\"><style type=\"text\/css\" scoped=\"scoped\">.fusion-button.button-1 .fusion-button-text, .fusion-button.button-1 i {color:#ffffff;}.fusion-button.button-1 {border-width:1px;border-color:#ffffff;}.fusion-button.button-1 .fusion-button-icon-divider{border-color:#ffffff;}.fusion-button.button-1:hover .fusion-button-text, .fusion-button.button-1:hover i,.fusion-button.button-1:focus .fusion-button-text, .fusion-button.button-1:focus i,.fusion-button.button-1:active .fusion-button-text, .fusion-button.button-1:active{color:#ffffff;}.fusion-button.button-1:hover, .fusion-button.button-1:focus, .fusion-button.button-1:active{border-width:1px;border-color:#ffffff;}.fusion-button.button-1:hover .fusion-button-icon-divider, .fusion-button.button-1:hover .fusion-button-icon-divider, .fusion-button.button-1:active .fusion-button-icon-divider{border-color:#ffffff;}.fusion-button.button-1{background: #1e73be;}.fusion-button.button-1:hover,.button-1:focus,.fusion-button.button-1:active{background: #145291;}.fusion-button.button-1{width:auto;}<\/style><a class=\"fusion-button button-flat fusion-button-round button-large button-custom button-1\" target=\"_blank\" rel=\"noopener noreferrer\" title=\"P\u00e1gina web del Laboratorio\" href=\"https:\/\/www1.caminos.upm.es\/estructural\/laboratorio-estructuras\/\"><span class=\"fusion-button-text\">P\u00e1gina web del Laboratorio<\/span><\/a><\/div><div class=\"fusion-clearfix\"><\/div>\n\n\t\t\t\t\t<\/div>\n\t\t\t\t<\/div><\/div><\/div>\n","protected":false},"excerpt":{"rendered":"","protected":false},"author":2,"featured_media":0,"parent":0,"menu_order":0,"comment_status":"closed","ping_status":"closed","template":"","meta":[],"_links":{"self":[{"href":"http:\/\/www1.caminos.upm.es\/estructuras2\/wp-json\/wp\/v2\/pages\/1911"}],"collection":[{"href":"http:\/\/www1.caminos.upm.es\/estructuras2\/wp-json\/wp\/v2\/pages"}],"about":[{"href":"http:\/\/www1.caminos.upm.es\/estructuras2\/wp-json\/wp\/v2\/types\/page"}],"author":[{"embeddable":true,"href":"http:\/\/www1.caminos.upm.es\/estructuras2\/wp-json\/wp\/v2\/users\/2"}],"replies":[{"embeddable":true,"href":"http:\/\/www1.caminos.upm.es\/estructuras2\/wp-json\/wp\/v2\/comments?post=1911"}],"version-history":[{"count":27,"href":"http:\/\/www1.caminos.upm.es\/estructuras2\/wp-json\/wp\/v2\/pages\/1911\/revisions"}],"predecessor-version":[{"id":4178,"href":"http:\/\/www1.caminos.upm.es\/estructuras2\/wp-json\/wp\/v2\/pages\/1911\/revisions\/4178"}],"wp:attachment":[{"href":"http:\/\/www1.caminos.upm.es\/estructuras2\/wp-json\/wp\/v2\/media?parent=1911"}],"curies":[{"name":"wp","href":"https:\/\/api.w.org\/{rel}","templated":true}]}}