{"id":1164,"date":"2016-07-21T20:38:44","date_gmt":"2016-07-21T20:38:44","guid":{"rendered":"http:\/\/mmc.cloudaccess.host\/?page_id=1164"},"modified":"2025-09-24T07:00:14","modified_gmt":"2025-09-24T07:00:14","slug":"directorio","status":"publish","type":"page","link":"http:\/\/www1.caminos.upm.es\/estructuras2\/es\/directorio\/","title":{"rendered":"Directorio"},"content":{"rendered":"<p><div class=\"fusion-fullwidth fullwidth-box nonhundred-percent-fullwidth non-hundred-percent-height-scrolling\"  style='background-color: rgba(255,255,255,0);background-position: left top;background-repeat: no-repeat;padding-top:0px;padding-right:0px;padding-bottom:0px;padding-left:0px;border-top-width:0px;border-bottom-width:0px;border-color:#eae9e9;border-top-style:solid;border-bottom-style:solid;'><div class=\"fusion-builder-row fusion-row \"><div  class=\"fusion-layout-column fusion_builder_column fusion_builder_column_1_1 fusion-builder-column-1 fusion-one-full fusion-column-first fusion-column-last fusion-column-no-min-height 1_1\"  style='margin-top:0px;margin-bottom:0px;'>\n\t\t\t\t\t<div class=\"fusion-column-wrapper\" style=\"background-position:left top;background-repeat:no-repeat;-webkit-background-size:cover;-moz-background-size:cover;-o-background-size:cover;background-size:cover;\"   data-bg-url=\"\">\n\t\t\t\t\t\t<div class=\"fusion-menu-anchor\" id=\"docente\"><\/div><div class=\"fusion-sep-clear\"><\/div><div class=\"fusion-separator fusion-full-width-sep sep-single sep-solid\" style=\"border-color:#1e73be;border-top-width:5px;margin-left: auto;margin-right: auto;margin-top:0px;margin-bottom:0px;\"><\/div><div class=\"fusion-clearfix\"><\/div>\n\n\t\t\t\t\t<\/div>\n\t\t\t\t<\/div><div  class=\"fusion-layout-column fusion_builder_column fusion_builder_column_1_1 fusion-builder-column-2 fusion-one-full fusion-column-first fusion-column-last fusion-blend-mode 1_1\"  style='margin-top:0px;margin-bottom:20px;'>\n\t\t\t\t\t<div class=\"fusion-column-wrapper\" style=\"background-color:#ffffff;border:1px solid #e2e2e2;padding: 10px 60px 20px 60px;background-position:left top;background-repeat:no-repeat;-webkit-background-size:cover;-moz-background-size:cover;-o-background-size:cover;background-size:cover;\"   data-bg-url=\"\">\n\t\t\t\t\t\t<div class=\"fusion-text\"><h3>Personal docente e investigador<\/h3>\n<\/div><div class=\"fusion-sep-clear\"><\/div><div class=\"fusion-separator fusion-full-width-sep sep-none\" style=\"margin-left: auto;margin-right: auto;margin-top:20px;\"><\/div><div class=\"fusion-text\"><div class=\"table-1\">\n<table width=\"100%\">\n<thead>\n<tr>\n<th align=\"left\">Apellidos y nombre<\/th>\n<th align=\"left\">Categor\u00eda<\/th>\n<th align=\"left\">Unidad docente<\/th>\n<th align=\"left\">Grupo de investigaci\u00f3n<\/th>\n<th align=\"left\">Despacho<\/th>\n<th align=\"left\">E-mail<\/th>\n<\/tr>\n<\/thead>\n<tbody>\n<tr>\n<td>Arribas Montejo, Juan Jos\u00e9<\/td>\n<td>PC<\/td>\n<td>Mec\u00e1nica<\/td>\n<td><a href=\"http:\/\/gmc.mecanica.upm.es\" target=\"_blank\" rel=\"noopener noreferrer\">Grupo de Mec\u00e1nica Computacional<\/a><\/td>\n<td>Lab. Mec\u00e1nica Computacional<\/td>\n<td>juanjose.arribas@upm.es<\/td>\n<\/tr>\n<tr>\n<td>Arrieta Torrealba, Jos\u00e9 M.<\/td>\n<td>TU<\/td>\n<td>C\u00e1lculo Estructuras<\/td>\n<td><\/td>\n<td>Planta 9<\/td>\n<td>josemaria.arrieta@upm.es<\/td>\n<\/tr>\n<tr>\n<td>Blanco Ib\u00e1\u00f1ez, Sergio<\/td>\n<td>PCD<\/td>\n<td>Mec\u00e1nica<\/td>\n<td><a href=\"http:\/\/gmc.mecanica.upm.es\" target=\"_blank\" rel=\"noopener noreferrer\">Grupo de Mec\u00e1nica Computacional<\/a><\/td>\n<td>Planta 1<\/td>\n<td>sergio.blanco@upm.es<\/td>\n<\/tr>\n<tr>\n<td>Calvo Plaza, Francisco Jos\u00e9<\/td>\n<td>As<\/td>\n<td>Mec\u00e1nica<\/td>\n<td><a href=\"http:\/\/gmc.mecanica.upm.es\" target=\"_blank\" rel=\"noopener noreferrer\">Grupo de Mec\u00e1nica Computacional<\/a><\/td>\n<td><\/td>\n<td>francisco.calvo@upm.es<\/td>\n<\/tr>\n<tr>\n<td>C\u00e1mara Casado, Alfredo<\/td>\n<td>TU<\/td>\n<td>Puentes<\/td>\n<td><\/td>\n<td>Planta 9<\/td>\n<td>alfredo.camara@upm.es<\/td>\n<\/tr>\n<tr>\n<td>Carnerero Ruiz, Antonio<\/td>\n<td>As<\/td>\n<td>C\u00e1lculo Estructuras<\/td>\n<td><\/td>\n<td><\/td>\n<td>antonio.carnerero@upm.es<\/td>\n<\/tr>\n<tr>\n<td>Corral Domenge, Mar<\/td>\n<td>PA<\/td>\n<td>Hormig\u00f3n<\/td>\n<td><\/td>\n<td>Lab. Estructuras<\/td>\n<td>mar.corral.domenge@upm.es<\/td>\n<\/tr>\n<tr>\n<td>Fern\u00e1ndez Montes, David<\/td>\n<td>As<\/td>\n<td>Resistencia de<br \/>\nMateriales<\/td>\n<td><\/td>\n<td><\/td>\n<td>david.fernandez.montes@upm.es<\/td>\n<\/tr>\n<tr>\n<td>Fern\u00e1ndez Ruiz, Miguel<\/td>\n<td>CU<\/td>\n<td>C\u00e1lculo Estructuras<\/td>\n<td><a href=\"http:\/\/www1.caminos.upm.es\/estructural\" target=\"_blank\" rel=\"noopener noreferrer\">Grupo de Ingenier\u00eda Estructural<\/a><\/td>\n<td>Lab. Estructuras<\/td>\n<td>miguel.fernadezruiz@upm.es<\/td>\n<\/tr>\n<tr>\n<td>Ferreras Eleta, Roman<\/td>\n<td>TEU<\/td>\n<td><\/td>\n<td><\/td>\n<td><\/td>\n<td>roman.ferreras@upm.es<\/td>\n<\/tr>\n<tr>\n<td>Gabald\u00f3n Castillo, Felipe<\/td>\n<td>TU<\/td>\n<td>Mec\u00e1nica<\/td>\n<td><a href=\"http:\/\/gmc.mecanica.upm.es\" target=\"_blank\" rel=\"noopener noreferrer\">Grupo de Mec\u00e1nica Computacional<\/a><\/td>\n<td>Lab. Mec\u00e1nica Computacional<\/td>\n<td>felipe.gabaldon@upm.es<\/td>\n<\/tr>\n<tr>\n<td>Garc\u00eda Orden, Juan Carlos<\/td>\n<td>CU<\/td>\n<td>\u00a0Mec\u00e1nica<\/td>\n<td><a href=\"http:\/\/gmc.mecanica.upm.es\" target=\"_blank\" rel=\"noopener noreferrer\">Grupo de Mec\u00e1nica Computacional<\/a><\/td>\n<td>Lab. Mec\u00e1nica Computacional<\/td>\n<td>juancarlos.garcia@upm.es<\/td>\n<\/tr>\n<tr>\n<td>Goicolea Ruig\u00f3mez, Jos\u00e9 M\u00aa<\/td>\n<td>PEC<\/td>\n<td>\u00a0Mec\u00e1nica<\/td>\n<td><a href=\"http:\/\/gmc.mecanica.upm.es\" target=\"_blank\" rel=\"noopener noreferrer\">Grupo de Mec\u00e1nica Computacional<\/a><\/td>\n<td>Planta 9<\/td>\n<td>jose.goicolea@upm.es<\/td>\n<\/tr>\n<tr>\n<td>Izquierdo L\u00f3pez, David<\/td>\n<td>As<\/td>\n<td>C\u00e1lculo Estructuras<\/td>\n<td><\/td>\n<td><\/td>\n<td>david.izquierdo@upm.es<\/td>\n<\/tr>\n<tr>\n<td>Madrid Ramos, Antonio<\/td>\n<td>As<\/td>\n<td>Resistencia de<br \/>\nMateriales<\/td>\n<td><a href=\"http:\/\/www1.caminos.upm.es\/estructural\" target=\"_blank\" rel=\"noopener noreferrer\">Grupo de Ingenier\u00eda Estructural<\/a><\/td>\n<td>Lab. Estructuras<\/td>\n<td>antoniojose.madrid@upm.es<\/td>\n<\/tr>\n<tr>\n<td>Madrid Ramos, Mercedes<\/td>\n<td>As<\/td>\n<td>C\u00e1lculo Estructuras<\/td>\n<td><\/td>\n<td><\/td>\n<td>mariamercedes.madrid@upm.es<\/td>\n<\/tr>\n<tr>\n<td>Manzanal, Diego G.<\/td>\n<td>TU<\/td>\n<td>Puentes<\/td>\n<td><a href=\"http:\/\/gmc.mecanica.upm.es\" target=\"_blank\" rel=\"noopener noreferrer\">Grupo de Mec\u00e1nica Computacional<\/a><\/td>\n<td>Planta 6<\/td>\n<td>d.manzanal@upm.es<\/td>\n<\/tr>\n<tr>\n<td>Martin de la Concha Renedo, Carlos<\/td>\n<td>PA<\/td>\n<td>Resistencia de Materiales<\/td>\n<td><a href=\"http:\/\/www1.caminos.upm.es\/estructural\" target=\"_blank\" rel=\"noopener noreferrer\">Grupo de Ingenier\u00eda Estructural<\/a><\/td>\n<td>Lab. Estructuras<\/td>\n<td>carlos.martindelaconcha@upm.es<\/td>\n<\/tr>\n<tr>\n<td>Mart\u00ednez Cutillas, Antonio<\/td>\n<td>TU<\/td>\n<td>Puentes<\/td>\n<td><\/td>\n<td>Planta 9<\/td>\n<td>a.martinez.cutillas@upm.es<\/td>\n<\/tr>\n<tr>\n<td>Mart\u00ednez Cutillas, Francisco<\/td>\n<td>TU<\/td>\n<td>Mec\u00e1nica<\/td>\n<td height=\"21\"><a href=\"http:\/\/gmc.mecanica.upm.es\" target=\"_blank\" rel=\"noopener noreferrer\">Grupo de Mec\u00e1nica Computacional<\/a><\/td>\n<td>Planta 9<\/td>\n<td>francisco.martinez@upm.es<\/td>\n<\/tr>\n<tr>\n<td>Matute Rubio, Luis<\/td>\n<td>As<\/td>\n<td>Estructuras Met\u00e1licas<\/td>\n<td><\/td>\n<td><\/td>\n<td>luis.matute@upm.es<\/td>\n<\/tr>\n<tr>\n<td>Molinos P\u00e9rez, Miguel<\/td>\n<td>PA<\/td>\n<td>Mec\u00e1nica<\/td>\n<td><\/td>\n<td>Planta 9<\/td>\n<td>m.molinos@upm.es<\/td>\n<\/tr>\n<tr>\n<td>Mosquera Feij\u00f3o, Juan Carlos<\/td>\n<td>TU<\/td>\n<td>Resistencia de<br \/>\nMateriales<\/td>\n<td><a href=\"http:\/\/www1.caminos.upm.es\/estructural\" target=\"_blank\" rel=\"noopener noreferrer\">Grupo de Ingenier\u00eda<br \/>\nEstructural<\/a><\/td>\n<td>Lab. Sistemas Inteligentes<\/td>\n<td>juancarlos.mosquera@upm.es<\/td>\n<\/tr>\n<tr>\n<td>Mu\u00f1oz D\u00edaz, Iv\u00e1n<\/td>\n<td>CU<\/td>\n<td>Resistencia de Materiales<\/td>\n<td><a href=\"http:\/\/www1.caminos.upm.es\/estructural\" target=\"_blank\" rel=\"noopener noreferrer\">Grupo de Ingenier\u00eda Estructural<\/a><\/td>\n<td>Lab. Estructuras<\/td>\n<td>ivan.munoz@upm.es<\/td>\n<\/tr>\n<tr>\n<td>Navas Almod\u00f3var, Pedro<\/td>\n<td>PCD<\/td>\n<td>Mec\u00e1nica<\/td>\n<td><a href=\"http:\/\/gmc.mecanica.upm.es\" target=\"_blank\" rel=\"noopener noreferrer\">Grupo de Mec\u00e1nica Computacional<\/a><\/td>\n<td>1.15<\/td>\n<td>pedro.navas@upm.es<\/td>\n<\/tr>\n<tr>\n<td>Nicol\u00e1s Pazo, Manuel Alejandro<\/td>\n<td>As<\/td>\n<td>Hormig\u00f3n<\/td>\n<td><\/td>\n<td><\/td>\n<td>manuelalejandro.nicolas@upm.es<\/td>\n<\/tr>\n<tr>\n<td>Ortega Cornejo, Miguel<\/td>\n<td>As<\/td>\n<td>Estructuras Met\u00e1licas<\/td>\n<td><\/td>\n<td><\/td>\n<td>miguel.ortega@upm.es<\/td>\n<\/tr>\n<tr>\n<td>Pascual Santos, Javier<\/td>\n<td>TUI<\/td>\n<td>Estructuras Met\u00e1licas<\/td>\n<td><\/td>\n<td><\/td>\n<td>javier.pascual@upm.es<\/td>\n<\/tr>\n<tr>\n<td>P\u00e9rez Caldentey, Alejandro<\/td>\n<td>TU<\/td>\n<td>Hormig\u00f3n<\/td>\n<td><a href=\"http:\/\/www1.caminos.upm.es\/estructural\" target=\"_blank\" rel=\"noopener noreferrer\">Grupo de Ingenier\u00eda Estructural<\/a><\/td>\n<td>Lab. Estructuras<\/td>\n<td>alejandro.perezc@upm.es<\/td>\n<\/tr>\n<tr>\n<td>Plaza Beltr\u00e1n, Luis<\/td>\n<td>As<\/td>\n<td>Resistencia de<br \/>\nMateriales<\/td>\n<td><\/td>\n<td>Lab. Estructuras<\/td>\n<td>luis.plaza.beltran@upm.es<\/td>\n<\/tr>\n<tr>\n<td>Reg\u00falez P\u00e9rez, Borja<\/td>\n<td>As<\/td>\n<td>Hormig\u00f3n<\/td>\n<td><\/td>\n<td>Lab. Estructuras<\/td>\n<td>borja.regulez@upm.es<\/td>\n<\/tr>\n<tr>\n<td>Ripa Alonso, Tom\u00e1s L.<\/td>\n<td>As<\/td>\n<td>Estructuras Met\u00e1licas<\/td>\n<td><\/td>\n<td><\/td>\n<td>tomasluis.ripa@upm.es<\/td>\n<\/tr>\n<tr>\n<td>Sanz-Diez de Ulzurrun Casals, Gonzalo<\/td>\n<td>PAD<\/td>\n<td>Estructuras Met\u00e1licas<\/td>\n<td><a href=\"http:\/\/www1.caminos.upm.es\/estructural\" target=\"_blank\" rel=\"noopener noreferrer\">Grupo de Ingenier\u00eda Estructural<\/a><\/td>\n<td>Lab. Estructuras<\/td>\n<td>g.ulzurrun@upm.es<\/td>\n<\/tr>\n<tr>\n<td>Sanz Rubio, Alberto<\/td>\n<td>As<\/td>\n<td>Resistencia de Materiales<\/td>\n<td><\/td>\n<td><\/td>\n<td>alberto.sanzr@upm.es<\/td>\n<\/tr>\n<tr>\n<td>Serrano Corral, \u00c1lvaro<\/td>\n<td>As<\/td>\n<td>Estructuras Met\u00e1licas<\/td>\n<td><\/td>\n<td><\/td>\n<td>alvaro.serrano@upm.es<\/td>\n<\/tr>\n<tr>\n<td>Sim\u00f3n-Talero Mu\u00f1oz, Jos\u00e9 Manuel<\/td>\n<td>As<\/td>\n<td>Puentes<\/td>\n<td><a href=\"http:\/\/www1.caminos.upm.es\/estructural\" target=\"_blank\" rel=\"noopener noreferrer\">Grupo de Ingenier\u00eda Estructural<\/a><\/td>\n<td>\u00a0Planta 9<\/td>\n<td>jm.simon-talero@upm.es<\/td>\n<\/tr>\n<tr>\n<td>Soria Herrera, Jos\u00e9 Manuel<\/td>\n<td>PAD<\/td>\n<td>Resistencia de Materiales<\/td>\n<td><a href=\"http:\/\/www1.caminos.upm.es\/estructural\" target=\"_blank\" rel=\"noopener noreferrer\">Grupo de Ingenier\u00eda Estructural<\/a><\/td>\n<td>Planta 9<\/td>\n<td>jm.soria@upm.es<\/td>\n<\/tr>\n<tr>\n<td>Tarque Ruiz, Sabino Nicola<\/td>\n<td>PAD<\/td>\n<td>Estructuras<\/td>\n<td><\/td>\n<td>Lab. Estructuras<\/td>\n<td>nicola.tarque@upm.es<\/td>\n<\/tr>\n<tr>\n<td>Todisco, Leonardo<\/td>\n<td>PCD<\/td>\n<td>Hormig\u00f3n<\/td>\n<td><a href=\"http:\/\/www1.caminos.upm.es\/estructural\" target=\"_blank\" rel=\"noopener noreferrer\">Grupo de Ingenier\u00eda Estructural<\/a><\/td>\n<td>Lab. Estructuras<\/td>\n<td>leonardo.todisco@upm.es<\/td>\n<\/tr>\n<tr>\n<td>Yag\u00fce Hern\u00e1n, Angel<\/td>\n<td>PCD<\/td>\n<td>Mec\u00e1nica<\/td>\n<td><a href=\"http:\/\/gmc.mecanica.upm.es\" target=\"_blank\" rel=\"noopener noreferrer\">Grupo de Mec\u00e1nica Computacional<\/a><\/td>\n<td>Planta 9<\/td>\n<td>angel.yague@upm.es<\/td>\n<\/tr>\n<tr>\n<td>Zanuy S\u00e1nchez, Carlos<\/td>\n<td>CU<\/td>\n<td>Resistencia de<br \/>\nMateriales<\/td>\n<td><a href=\"http:\/\/www1.caminos.upm.es\/estructural\" target=\"_blank\" rel=\"noopener noreferrer\">Grupo de Ingenier\u00eda Estructural<\/a><\/td>\n<td>Lab. Estructuras<\/td>\n<td>carlos.zanuy@upm.es<\/td>\n<\/tr>\n<\/tbody>\n<\/table>\n<\/div>\n<\/div><div class=\"fusion-sep-clear\"><\/div><div class=\"fusion-separator fusion-full-width-sep sep-none\" style=\"margin-left: auto;margin-right: auto;margin-top:20px;\"><\/div><div class=\"fusion-text\"><p><span style=\"color: #1e73be;\"><strong><span style=\"text-decoration: underline;\">Leyenda:<\/span><\/strong><\/span> CU: Catedr\u00e1tico de Universidad, TU: Profesor Titular de Universidad, TUI: Profesor Titular Interino, TEU: Profesor Titular Escuela Universitaria, PCD: Profesor Contratado Doctor, PAD: Profesor Ayudante Doctor, PA: Profesor Ayudante, PC: Profesor Colaborador, As: Asociado, Em: Profesor Em\u00e9rito, PI: Profesor invitado, Ivd: Investigador con &#8220;venia docendi&#8221;, PadH: Profesor &#8220;ad honorem&#8221;, PEC: Profesor Em\u00e9rito Contratado<\/p>\n<\/div><div class=\"fusion-clearfix\"><\/div>\n\n\t\t\t\t\t<\/div>\n\t\t\t\t<\/div><div  class=\"fusion-layout-column fusion_builder_column fusion_builder_column_1_1 fusion-builder-column-3 fusion-one-full fusion-column-first fusion-column-last fusion-column-no-min-height 1_1\"  style='margin-top:0px;margin-bottom:0px;'>\n\t\t\t\t\t<div class=\"fusion-column-wrapper\" style=\"background-position:left top;background-repeat:no-repeat;-webkit-background-size:cover;-moz-background-size:cover;-o-background-size:cover;background-size:cover;\"   data-bg-url=\"\">\n\t\t\t\t\t\t<div class=\"fusion-sep-clear\"><\/div><div class=\"fusion-separator fusion-full-width-sep sep-none\" style=\"margin-left: auto;margin-right: auto;margin-top:;\"><\/div><div class=\"fusion-clearfix\"><\/div>\n\n\t\t\t\t\t<\/div>\n\t\t\t\t<\/div><\/div><\/div><div class=\"fusion-fullwidth fullwidth-box nonhundred-percent-fullwidth non-hundred-percent-height-scrolling\"  style='background-color: rgba(255,255,255,0);background-position: left top;background-repeat: no-repeat;padding-top:15px;padding-right:0px;padding-bottom:0px;padding-left:0px;border-top-width:0px;border-bottom-width:0px;border-color:#eae9e9;border-top-style:solid;border-bottom-style:solid;'><div class=\"fusion-builder-row fusion-row \"><div  class=\"fusion-layout-column fusion_builder_column fusion_builder_column_1_1 fusion-builder-column-4 fusion-one-full fusion-column-first fusion-column-last fusion-column-no-min-height 1_1\"  style='margin-top:0px;margin-bottom:0px;'>\n\t\t\t\t\t<div class=\"fusion-column-wrapper\" style=\"background-position:left top;background-repeat:no-repeat;-webkit-background-size:cover;-moz-background-size:cover;-o-background-size:cover;background-size:cover;\"   data-bg-url=\"\">\n\t\t\t\t\t\t<div class=\"fusion-menu-anchor\" id=\"investigador\"><\/div><div class=\"fusion-sep-clear\"><\/div><div class=\"fusion-separator fusion-full-width-sep sep-single sep-solid\" style=\"border-color:#1e73be;border-top-width:5px;margin-left: auto;margin-right: auto;margin-top:0px;margin-bottom:0px;\"><\/div><div class=\"fusion-clearfix\"><\/div>\n\n\t\t\t\t\t<\/div>\n\t\t\t\t<\/div><div  class=\"fusion-layout-column fusion_builder_column fusion_builder_column_1_1 fusion-builder-column-5 fusion-one-full fusion-column-first fusion-column-last fusion-blend-mode 1_1\"  style='margin-top:0px;margin-bottom:20px;'>\n\t\t\t\t\t<div class=\"fusion-column-wrapper\" style=\"background-color:#ffffff;border:1px solid #e2e2e2;padding: 10px 60px 20px 60px;background-position:left top;background-repeat:no-repeat;-webkit-background-size:cover;-moz-background-size:cover;-o-background-size:cover;background-size:cover;\"   data-bg-url=\"\">\n\t\t\t\t\t\t<div class=\"fusion-text\"><h3>Personal investigador<\/h3>\n<\/div><div class=\"fusion-text\"><p>La informaci\u00f3n actualizada de los investigadores en formaci\u00f3n, becarios y colaboradores se encuentra en la p\u00e1gina de cada <a href=\"http:\/\/www1.caminos.upm.es\/estructuras2\/es\/investigacion\/\">grupo de investigaci\u00f3n<\/a>.<\/p>\n<\/div><div class=\"fusion-sep-clear\"><\/div><div class=\"fusion-separator fusion-full-width-sep sep-none\" style=\"margin-left: auto;margin-right: auto;margin-top:0px;\"><\/div><div class=\"fusion-clearfix\"><\/div>\n\n\t\t\t\t\t<\/div>\n\t\t\t\t<\/div><\/div><\/div><div class=\"fusion-fullwidth fullwidth-box nonhundred-percent-fullwidth non-hundred-percent-height-scrolling\"  style='background-color: rgba(255,255,255,0);background-position: left top;background-repeat: no-repeat;padding-top:15px;padding-right:0px;padding-bottom:10px;padding-left:0px;border-top-width:0px;border-bottom-width:0px;border-color:#eae9e9;border-top-style:solid;border-bottom-style:solid;'><div class=\"fusion-builder-row fusion-row \"><div  class=\"fusion-layout-column fusion_builder_column fusion_builder_column_1_1 fusion-builder-column-6 fusion-one-full fusion-column-first fusion-column-last fusion-column-no-min-height 1_1\"  style='margin-top:0px;margin-bottom:0px;'>\n\t\t\t\t\t<div class=\"fusion-column-wrapper\" style=\"background-position:left top;background-repeat:no-repeat;-webkit-background-size:cover;-moz-background-size:cover;-o-background-size:cover;background-size:cover;\"   data-bg-url=\"\">\n\t\t\t\t\t\t<div class=\"fusion-menu-anchor\" id=\"administracion\"><\/div><div class=\"fusion-sep-clear\"><\/div><div class=\"fusion-separator fusion-full-width-sep sep-single sep-solid\" style=\"border-color:#1e73be;border-top-width:5px;margin-left: auto;margin-right: auto;margin-top:0px;margin-bottom:0px;\"><\/div><div class=\"fusion-clearfix\"><\/div>\n\n\t\t\t\t\t<\/div>\n\t\t\t\t<\/div><div  class=\"fusion-layout-column fusion_builder_column fusion_builder_column_1_1 fusion-builder-column-7 fusion-one-full fusion-column-first fusion-column-last fusion-blend-mode 1_1\"  style='margin-top:0px;margin-bottom:20px;'>\n\t\t\t\t\t<div class=\"fusion-column-wrapper\" style=\"background-color:#ffffff;border:1px solid #e2e2e2;padding: 10px 60px 20px 60px;background-position:left top;background-repeat:no-repeat;-webkit-background-size:cover;-moz-background-size:cover;-o-background-size:cover;background-size:cover;\"   data-bg-url=\"\">\n\t\t\t\t\t\t<div class=\"fusion-text\"><h3>Personal de administraci\u00f3n y servicios<\/h3>\n<\/div><div class=\"fusion-sep-clear\"><\/div><div class=\"fusion-separator fusion-full-width-sep sep-none\" style=\"margin-left: auto;margin-right: auto;margin-top:20px;\"><\/div><div class=\"fusion-text\"><div class=\"table-1\">\n<table style=\"height: 147px;\" width=\"840\">\n<thead>\n<tr>\n<th align=\"left\">Apellidos y nombre<\/th>\n<th align=\"left\">Funci\u00f3n<\/th>\n<th align=\"left\">Localizaci\u00f3n<\/th>\n<\/tr>\n<\/thead>\n<tbody>\n<tr>\n<td>Garc\u00eda Mart\u00edn, Isidro<\/td>\n<td>T\u00e9cnico de laboratorio<\/td>\n<td>Lab. Estructuras<\/td>\n<\/tr>\n<tr>\n<td>Pe\u00f1a Cobos, Miguel \u00c1ngel<\/td>\n<td>T\u00e9cnico de laboratorio<\/td>\n<td>Lab. Estructuras<\/td>\n<\/tr>\n<tr>\n<td>del Valle Carrasco, Hugo<\/td>\n<td>Administraci\u00f3n<\/td>\n<td>Lab. Estructuras<\/td>\n<\/tr>\n<\/tbody>\n<\/table>\n<\/div>\n<\/div><div class=\"fusion-clearfix\"><\/div>\n\n\t\t\t\t\t<\/div>\n\t\t\t\t<\/div><div  class=\"fusion-layout-column fusion_builder_column fusion_builder_column_1_1 fusion-builder-column-8 fusion-one-full fusion-column-first fusion-column-last fusion-column-no-min-height 1_1\"  style='margin-top:0px;margin-bottom:0px;'>\n\t\t\t\t\t<div class=\"fusion-column-wrapper\" style=\"background-position:left top;background-repeat:no-repeat;-webkit-background-size:cover;-moz-background-size:cover;-o-background-size:cover;background-size:cover;\"   data-bg-url=\"\">\n\t\t\t\t\t\t<div class=\"fusion-sep-clear\"><\/div><div class=\"fusion-separator fusion-full-width-sep sep-none\" style=\"margin-left: auto;margin-right: auto;margin-top:;\"><\/div><div class=\"fusion-clearfix\"><\/div>\n\n\t\t\t\t\t<\/div>\n\t\t\t\t<\/div><\/div><\/div><\/p>\n","protected":false},"excerpt":{"rendered":"","protected":false},"author":1,"featured_media":0,"parent":0,"menu_order":0,"comment_status":"closed","ping_status":"closed","template":"","meta":[],"_links":{"self":[{"href":"http:\/\/www1.caminos.upm.es\/estructuras2\/wp-json\/wp\/v2\/pages\/1164"}],"collection":[{"href":"http:\/\/www1.caminos.upm.es\/estructuras2\/wp-json\/wp\/v2\/pages"}],"about":[{"href":"http:\/\/www1.caminos.upm.es\/estructuras2\/wp-json\/wp\/v2\/types\/page"}],"author":[{"embeddable":true,"href":"http:\/\/www1.caminos.upm.es\/estructuras2\/wp-json\/wp\/v2\/users\/1"}],"replies":[{"embeddable":true,"href":"http:\/\/www1.caminos.upm.es\/estructuras2\/wp-json\/wp\/v2\/comments?post=1164"}],"version-history":[{"count":113,"href":"http:\/\/www1.caminos.upm.es\/estructuras2\/wp-json\/wp\/v2\/pages\/1164\/revisions"}],"predecessor-version":[{"id":4157,"href":"http:\/\/www1.caminos.upm.es\/estructuras2\/wp-json\/wp\/v2\/pages\/1164\/revisions\/4157"}],"wp:attachment":[{"href":"http:\/\/www1.caminos.upm.es\/estructuras2\/wp-json\/wp\/v2\/media?parent=1164"}],"curies":[{"name":"wp","href":"https:\/\/api.w.org\/{rel}","templated":true}]}}